{"id":2647,"date":"2018-09-07T07:29:21","date_gmt":"2018-09-07T06:29:21","guid":{"rendered":"https:\/\/stromerzeuger-ankauf.de\/stromerzeuger-ankauf\/"},"modified":"2024-08-09T10:50:54","modified_gmt":"2024-08-09T09:50:54","slug":"indkoeb-af-el-generatorer","status":"publish","type":"page","link":"https:\/\/stromerzeuger-ankauf.de\/da\/","title":{"rendered":"Indk\u00f8b af el-generatorer"},"content":{"rendered":"\n<h4 class=\"wp-block-heading\" id=\"h-fur-unsere-weltweite-kundschaft-suchen-wir-standig-nach-gebrauchten-dampfturbinen-gasturbinen-bhkws-notstromaggregaten-und-kraftwerken-zum-ankauf\">Vi er konstant p\u00e5 udkig efter brugte dampturbiner, gasturbiner, kraftvarmev\u00e6rker, n\u00f8dgeneratorer og kraftv\u00e6rker til indk\u00f8b til vores globale kunder.<\/h4>\n\n<p>Hos Kandlin Stromerzeuger &#8211; Ankauf GmbH tilbyder vi p\u00e5lideligt demontering og indk\u00f8b af kraftvarmev\u00e6rker og andre kraftgeneratorer. Takket v\u00e6re omfattende lagerkapaciteter i K\u00f6ln og Bergisch-Gladbach, samt over 20 \u00e5rs erfaring med vanskelige\/hastende projekter, er vi den rette partner for dig. S\u00e5 hvis du gerne vil s\u00e6lge str\u00f8mgeneratorer, er du velkommen til at kontakte os.<\/p>\n\n<h4 class=\"wp-block-heading\" id=\"h-was-wir-momentan-bevorzugt-kaufen\">Hvad vi foretr\u00e6kker at k\u00f8be i \u00f8jeblikket:<\/h4>\n\n<ul class=\"wp-block-list\">\n<li>Brugte <a href=\"https:\/\/stromerzeuger-ankauf.de\/da\/indkoeb-af-dampturbiner\/\">dampturbiner<\/a> i alle kapaciteter fra 1970&#8217;erne og frem.<br\/><\/li>\n\n\n\n<li>brugte elgeneratorer, <a href=\"https:\/\/stromerzeuger-ankauf.de\/da\/indkoeb-af-kraftvarmevaerker\/\">kraftvarmev\u00e6rker<\/a> , <a href=\"https:\/\/stromerzeuger-ankauf.de\/da\/koeb-af-gasturbine\/\">gasturbiner<\/a> og <a href=\"https:\/\/stromerzeuger-ankauf.de\/da\/ankauf-dieselgeneratoren\/\">n\u00f8dstr\u00f8msgeneratorer<\/a> med en samlet effekt p\u00e5 300 KWel. *<br\/><\/li>\n\n\n\n<li>Dampkedler op til 20 \u00e5r gamle, mindst 15 MW st\u00e6rke.<\/li>\n<\/ul>\n\n<p>Mere information p\u00e5 vores <a href=\"https:\/\/stromerzeuger-ankauf.de\/da\/indkoeb\/\">K\u00f8b\/Demonter side<\/a> .<\/p>\n\n<p>Vi anbefaler at rapportere en str\u00f8mforsyningsnedlukning s\u00e5 tidligt som muligt. Dette giver mulighed for at forts\u00e6tte med at s\u00e6lge fra lokationen p\u00e5 en omkostningsbesparende m\u00e5de og for at kunne planl\u00e6gge bedre.<\/p>\n\n<p>Tommelfingerregel: Jo l\u00e6ngere tid el-generatoren kan blive p\u00e5 stedet efter kontrakten er underskrevet, jo mere kan vi betale! <\/p>\n\n<p>De fleste af vores opk\u00f8b er dog altid &#8220;quick exits&#8221;, som vi internt kalder tidskritiske systemer. <\/p>\n\n<p>S\u00e5 hvis alle fors\u00f8g p\u00e5 m\u00e6gling er mislykkedes, og nedrivningsgravemaskinerne allerede tuder, s\u00e5 ring til os. Vi er godt forberedt p\u00e5 din n\u00f8dsituation. Betal i morgen og demonter i overmorgen er vores styrke.<\/p>\n\n<hr class=\"wp-block-separator has-alpha-channel-opacity\"\/>\n\n<p>* Is\u00e6r kraftvarmev\u00e6rker og str\u00f8mgeneratorer fra markedslederne <a href=\"https:\/\/www.jenbacher.com\/de\" target=\"_blank\" rel=\"noreferrer noopener\">Jenbacher<\/a> eller <a href=\"https:\/\/www.mwm.net\/\" target=\"_blank\" rel=\"noreferrer noopener\">MWM<\/a><\/p>\n\n<figure class=\"wp-block-gallery has-nested-images columns-default is-cropped wp-block-gallery-2 is-layout-flex wp-block-gallery-is-layout-flex\">\n<figure class=\"wp-block-image size-large\"><img loading=\"lazy\" decoding=\"async\" width=\"1440\" height=\"1080\" data-id=\"1614\" src=\"https:\/\/stromerzeuger-ankauf.de\/wp-content\/uploads\/2023\/07\/Waertsilae-16V25SG-BHKW14.jpg\" alt=\"Indk&#xF8;b af kraftvarmev&#xE6;rker til gas\" class=\"wp-image-1614\"\/><figcaption class=\"wp-element-caption\">Indk\u00f8b af kraftvarmev\u00e6rker til gas<\/figcaption><\/figure>\n<\/figure>\n","protected":false},"excerpt":{"rendered":"<p>Vi er konstant p\u00e5 udkig efter brugte dampturbiner, gasturbiner, kraftvarmev\u00e6rker, n\u00f8dgeneratorer og kraftv\u00e6rker til indk\u00f8b til vores globale kunder. Hos Kandlin Stromerzeuger &#8211; Ankauf GmbH tilbyder vi p\u00e5lideligt demontering og indk\u00f8b af kraftvarmev\u00e6rker og andre kraftgeneratorer. Takket v\u00e6re omfattende lagerkapaciteter i K\u00f6ln og Bergisch-Gladbach, samt over 20 \u00e5rs erfaring med vanskelige\/hastende projekter, er vi den [&hellip;]<\/p>\n","protected":false},"author":1,"featured_media":2650,"parent":0,"menu_order":0,"comment_status":"closed","ping_status":"closed","template":"","meta":{"footnotes":""},"class_list":["post-2647","page","type-page","status-publish","has-post-thumbnail","hentry"],"yoast_head":"<!-- This site is optimized with the Yoast SEO Premium plugin v27.2 (Yoast SEO v27.5) - https:\/\/yoast.com\/product\/yoast-seo-premium-wordpress\/ -->\n<title>Indk\u00f8b af el-generatorer - stromerzeugerankauf<\/title>\n<meta name=\"description\" content=\"Indk\u00f8b af el-generatorer til vores kunder. Vi s\u00f8ger damp- og gasturbiner, kraftvarmev\u00e6rker, n\u00f8dgeneratorer og kraftv\u00e6rker.\" \/>\n<meta name=\"robots\" content=\"index, follow, max-snippet:-1, max-image-preview:large, max-video-preview:-1\" \/>\n<link rel=\"canonical\" href=\"https:\/\/stromerzeuger-ankauf.de\/da\/\" \/>\n<meta property=\"og:locale\" content=\"da_DK\" \/>\n<meta property=\"og:type\" content=\"article\" \/>\n<meta property=\"og:title\" content=\"Indk\u00f8b af el-generatorer\" \/>\n<meta property=\"og:description\" content=\"Indk\u00f8b af el-generatorer til vores kunder. Vi s\u00f8ger damp- og gasturbiner, kraftvarmev\u00e6rker, n\u00f8dgeneratorer og kraftv\u00e6rker.\" \/>\n<meta property=\"og:url\" content=\"https:\/\/stromerzeuger-ankauf.de\/da\/\" \/>\n<meta property=\"og:site_name\" content=\"stromerzeugerankauf\" \/>\n<meta property=\"article:modified_time\" content=\"2024-08-09T09:50:54+00:00\" \/>\n<meta property=\"og:image\" content=\"https:\/\/stromerzeuger-ankauf.de\/wp-content\/uploads\/2023\/07\/Caterpillar-G3520-Gas-BHKW2.jpg\" \/>\n\t<meta property=\"og:image:width\" content=\"1440\" \/>\n\t<meta property=\"og:image:height\" content=\"1080\" \/>\n\t<meta property=\"og:image:type\" content=\"image\/jpeg\" \/>\n<meta name=\"twitter:card\" content=\"summary_large_image\" \/>\n<meta name=\"twitter:label1\" content=\"Estimeret l\u00e6setid\" \/>\n\t<meta name=\"twitter:data1\" content=\"1 minut\" \/>\n<script type=\"application\/ld+json\" class=\"yoast-schema-graph\">{\"@context\":\"https:\\\/\\\/schema.org\",\"@graph\":[{\"@type\":\"WebPage\",\"@id\":\"https:\\\/\\\/stromerzeuger-ankauf.de\\\/da\\\/\",\"url\":\"https:\\\/\\\/stromerzeuger-ankauf.de\\\/da\\\/\",\"name\":\"Indk\u00f8b af el-generatorer - stromerzeugerankauf\",\"isPartOf\":{\"@id\":\"https:\\\/\\\/stromerzeuger-ankauf.de\\\/da\\\/#website\"},\"primaryImageOfPage\":{\"@id\":\"https:\\\/\\\/stromerzeuger-ankauf.de\\\/da\\\/#primaryimage\"},\"image\":{\"@id\":\"https:\\\/\\\/stromerzeuger-ankauf.de\\\/da\\\/#primaryimage\"},\"thumbnailUrl\":\"https:\\\/\\\/stromerzeuger-ankauf.de\\\/wp-content\\\/uploads\\\/2023\\\/07\\\/Caterpillar-G3520-Gas-BHKW2.jpg\",\"datePublished\":\"2018-09-07T06:29:21+00:00\",\"dateModified\":\"2024-08-09T09:50:54+00:00\",\"description\":\"Indk\u00f8b af el-generatorer til vores kunder. Vi s\u00f8ger damp- og gasturbiner, kraftvarmev\u00e6rker, n\u00f8dgeneratorer og kraftv\u00e6rker.\",\"breadcrumb\":{\"@id\":\"https:\\\/\\\/stromerzeuger-ankauf.de\\\/da\\\/#breadcrumb\"},\"inLanguage\":\"da-DK\",\"potentialAction\":[{\"@type\":\"ReadAction\",\"target\":[\"https:\\\/\\\/stromerzeuger-ankauf.de\\\/da\\\/\"]}]},{\"@type\":\"ImageObject\",\"inLanguage\":\"da-DK\",\"@id\":\"https:\\\/\\\/stromerzeuger-ankauf.de\\\/da\\\/#primaryimage\",\"url\":\"https:\\\/\\\/stromerzeuger-ankauf.de\\\/wp-content\\\/uploads\\\/2023\\\/07\\\/Caterpillar-G3520-Gas-BHKW2.jpg\",\"contentUrl\":\"https:\\\/\\\/stromerzeuger-ankauf.de\\\/wp-content\\\/uploads\\\/2023\\\/07\\\/Caterpillar-G3520-Gas-BHKW2.jpg\",\"width\":1440,\"height\":1080},{\"@type\":\"BreadcrumbList\",\"@id\":\"https:\\\/\\\/stromerzeuger-ankauf.de\\\/da\\\/#breadcrumb\",\"itemListElement\":[{\"@type\":\"ListItem\",\"position\":1,\"name\":\"Startseite\",\"item\":\"https:\\\/\\\/stromerzeuger-ankauf.de\\\/da\\\/\"},{\"@type\":\"ListItem\",\"position\":2,\"name\":\"Indk\u00f8b af el-generatorer\"}]},{\"@type\":\"WebSite\",\"@id\":\"https:\\\/\\\/stromerzeuger-ankauf.de\\\/da\\\/#website\",\"url\":\"https:\\\/\\\/stromerzeuger-ankauf.de\\\/da\\\/\",\"name\":\"stromerzeugerankauf\",\"description\":\"Die zweite Chance f\u00fcr Ihr Kraftwerk\",\"publisher\":{\"@id\":\"https:\\\/\\\/stromerzeuger-ankauf.de\\\/da\\\/#organization\"},\"potentialAction\":[{\"@type\":\"SearchAction\",\"target\":{\"@type\":\"EntryPoint\",\"urlTemplate\":\"https:\\\/\\\/stromerzeuger-ankauf.de\\\/da\\\/?s={search_term_string}\"},\"query-input\":{\"@type\":\"PropertyValueSpecification\",\"valueRequired\":true,\"valueName\":\"search_term_string\"}}],\"inLanguage\":\"da-DK\"},{\"@type\":\"Organization\",\"@id\":\"https:\\\/\\\/stromerzeuger-ankauf.de\\\/da\\\/#organization\",\"name\":\"Kandlin Stromerzeuger\u2013Ankauf GmbH\",\"url\":\"https:\\\/\\\/stromerzeuger-ankauf.de\\\/da\\\/\",\"logo\":{\"@type\":\"ImageObject\",\"inLanguage\":\"da-DK\",\"@id\":\"https:\\\/\\\/stromerzeuger-ankauf.de\\\/da\\\/#\\\/schema\\\/logo\\\/image\\\/\",\"url\":\"https:\\\/\\\/stromerzeuger-ankauf.de\\\/wp-content\\\/uploads\\\/2023\\\/07\\\/KADLIN-FINISH.jpg\",\"contentUrl\":\"https:\\\/\\\/stromerzeuger-ankauf.de\\\/wp-content\\\/uploads\\\/2023\\\/07\\\/KADLIN-FINISH.jpg\",\"width\":1418,\"height\":1064,\"caption\":\"Kandlin Stromerzeuger\u2013Ankauf GmbH\"},\"image\":{\"@id\":\"https:\\\/\\\/stromerzeuger-ankauf.de\\\/da\\\/#\\\/schema\\\/logo\\\/image\\\/\"}}]}<\/script>\n<!-- \/ Yoast SEO Premium plugin. -->","yoast_head_json":{"title":"Indk\u00f8b af el-generatorer - stromerzeugerankauf","description":"Indk\u00f8b af el-generatorer til vores kunder. Vi s\u00f8ger damp- og gasturbiner, kraftvarmev\u00e6rker, n\u00f8dgeneratorer og kraftv\u00e6rker.","robots":{"index":"index","follow":"follow","max-snippet":"max-snippet:-1","max-image-preview":"max-image-preview:large","max-video-preview":"max-video-preview:-1"},"canonical":"https:\/\/stromerzeuger-ankauf.de\/da\/","og_locale":"da_DK","og_type":"article","og_title":"Indk\u00f8b af el-generatorer","og_description":"Indk\u00f8b af el-generatorer til vores kunder. Vi s\u00f8ger damp- og gasturbiner, kraftvarmev\u00e6rker, n\u00f8dgeneratorer og kraftv\u00e6rker.","og_url":"https:\/\/stromerzeuger-ankauf.de\/da\/","og_site_name":"stromerzeugerankauf","article_modified_time":"2024-08-09T09:50:54+00:00","og_image":[{"width":1440,"height":1080,"url":"https:\/\/stromerzeuger-ankauf.de\/wp-content\/uploads\/2023\/07\/Caterpillar-G3520-Gas-BHKW2.jpg","type":"image\/jpeg"}],"twitter_card":"summary_large_image","twitter_misc":{"Estimeret l\u00e6setid":"1 minut"},"schema":{"@context":"https:\/\/schema.org","@graph":[{"@type":"WebPage","@id":"https:\/\/stromerzeuger-ankauf.de\/da\/","url":"https:\/\/stromerzeuger-ankauf.de\/da\/","name":"Indk\u00f8b af el-generatorer - stromerzeugerankauf","isPartOf":{"@id":"https:\/\/stromerzeuger-ankauf.de\/da\/#website"},"primaryImageOfPage":{"@id":"https:\/\/stromerzeuger-ankauf.de\/da\/#primaryimage"},"image":{"@id":"https:\/\/stromerzeuger-ankauf.de\/da\/#primaryimage"},"thumbnailUrl":"https:\/\/stromerzeuger-ankauf.de\/wp-content\/uploads\/2023\/07\/Caterpillar-G3520-Gas-BHKW2.jpg","datePublished":"2018-09-07T06:29:21+00:00","dateModified":"2024-08-09T09:50:54+00:00","description":"Indk\u00f8b af el-generatorer til vores kunder. Vi s\u00f8ger damp- og gasturbiner, kraftvarmev\u00e6rker, n\u00f8dgeneratorer og kraftv\u00e6rker.","breadcrumb":{"@id":"https:\/\/stromerzeuger-ankauf.de\/da\/#breadcrumb"},"inLanguage":"da-DK","potentialAction":[{"@type":"ReadAction","target":["https:\/\/stromerzeuger-ankauf.de\/da\/"]}]},{"@type":"ImageObject","inLanguage":"da-DK","@id":"https:\/\/stromerzeuger-ankauf.de\/da\/#primaryimage","url":"https:\/\/stromerzeuger-ankauf.de\/wp-content\/uploads\/2023\/07\/Caterpillar-G3520-Gas-BHKW2.jpg","contentUrl":"https:\/\/stromerzeuger-ankauf.de\/wp-content\/uploads\/2023\/07\/Caterpillar-G3520-Gas-BHKW2.jpg","width":1440,"height":1080},{"@type":"BreadcrumbList","@id":"https:\/\/stromerzeuger-ankauf.de\/da\/#breadcrumb","itemListElement":[{"@type":"ListItem","position":1,"name":"Startseite","item":"https:\/\/stromerzeuger-ankauf.de\/da\/"},{"@type":"ListItem","position":2,"name":"Indk\u00f8b af el-generatorer"}]},{"@type":"WebSite","@id":"https:\/\/stromerzeuger-ankauf.de\/da\/#website","url":"https:\/\/stromerzeuger-ankauf.de\/da\/","name":"stromerzeugerankauf","description":"Die zweite Chance f\u00fcr Ihr Kraftwerk","publisher":{"@id":"https:\/\/stromerzeuger-ankauf.de\/da\/#organization"},"potentialAction":[{"@type":"SearchAction","target":{"@type":"EntryPoint","urlTemplate":"https:\/\/stromerzeuger-ankauf.de\/da\/?s={search_term_string}"},"query-input":{"@type":"PropertyValueSpecification","valueRequired":true,"valueName":"search_term_string"}}],"inLanguage":"da-DK"},{"@type":"Organization","@id":"https:\/\/stromerzeuger-ankauf.de\/da\/#organization","name":"Kandlin Stromerzeuger\u2013Ankauf GmbH","url":"https:\/\/stromerzeuger-ankauf.de\/da\/","logo":{"@type":"ImageObject","inLanguage":"da-DK","@id":"https:\/\/stromerzeuger-ankauf.de\/da\/#\/schema\/logo\/image\/","url":"https:\/\/stromerzeuger-ankauf.de\/wp-content\/uploads\/2023\/07\/KADLIN-FINISH.jpg","contentUrl":"https:\/\/stromerzeuger-ankauf.de\/wp-content\/uploads\/2023\/07\/KADLIN-FINISH.jpg","width":1418,"height":1064,"caption":"Kandlin Stromerzeuger\u2013Ankauf GmbH"},"image":{"@id":"https:\/\/stromerzeuger-ankauf.de\/da\/#\/schema\/logo\/image\/"}}]}},"_links":{"self":[{"href":"https:\/\/stromerzeuger-ankauf.de\/da\/wp-json\/wp\/v2\/pages\/2647","targetHints":{"allow":["GET"]}}],"collection":[{"href":"https:\/\/stromerzeuger-ankauf.de\/da\/wp-json\/wp\/v2\/pages"}],"about":[{"href":"https:\/\/stromerzeuger-ankauf.de\/da\/wp-json\/wp\/v2\/types\/page"}],"author":[{"embeddable":true,"href":"https:\/\/stromerzeuger-ankauf.de\/da\/wp-json\/wp\/v2\/users\/1"}],"replies":[{"embeddable":true,"href":"https:\/\/stromerzeuger-ankauf.de\/da\/wp-json\/wp\/v2\/comments?post=2647"}],"version-history":[{"count":0,"href":"https:\/\/stromerzeuger-ankauf.de\/da\/wp-json\/wp\/v2\/pages\/2647\/revisions"}],"wp:featuredmedia":[{"embeddable":true,"href":"https:\/\/stromerzeuger-ankauf.de\/da\/wp-json\/wp\/v2\/media\/2650"}],"wp:attachment":[{"href":"https:\/\/stromerzeuger-ankauf.de\/da\/wp-json\/wp\/v2\/media?parent=2647"}],"curies":[{"name":"wp","href":"https:\/\/api.w.org\/{rel}","templated":true}]}}