{"id":2651,"date":"2022-10-19T16:36:23","date_gmt":"2022-10-19T15:36:23","guid":{"rendered":"https:\/\/stromerzeuger-ankauf.de\/ankauf\/"},"modified":"2023-10-17T13:10:48","modified_gmt":"2023-10-17T12:10:48","slug":"indkoeb","status":"publish","type":"page","link":"https:\/\/stromerzeuger-ankauf.de\/da\/indkoeb\/","title":{"rendered":"Indk\u00f8b\/demontering af elgeneratorer"},"content":{"rendered":"\n<h3 class=\"wp-block-heading\">Indk\u00f8b af brugte og overskydende elgeneratorer <\/h3>\n\n<p>Indk\u00f8b i tysktalende lande og i hele Europa. Eventuelt med eller uden demontering. \u00d8nsker du at s\u00e6lge, s\u00e5 kontakt <a href=\"https:\/\/stromerzeuger-ankauf.de\/da\/kontakt\/\">os<\/a> .<\/p>\n\n<p>Information og referencer:<\/p>\n\n<h4 class=\"wp-block-heading\" id=\"h-dampfturbinen\"><a href=\"https:\/\/stromerzeuger-ankauf.de\/da\/indkoeb-af-dampturbiner\/\">Dampturbiner<\/a><\/h4>\n\n<p>S\u00e6rligt eftertragtede dampturbiner fra anerkendte producenter som <a href=\"https:\/\/www.howden.com\/en-gb\/products\/steam-turbines\" target=\"_blank\" rel=\"noreferrer noopener\">Howden<\/a>, <a href=\"https:\/\/www.ansaldoenergia.com\/offering\/equipment\/turbomachinery\/steam-turbines\" target=\"_blank\" rel=\"noreferrer noopener\">Ansaldo-Energia<\/a>, <a href=\"https:\/\/www.siemens-energy.com\/global\/en\/offerings\/power-generation\/steam-turbines.html\" target=\"_blank\" rel=\"noreferrer noopener\">Siemens<\/a> osv. fra 1970&#8217;erne og frem med en effekt p\u00e5 op til 100 megawatt.<\/p>\n\n<h4 class=\"wp-block-heading\" id=\"h-gasturbinen\"><a href=\"https:\/\/stromerzeuger-ankauf.de\/da\/koeb-af-gasturbine\/\">Gasturbiner<\/a><\/h4>\n\n<p>S\u00e6rligt eftertragtede gasturbiner fra anerkendte producenter som <a href=\"https:\/\/www.siemens-energy.com\/global\/en\/offerings\/power-generation\/gas-turbines.html\">Siemens Energy<\/a> osv. fra 1970&#8217;erne og frem med en effekt p\u00e5 op til 100 megawatt.<\/p>\n\n<h4 class=\"wp-block-heading\" id=\"h-gas-blockheizkraftwerke\"><a href=\"https:\/\/stromerzeuger-ankauf.de\/da\/indkoeb-af-kraftvarmevaerker\/\">Gas kombinerede varme- og kraftv\u00e6rker<\/a><\/h4>\n\n<p>Gaskraftvarmev\u00e6rker og gasgeneratorer <\/p>\n\n<h4 class=\"wp-block-heading\" id=\"h-dieselgeneratoren\"><a href=\"https:\/\/stromerzeuger-ankauf.de\/da\/ankauf-dieselgeneratoren\/\">Diesel generatorer<\/a><\/h4>\n\n<p>N\u00f8dgeneratorer, dieselkraftvarmeanl\u00e6g, dieselgeneratorer<\/p>\n\n<div class=\"alignnormal\"><div id=\"metaslider-id-1072\" style=\"max-width: 700px; margin: 0 auto;\" class=\"ml-slider-3-109-0 metaslider metaslider-nivo metaslider-1072 ml-slider ms-theme-default\" role=\"region\" aria-label=\"Slideshow Solar Centaur 50 GT\" data-height=\"300\" data-width=\"700\">\n    <div id=\"metaslider_container_1072\">\n        <div class='slider-wrapper theme-default'><div class='ribbon'><\/div><div id='metaslider_1072' class='nivoSlider'><img loading=\"lazy\" decoding=\"async\" src=\"https:\/\/stromerzeuger-ankauf.de\/wp-content\/uploads\/2023\/07\/Solar-Gasturbine-Centaur-50-700x300.jpg\" height=\"300\" width=\"700\" title=\"Demontage Solar Centaur 50 Gasturbine\" alt=\"Demontage Solar Centaur 50 Gasturbine\" class=\"slider-1072 slide-1085 msDefaultImage\" \/><img loading=\"lazy\" decoding=\"async\" src=\"https:\/\/stromerzeuger-ankauf.de\/wp-content\/uploads\/2023\/07\/Solar_Centaur_50-Gasturbine-700x300.jpg\" height=\"300\" width=\"700\" title=\"Demontage Solar Centaur 50 Gasturbine\" alt=\"Demontage Solar Centaur 50 Gasturbine\" class=\"slider-1072 slide-1086 msDefaultImage\" \/><\/div><\/div>\n        \n    <\/div>\n<\/div><\/div>\n\n<hr class=\"wp-block-separator has-alpha-channel-opacity\"\/>\n\n<p>Hvis du \u00f8nsker at s\u00e6lge \/ genbruge \/ fjerne en str\u00f8mgenerator, send os din anmodning med et par billeder til: info@stromerzeuger-ankauf.de Mere information p\u00e5 vores <a href=\"https:\/\/stromerzeuger-ankauf.de\/da\/kontakt\/\">kontaktside<\/a> .<\/p>\n","protected":false},"excerpt":{"rendered":"<p>Indk\u00f8b af brugte og overskydende elgeneratorer Indk\u00f8b i tysktalende lande og i hele Europa. Eventuelt med eller uden demontering. \u00d8nsker du at s\u00e6lge, s\u00e5 kontakt os . Information og referencer: Dampturbiner S\u00e6rligt eftertragtede dampturbiner fra anerkendte producenter som Howden, Ansaldo-Energia, Siemens osv. fra 1970&#8217;erne og frem med en effekt p\u00e5 op til 100 megawatt. Gasturbiner [&hellip;]<\/p>\n","protected":false},"author":1,"featured_media":2653,"parent":0,"menu_order":1,"comment_status":"closed","ping_status":"closed","template":"","meta":{"footnotes":""},"class_list":["post-2651","page","type-page","status-publish","has-post-thumbnail","hentry"],"yoast_head":"<!-- This site is optimized with the Yoast SEO Premium plugin v27.2 (Yoast SEO v27.5) - https:\/\/yoast.com\/product\/yoast-seo-premium-wordpress\/ -->\n<title>Indk\u00f8b\/demontering af elgeneratorer - stromerzeugerankauf<\/title>\n<meta name=\"description\" content=\"Indk\u00f8b og demontering af brugte og overskydende str\u00f8mgeneratorer som dampturbiner, gasturbiner, kraftvarmev\u00e6rker og dieselgeneratorer.\" \/>\n<meta name=\"robots\" content=\"index, follow, max-snippet:-1, max-image-preview:large, max-video-preview:-1\" \/>\n<link rel=\"canonical\" href=\"https:\/\/stromerzeuger-ankauf.de\/da\/indkoeb\/\" \/>\n<meta property=\"og:locale\" content=\"da_DK\" \/>\n<meta property=\"og:type\" content=\"article\" \/>\n<meta property=\"og:title\" content=\"Indk\u00f8b\/demontering af elgeneratorer\" \/>\n<meta property=\"og:description\" content=\"Indk\u00f8b og demontering af brugte og overskydende str\u00f8mgeneratorer som dampturbiner, gasturbiner, kraftvarmev\u00e6rker og dieselgeneratorer.\" \/>\n<meta property=\"og:url\" content=\"https:\/\/stromerzeuger-ankauf.de\/da\/indkoeb\/\" \/>\n<meta property=\"og:site_name\" content=\"stromerzeugerankauf\" \/>\n<meta property=\"article:modified_time\" content=\"2023-10-17T12:10:48+00:00\" \/>\n<meta property=\"og:image\" content=\"https:\/\/stromerzeuger-ankauf.de\/wp-content\/uploads\/2023\/07\/Deutz-MTU-3-Dieselgeneratoren5.jpg\" \/>\n\t<meta property=\"og:image:width\" content=\"1600\" \/>\n\t<meta property=\"og:image:height\" content=\"1200\" \/>\n\t<meta property=\"og:image:type\" content=\"image\/jpeg\" \/>\n<meta name=\"twitter:card\" content=\"summary_large_image\" \/>\n<meta name=\"twitter:label1\" content=\"Estimeret l\u00e6setid\" \/>\n\t<meta name=\"twitter:data1\" content=\"1 minut\" \/>\n<script type=\"application\/ld+json\" class=\"yoast-schema-graph\">{\"@context\":\"https:\\\/\\\/schema.org\",\"@graph\":[{\"@type\":\"WebPage\",\"@id\":\"https:\\\/\\\/stromerzeuger-ankauf.de\\\/da\\\/indkoeb\\\/\",\"url\":\"https:\\\/\\\/stromerzeuger-ankauf.de\\\/da\\\/indkoeb\\\/\",\"name\":\"Indk\u00f8b\\\/demontering af elgeneratorer - stromerzeugerankauf\",\"isPartOf\":{\"@id\":\"https:\\\/\\\/stromerzeuger-ankauf.de\\\/da\\\/#website\"},\"primaryImageOfPage\":{\"@id\":\"https:\\\/\\\/stromerzeuger-ankauf.de\\\/da\\\/indkoeb\\\/#primaryimage\"},\"image\":{\"@id\":\"https:\\\/\\\/stromerzeuger-ankauf.de\\\/da\\\/indkoeb\\\/#primaryimage\"},\"thumbnailUrl\":\"https:\\\/\\\/stromerzeuger-ankauf.de\\\/wp-content\\\/uploads\\\/2023\\\/07\\\/Deutz-MTU-3-Dieselgeneratoren5.jpg\",\"datePublished\":\"2022-10-19T15:36:23+00:00\",\"dateModified\":\"2023-10-17T12:10:48+00:00\",\"description\":\"Indk\u00f8b og demontering af brugte og overskydende str\u00f8mgeneratorer som dampturbiner, gasturbiner, kraftvarmev\u00e6rker og dieselgeneratorer.\",\"breadcrumb\":{\"@id\":\"https:\\\/\\\/stromerzeuger-ankauf.de\\\/da\\\/indkoeb\\\/#breadcrumb\"},\"inLanguage\":\"da-DK\",\"potentialAction\":[{\"@type\":\"ReadAction\",\"target\":[\"https:\\\/\\\/stromerzeuger-ankauf.de\\\/da\\\/indkoeb\\\/\"]}]},{\"@type\":\"ImageObject\",\"inLanguage\":\"da-DK\",\"@id\":\"https:\\\/\\\/stromerzeuger-ankauf.de\\\/da\\\/indkoeb\\\/#primaryimage\",\"url\":\"https:\\\/\\\/stromerzeuger-ankauf.de\\\/wp-content\\\/uploads\\\/2023\\\/07\\\/Deutz-MTU-3-Dieselgeneratoren5.jpg\",\"contentUrl\":\"https:\\\/\\\/stromerzeuger-ankauf.de\\\/wp-content\\\/uploads\\\/2023\\\/07\\\/Deutz-MTU-3-Dieselgeneratoren5.jpg\",\"width\":1600,\"height\":1200},{\"@type\":\"BreadcrumbList\",\"@id\":\"https:\\\/\\\/stromerzeuger-ankauf.de\\\/da\\\/indkoeb\\\/#breadcrumb\",\"itemListElement\":[{\"@type\":\"ListItem\",\"position\":1,\"name\":\"Startseite\",\"item\":\"https:\\\/\\\/stromerzeuger-ankauf.de\\\/da\\\/\"},{\"@type\":\"ListItem\",\"position\":2,\"name\":\"Indk\u00f8b\\\/demontering af elgeneratorer\"}]},{\"@type\":\"WebSite\",\"@id\":\"https:\\\/\\\/stromerzeuger-ankauf.de\\\/da\\\/#website\",\"url\":\"https:\\\/\\\/stromerzeuger-ankauf.de\\\/da\\\/\",\"name\":\"stromerzeugerankauf\",\"description\":\"Die zweite Chance f\u00fcr Ihr Kraftwerk\",\"publisher\":{\"@id\":\"https:\\\/\\\/stromerzeuger-ankauf.de\\\/da\\\/#organization\"},\"potentialAction\":[{\"@type\":\"SearchAction\",\"target\":{\"@type\":\"EntryPoint\",\"urlTemplate\":\"https:\\\/\\\/stromerzeuger-ankauf.de\\\/da\\\/?s={search_term_string}\"},\"query-input\":{\"@type\":\"PropertyValueSpecification\",\"valueRequired\":true,\"valueName\":\"search_term_string\"}}],\"inLanguage\":\"da-DK\"},{\"@type\":\"Organization\",\"@id\":\"https:\\\/\\\/stromerzeuger-ankauf.de\\\/da\\\/#organization\",\"name\":\"Kandlin Stromerzeuger\u2013Ankauf GmbH\",\"url\":\"https:\\\/\\\/stromerzeuger-ankauf.de\\\/da\\\/\",\"logo\":{\"@type\":\"ImageObject\",\"inLanguage\":\"da-DK\",\"@id\":\"https:\\\/\\\/stromerzeuger-ankauf.de\\\/da\\\/#\\\/schema\\\/logo\\\/image\\\/\",\"url\":\"https:\\\/\\\/stromerzeuger-ankauf.de\\\/wp-content\\\/uploads\\\/2023\\\/07\\\/KADLIN-FINISH.jpg\",\"contentUrl\":\"https:\\\/\\\/stromerzeuger-ankauf.de\\\/wp-content\\\/uploads\\\/2023\\\/07\\\/KADLIN-FINISH.jpg\",\"width\":1418,\"height\":1064,\"caption\":\"Kandlin Stromerzeuger\u2013Ankauf GmbH\"},\"image\":{\"@id\":\"https:\\\/\\\/stromerzeuger-ankauf.de\\\/da\\\/#\\\/schema\\\/logo\\\/image\\\/\"}}]}<\/script>\n<!-- \/ Yoast SEO Premium plugin. -->","yoast_head_json":{"title":"Indk\u00f8b\/demontering af elgeneratorer - stromerzeugerankauf","description":"Indk\u00f8b og demontering af brugte og overskydende str\u00f8mgeneratorer som dampturbiner, gasturbiner, kraftvarmev\u00e6rker og dieselgeneratorer.","robots":{"index":"index","follow":"follow","max-snippet":"max-snippet:-1","max-image-preview":"max-image-preview:large","max-video-preview":"max-video-preview:-1"},"canonical":"https:\/\/stromerzeuger-ankauf.de\/da\/indkoeb\/","og_locale":"da_DK","og_type":"article","og_title":"Indk\u00f8b\/demontering af elgeneratorer","og_description":"Indk\u00f8b og demontering af brugte og overskydende str\u00f8mgeneratorer som dampturbiner, gasturbiner, kraftvarmev\u00e6rker og dieselgeneratorer.","og_url":"https:\/\/stromerzeuger-ankauf.de\/da\/indkoeb\/","og_site_name":"stromerzeugerankauf","article_modified_time":"2023-10-17T12:10:48+00:00","og_image":[{"width":1600,"height":1200,"url":"https:\/\/stromerzeuger-ankauf.de\/wp-content\/uploads\/2023\/07\/Deutz-MTU-3-Dieselgeneratoren5.jpg","type":"image\/jpeg"}],"twitter_card":"summary_large_image","twitter_misc":{"Estimeret l\u00e6setid":"1 minut"},"schema":{"@context":"https:\/\/schema.org","@graph":[{"@type":"WebPage","@id":"https:\/\/stromerzeuger-ankauf.de\/da\/indkoeb\/","url":"https:\/\/stromerzeuger-ankauf.de\/da\/indkoeb\/","name":"Indk\u00f8b\/demontering af elgeneratorer - stromerzeugerankauf","isPartOf":{"@id":"https:\/\/stromerzeuger-ankauf.de\/da\/#website"},"primaryImageOfPage":{"@id":"https:\/\/stromerzeuger-ankauf.de\/da\/indkoeb\/#primaryimage"},"image":{"@id":"https:\/\/stromerzeuger-ankauf.de\/da\/indkoeb\/#primaryimage"},"thumbnailUrl":"https:\/\/stromerzeuger-ankauf.de\/wp-content\/uploads\/2023\/07\/Deutz-MTU-3-Dieselgeneratoren5.jpg","datePublished":"2022-10-19T15:36:23+00:00","dateModified":"2023-10-17T12:10:48+00:00","description":"Indk\u00f8b og demontering af brugte og overskydende str\u00f8mgeneratorer som dampturbiner, gasturbiner, kraftvarmev\u00e6rker og dieselgeneratorer.","breadcrumb":{"@id":"https:\/\/stromerzeuger-ankauf.de\/da\/indkoeb\/#breadcrumb"},"inLanguage":"da-DK","potentialAction":[{"@type":"ReadAction","target":["https:\/\/stromerzeuger-ankauf.de\/da\/indkoeb\/"]}]},{"@type":"ImageObject","inLanguage":"da-DK","@id":"https:\/\/stromerzeuger-ankauf.de\/da\/indkoeb\/#primaryimage","url":"https:\/\/stromerzeuger-ankauf.de\/wp-content\/uploads\/2023\/07\/Deutz-MTU-3-Dieselgeneratoren5.jpg","contentUrl":"https:\/\/stromerzeuger-ankauf.de\/wp-content\/uploads\/2023\/07\/Deutz-MTU-3-Dieselgeneratoren5.jpg","width":1600,"height":1200},{"@type":"BreadcrumbList","@id":"https:\/\/stromerzeuger-ankauf.de\/da\/indkoeb\/#breadcrumb","itemListElement":[{"@type":"ListItem","position":1,"name":"Startseite","item":"https:\/\/stromerzeuger-ankauf.de\/da\/"},{"@type":"ListItem","position":2,"name":"Indk\u00f8b\/demontering af elgeneratorer"}]},{"@type":"WebSite","@id":"https:\/\/stromerzeuger-ankauf.de\/da\/#website","url":"https:\/\/stromerzeuger-ankauf.de\/da\/","name":"stromerzeugerankauf","description":"Die zweite Chance f\u00fcr Ihr Kraftwerk","publisher":{"@id":"https:\/\/stromerzeuger-ankauf.de\/da\/#organization"},"potentialAction":[{"@type":"SearchAction","target":{"@type":"EntryPoint","urlTemplate":"https:\/\/stromerzeuger-ankauf.de\/da\/?s={search_term_string}"},"query-input":{"@type":"PropertyValueSpecification","valueRequired":true,"valueName":"search_term_string"}}],"inLanguage":"da-DK"},{"@type":"Organization","@id":"https:\/\/stromerzeuger-ankauf.de\/da\/#organization","name":"Kandlin Stromerzeuger\u2013Ankauf GmbH","url":"https:\/\/stromerzeuger-ankauf.de\/da\/","logo":{"@type":"ImageObject","inLanguage":"da-DK","@id":"https:\/\/stromerzeuger-ankauf.de\/da\/#\/schema\/logo\/image\/","url":"https:\/\/stromerzeuger-ankauf.de\/wp-content\/uploads\/2023\/07\/KADLIN-FINISH.jpg","contentUrl":"https:\/\/stromerzeuger-ankauf.de\/wp-content\/uploads\/2023\/07\/KADLIN-FINISH.jpg","width":1418,"height":1064,"caption":"Kandlin Stromerzeuger\u2013Ankauf GmbH"},"image":{"@id":"https:\/\/stromerzeuger-ankauf.de\/da\/#\/schema\/logo\/image\/"}}]}},"_links":{"self":[{"href":"https:\/\/stromerzeuger-ankauf.de\/da\/wp-json\/wp\/v2\/pages\/2651","targetHints":{"allow":["GET"]}}],"collection":[{"href":"https:\/\/stromerzeuger-ankauf.de\/da\/wp-json\/wp\/v2\/pages"}],"about":[{"href":"https:\/\/stromerzeuger-ankauf.de\/da\/wp-json\/wp\/v2\/types\/page"}],"author":[{"embeddable":true,"href":"https:\/\/stromerzeuger-ankauf.de\/da\/wp-json\/wp\/v2\/users\/1"}],"replies":[{"embeddable":true,"href":"https:\/\/stromerzeuger-ankauf.de\/da\/wp-json\/wp\/v2\/comments?post=2651"}],"version-history":[{"count":0,"href":"https:\/\/stromerzeuger-ankauf.de\/da\/wp-json\/wp\/v2\/pages\/2651\/revisions"}],"wp:featuredmedia":[{"embeddable":true,"href":"https:\/\/stromerzeuger-ankauf.de\/da\/wp-json\/wp\/v2\/media\/2653"}],"wp:attachment":[{"href":"https:\/\/stromerzeuger-ankauf.de\/da\/wp-json\/wp\/v2\/media?parent=2651"}],"curies":[{"name":"wp","href":"https:\/\/api.w.org\/{rel}","templated":true}]}}