{"id":2654,"date":"2023-10-04T13:26:11","date_gmt":"2023-10-04T12:26:11","guid":{"rendered":"https:\/\/stromerzeuger-ankauf.de\/kraftwerke-ankauf\/"},"modified":"2024-08-09T11:08:30","modified_gmt":"2024-08-09T10:08:30","slug":"indkoeb-af-kraftvaerker","status":"publish","type":"page","link":"https:\/\/stromerzeuger-ankauf.de\/da\/indkoeb-af-kraftvaerker\/","title":{"rendered":"Indk\u00f8b af kraftv\u00e6rker"},"content":{"rendered":"\n<h3 class=\"wp-block-heading\">Vi k\u00f8ber brugte kraftv\u00e6rker. <\/h3>\n\n<p>Udover indk\u00f8b tilbyder vi ogs\u00e5 nedtagning af brugte kraftv\u00e6rker.<\/p>\n\n<p>Uanset om det er et fem- eller 100 MW-system:<\/p>\n\n<p>Vi garanterer altid sikker og omkostningseffektiv demontering af dit system.<\/p>\n\n<p>S\u00e6rligt eftertragtede anl\u00e6g med dampturbiner fra anerkendte producenter som <a href=\"https:\/\/www.howden.com\/en-gb\/products\/steam-turbines\" target=\"_blank\" rel=\"noreferrer noopener\">Howden<\/a>, <a href=\"https:\/\/www.ansaldoenergia.com\/offering\/equipment\/turbomachinery\/steam-turbines\" target=\"_blank\" rel=\"noreferrer noopener\">Ansaldo-Energia<\/a>, <a href=\"https:\/\/www.siemens-energy.com\/global\/en\/offerings\/power-generation\/steam-turbines.html\" target=\"_blank\" rel=\"noreferrer noopener\">Siemens<\/a> osv. bygget i 1970&#8217;erne og med en effekt p\u00e5 op til 100 megawatt.<\/p>\n\n<p><strong>Hvis du \u00f8nsker at s\u00e6lge \/ genbruge \/ fjerne et kraftv\u00e6rk, s\u00e5 send os din anmodning med et par billeder til: info@stromerzeuger-ankauf.de <\/strong><\/p>\n\n<h5 class=\"wp-block-heading\"><strong>Mere information p\u00e5 vores <a href=\"https:\/\/stromerzeuger-ankauf.de\/da\/kontakt\/\">kontaktside<\/a>.<\/strong><\/h5>\n\n<h3 class=\"wp-block-heading\" id=\"h-referenzen\">Legitimationsoplysninger:<\/h3>\n\n<p>Her er nogle eksempler p\u00e5 k\u00f8bte og afmonterede elgeneratorer med originale billeder af lastningen. Du kan &#8220;scrolle&#8221; gennem billederne for at f\u00e5 et bedre indtryk af vores arbejde og vores muligheder.<\/p>\n\n<div class=\"wp-block-columns is-layout-flex wp-container-core-columns-is-layout-28f84493 wp-block-columns-is-layout-flex\">\n<div class=\"wp-block-column is-vertically-aligned-center is-layout-flow wp-block-column-is-layout-flow\" style=\"flex-basis:33.33%\"><\/div>\n\n\n\n<div class=\"wp-block-column is-layout-flow wp-block-column-is-layout-flow\" style=\"flex-basis:66.66%\">\n<p>Et af vores st\u00f8rre projekter var indk\u00f8b af en 24 MW BVI \/ ThyssenKrupp. Yderligere indk\u00f8bsprojekter vil f\u00f8lge i effektomr\u00e5det over 500 KW.<\/p>\n<\/div>\n<\/div>\n\n<div class=\"wp-block-columns is-layout-flex wp-container-core-columns-is-layout-28f84493 wp-block-columns-is-layout-flex\">\n<div class=\"wp-block-column is-vertically-aligned-center is-layout-flow wp-block-column-is-layout-flow\" style=\"flex-basis:33.33%\">\n<p><strong>BVI \/ ThyssenKrupp MARC6-C03 DT<\/strong><\/p>\n<\/div>\n\n\n\n<div class=\"wp-block-column is-layout-flow wp-block-column-is-layout-flow\" style=\"flex-basis:66.66%\">\n<div class=\"alignnormal\"><div id=\"metaslider-id-1460\" style=\"width: 100%; margin: 0 auto;\" class=\"ml-slider-3-109-0 metaslider metaslider-nivo metaslider-1460 ml-slider ms-theme-default\" role=\"region\" aria-label=\"Slideshow BVI ThyssenKrupp MARC6-C03 DT\" data-height=\"300\" data-width=\"700\">\n    <div id=\"metaslider_container_1460\">\n        <div class='slider-wrapper theme-default'><div class='ribbon'><\/div><div id='metaslider_1460' class='nivoSlider'><img loading=\"lazy\" decoding=\"async\" src=\"https:\/\/stromerzeuger-ankauf.de\/wp-content\/uploads\/2023\/07\/BVI_ThyssenKrupp-MARC6-C03-Dampfturbine-24-MW14.jpg\" height=\"300\" width=\"700\" title=\"BVI_ThyssenKrupp-MARC6-C03-Dampfturbine-24-MW14\" alt=\"BVI ThyssenKrupp MARC6-C03 Dampfturbine 24 MW\" class=\"slider-1460 slide-1461 msDefaultImage\" \/><img loading=\"lazy\" decoding=\"async\" src=\"https:\/\/stromerzeuger-ankauf.de\/wp-content\/uploads\/2023\/07\/BVI_ThyssenKrupp-MARC6-C03-Dampfturbine-24-MW16.jpg\" height=\"300\" width=\"700\" title=\"BVI_ThyssenKrupp-MARC6-C03-Dampfturbine-24-MW16\" alt=\"BVI ThyssenKrupp MARC6-C03 Dampfturbine 24 MW\" class=\"slider-1460 slide-1462 msDefaultImage\" \/><img loading=\"lazy\" decoding=\"async\" src=\"https:\/\/stromerzeuger-ankauf.de\/wp-content\/uploads\/2023\/07\/BVI_ThyssenKrupp-MARC6-C03-Dampfturbine-24-MW4.jpg\" height=\"300\" width=\"700\" title=\"BVI_ThyssenKrupp-MARC6-C03-Dampfturbine-24-MW4\" alt=\"BVI ThyssenKrupp MARC6-C03 Dampfturbine 24 MW\" class=\"slider-1460 slide-1463 msDefaultImage\" \/><img loading=\"lazy\" decoding=\"async\" src=\"https:\/\/stromerzeuger-ankauf.de\/wp-content\/uploads\/2023\/07\/BVI_ThyssenKrupp-MARC6-C03-Dampfturbine-24-MW8.jpg\" height=\"300\" width=\"700\" title=\"BVI_ThyssenKrupp-MARC6-C03-Dampfturbine-24-MW8\" alt=\"BVI ThyssenKrupp MARC6-C03 Dampfturbine 24 MW\" class=\"slider-1460 slide-1464 msDefaultImage\" \/><img loading=\"lazy\" decoding=\"async\" src=\"https:\/\/stromerzeuger-ankauf.de\/wp-content\/uploads\/2023\/07\/BVI_ThyssenKrupp-MARC6-C03-Dampfturbine-24-MW9.jpg\" height=\"300\" width=\"700\" title=\"BVI_ThyssenKrupp-MARC6-C03-Dampfturbine-24-MW9\" alt=\"BVI ThyssenKrupp MARC6-C03 Dampfturbine 24 MW\" class=\"slider-1460 slide-1465 msDefaultImage\" \/><img loading=\"lazy\" decoding=\"async\" src=\"https:\/\/stromerzeuger-ankauf.de\/wp-content\/uploads\/2023\/07\/BVI_ThyssenKrupp-MARC6-C03-Dampfturbine-24-MW12.jpg\" height=\"300\" width=\"700\" title=\"BVI_ThyssenKrupp-MARC6-C03-Dampfturbine-24-MW12\" alt=\"BVI ThyssenKrupp MARC6-C03 Dampfturbine 24 MW\" class=\"slider-1460 slide-1466 msDefaultImage\" \/><\/div><\/div>\n        \n    <\/div>\n<\/div><\/div>\n<\/div>\n<\/div>\n\n<p>Tilbage til <a href=\"https:\/\/stromerzeuger-ankauf.de\/da\/indkoeb\/\">indk\u00f8b<\/a><\/p>\n","protected":false},"excerpt":{"rendered":"<p>Vi k\u00f8ber brugte kraftv\u00e6rker. Udover indk\u00f8b tilbyder vi ogs\u00e5 nedtagning af brugte kraftv\u00e6rker. Uanset om det er et fem- eller 100 MW-system: Vi garanterer altid sikker og omkostningseffektiv demontering af dit system. S\u00e6rligt eftertragtede anl\u00e6g med dampturbiner fra anerkendte producenter som Howden, Ansaldo-Energia, Siemens osv. bygget i 1970&#8217;erne og med en effekt p\u00e5 op til [&hellip;]<\/p>\n","protected":false},"author":1,"featured_media":2656,"parent":0,"menu_order":23,"comment_status":"closed","ping_status":"closed","template":"","meta":{"footnotes":""},"class_list":["post-2654","page","type-page","status-publish","has-post-thumbnail","hentry"],"yoast_head":"<!-- This site is optimized with the Yoast SEO Premium plugin v27.2 (Yoast SEO v27.5) - https:\/\/yoast.com\/product\/yoast-seo-premium-wordpress\/ -->\n<title>stromerzeugerankauf Indk\u00f8b af kraftv\u00e6rker -<\/title>\n<meta name=\"description\" content=\"Vi k\u00f8ber brugte og overskydende kraftv\u00e6rker. Udover indk\u00f8b tilbyder vi ogs\u00e5 nedtagning.\" \/>\n<meta name=\"robots\" content=\"index, follow, max-snippet:-1, max-image-preview:large, max-video-preview:-1\" \/>\n<link rel=\"canonical\" href=\"https:\/\/stromerzeuger-ankauf.de\/da\/indkoeb-af-kraftvaerker\/\" \/>\n<meta property=\"og:locale\" content=\"da_DK\" \/>\n<meta property=\"og:type\" content=\"article\" \/>\n<meta property=\"og:title\" content=\"Indk\u00f8b af kraftv\u00e6rker\" \/>\n<meta property=\"og:description\" content=\"Vi k\u00f8ber brugte og overskydende kraftv\u00e6rker. Udover indk\u00f8b tilbyder vi ogs\u00e5 nedtagning.\" \/>\n<meta property=\"og:url\" content=\"https:\/\/stromerzeuger-ankauf.de\/da\/indkoeb-af-kraftvaerker\/\" \/>\n<meta property=\"og:site_name\" content=\"stromerzeugerankauf\" \/>\n<meta property=\"article:modified_time\" content=\"2024-08-09T10:08:30+00:00\" \/>\n<meta property=\"og:image\" content=\"https:\/\/stromerzeuger-ankauf.de\/wp-content\/uploads\/2023\/07\/Dresser-Rand_GAF-5C_Kondensations-Dampfturbine.jpg\" \/>\n\t<meta property=\"og:image:width\" content=\"1440\" \/>\n\t<meta property=\"og:image:height\" content=\"1080\" \/>\n\t<meta property=\"og:image:type\" content=\"image\/jpeg\" \/>\n<meta name=\"twitter:card\" content=\"summary_large_image\" \/>\n<meta name=\"twitter:label1\" content=\"Estimeret l\u00e6setid\" \/>\n\t<meta name=\"twitter:data1\" content=\"1 minut\" \/>\n<script type=\"application\/ld+json\" class=\"yoast-schema-graph\">{\"@context\":\"https:\\\/\\\/schema.org\",\"@graph\":[{\"@type\":\"WebPage\",\"@id\":\"https:\\\/\\\/stromerzeuger-ankauf.de\\\/da\\\/indkoeb-af-kraftvaerker\\\/\",\"url\":\"https:\\\/\\\/stromerzeuger-ankauf.de\\\/da\\\/indkoeb-af-kraftvaerker\\\/\",\"name\":\"stromerzeugerankauf Indk\u00f8b af kraftv\u00e6rker -\",\"isPartOf\":{\"@id\":\"https:\\\/\\\/stromerzeuger-ankauf.de\\\/da\\\/#website\"},\"primaryImageOfPage\":{\"@id\":\"https:\\\/\\\/stromerzeuger-ankauf.de\\\/da\\\/indkoeb-af-kraftvaerker\\\/#primaryimage\"},\"image\":{\"@id\":\"https:\\\/\\\/stromerzeuger-ankauf.de\\\/da\\\/indkoeb-af-kraftvaerker\\\/#primaryimage\"},\"thumbnailUrl\":\"https:\\\/\\\/stromerzeuger-ankauf.de\\\/wp-content\\\/uploads\\\/2023\\\/07\\\/Dresser-Rand_GAF-5C_Kondensations-Dampfturbine.jpg\",\"datePublished\":\"2023-10-04T12:26:11+00:00\",\"dateModified\":\"2024-08-09T10:08:30+00:00\",\"description\":\"Vi k\u00f8ber brugte og overskydende kraftv\u00e6rker. Udover indk\u00f8b tilbyder vi ogs\u00e5 nedtagning.\",\"breadcrumb\":{\"@id\":\"https:\\\/\\\/stromerzeuger-ankauf.de\\\/da\\\/indkoeb-af-kraftvaerker\\\/#breadcrumb\"},\"inLanguage\":\"da-DK\",\"potentialAction\":[{\"@type\":\"ReadAction\",\"target\":[\"https:\\\/\\\/stromerzeuger-ankauf.de\\\/da\\\/indkoeb-af-kraftvaerker\\\/\"]}]},{\"@type\":\"ImageObject\",\"inLanguage\":\"da-DK\",\"@id\":\"https:\\\/\\\/stromerzeuger-ankauf.de\\\/da\\\/indkoeb-af-kraftvaerker\\\/#primaryimage\",\"url\":\"https:\\\/\\\/stromerzeuger-ankauf.de\\\/wp-content\\\/uploads\\\/2023\\\/07\\\/Dresser-Rand_GAF-5C_Kondensations-Dampfturbine.jpg\",\"contentUrl\":\"https:\\\/\\\/stromerzeuger-ankauf.de\\\/wp-content\\\/uploads\\\/2023\\\/07\\\/Dresser-Rand_GAF-5C_Kondensations-Dampfturbine.jpg\",\"width\":1440,\"height\":1080},{\"@type\":\"BreadcrumbList\",\"@id\":\"https:\\\/\\\/stromerzeuger-ankauf.de\\\/da\\\/indkoeb-af-kraftvaerker\\\/#breadcrumb\",\"itemListElement\":[{\"@type\":\"ListItem\",\"position\":1,\"name\":\"Startseite\",\"item\":\"https:\\\/\\\/stromerzeuger-ankauf.de\\\/da\\\/\"},{\"@type\":\"ListItem\",\"position\":2,\"name\":\"Indk\u00f8b af kraftv\u00e6rker\"}]},{\"@type\":\"WebSite\",\"@id\":\"https:\\\/\\\/stromerzeuger-ankauf.de\\\/da\\\/#website\",\"url\":\"https:\\\/\\\/stromerzeuger-ankauf.de\\\/da\\\/\",\"name\":\"stromerzeugerankauf\",\"description\":\"Die zweite Chance f\u00fcr Ihr Kraftwerk\",\"publisher\":{\"@id\":\"https:\\\/\\\/stromerzeuger-ankauf.de\\\/da\\\/#organization\"},\"potentialAction\":[{\"@type\":\"SearchAction\",\"target\":{\"@type\":\"EntryPoint\",\"urlTemplate\":\"https:\\\/\\\/stromerzeuger-ankauf.de\\\/da\\\/?s={search_term_string}\"},\"query-input\":{\"@type\":\"PropertyValueSpecification\",\"valueRequired\":true,\"valueName\":\"search_term_string\"}}],\"inLanguage\":\"da-DK\"},{\"@type\":\"Organization\",\"@id\":\"https:\\\/\\\/stromerzeuger-ankauf.de\\\/da\\\/#organization\",\"name\":\"Kandlin Stromerzeuger\u2013Ankauf GmbH\",\"url\":\"https:\\\/\\\/stromerzeuger-ankauf.de\\\/da\\\/\",\"logo\":{\"@type\":\"ImageObject\",\"inLanguage\":\"da-DK\",\"@id\":\"https:\\\/\\\/stromerzeuger-ankauf.de\\\/da\\\/#\\\/schema\\\/logo\\\/image\\\/\",\"url\":\"https:\\\/\\\/stromerzeuger-ankauf.de\\\/wp-content\\\/uploads\\\/2023\\\/07\\\/KADLIN-FINISH.jpg\",\"contentUrl\":\"https:\\\/\\\/stromerzeuger-ankauf.de\\\/wp-content\\\/uploads\\\/2023\\\/07\\\/KADLIN-FINISH.jpg\",\"width\":1418,\"height\":1064,\"caption\":\"Kandlin Stromerzeuger\u2013Ankauf GmbH\"},\"image\":{\"@id\":\"https:\\\/\\\/stromerzeuger-ankauf.de\\\/da\\\/#\\\/schema\\\/logo\\\/image\\\/\"}}]}<\/script>\n<!-- \/ Yoast SEO Premium plugin. -->","yoast_head_json":{"title":"stromerzeugerankauf Indk\u00f8b af kraftv\u00e6rker -","description":"Vi k\u00f8ber brugte og overskydende kraftv\u00e6rker. Udover indk\u00f8b tilbyder vi ogs\u00e5 nedtagning.","robots":{"index":"index","follow":"follow","max-snippet":"max-snippet:-1","max-image-preview":"max-image-preview:large","max-video-preview":"max-video-preview:-1"},"canonical":"https:\/\/stromerzeuger-ankauf.de\/da\/indkoeb-af-kraftvaerker\/","og_locale":"da_DK","og_type":"article","og_title":"Indk\u00f8b af kraftv\u00e6rker","og_description":"Vi k\u00f8ber brugte og overskydende kraftv\u00e6rker. Udover indk\u00f8b tilbyder vi ogs\u00e5 nedtagning.","og_url":"https:\/\/stromerzeuger-ankauf.de\/da\/indkoeb-af-kraftvaerker\/","og_site_name":"stromerzeugerankauf","article_modified_time":"2024-08-09T10:08:30+00:00","og_image":[{"width":1440,"height":1080,"url":"https:\/\/stromerzeuger-ankauf.de\/wp-content\/uploads\/2023\/07\/Dresser-Rand_GAF-5C_Kondensations-Dampfturbine.jpg","type":"image\/jpeg"}],"twitter_card":"summary_large_image","twitter_misc":{"Estimeret l\u00e6setid":"1 minut"},"schema":{"@context":"https:\/\/schema.org","@graph":[{"@type":"WebPage","@id":"https:\/\/stromerzeuger-ankauf.de\/da\/indkoeb-af-kraftvaerker\/","url":"https:\/\/stromerzeuger-ankauf.de\/da\/indkoeb-af-kraftvaerker\/","name":"stromerzeugerankauf Indk\u00f8b af kraftv\u00e6rker -","isPartOf":{"@id":"https:\/\/stromerzeuger-ankauf.de\/da\/#website"},"primaryImageOfPage":{"@id":"https:\/\/stromerzeuger-ankauf.de\/da\/indkoeb-af-kraftvaerker\/#primaryimage"},"image":{"@id":"https:\/\/stromerzeuger-ankauf.de\/da\/indkoeb-af-kraftvaerker\/#primaryimage"},"thumbnailUrl":"https:\/\/stromerzeuger-ankauf.de\/wp-content\/uploads\/2023\/07\/Dresser-Rand_GAF-5C_Kondensations-Dampfturbine.jpg","datePublished":"2023-10-04T12:26:11+00:00","dateModified":"2024-08-09T10:08:30+00:00","description":"Vi k\u00f8ber brugte og overskydende kraftv\u00e6rker. Udover indk\u00f8b tilbyder vi ogs\u00e5 nedtagning.","breadcrumb":{"@id":"https:\/\/stromerzeuger-ankauf.de\/da\/indkoeb-af-kraftvaerker\/#breadcrumb"},"inLanguage":"da-DK","potentialAction":[{"@type":"ReadAction","target":["https:\/\/stromerzeuger-ankauf.de\/da\/indkoeb-af-kraftvaerker\/"]}]},{"@type":"ImageObject","inLanguage":"da-DK","@id":"https:\/\/stromerzeuger-ankauf.de\/da\/indkoeb-af-kraftvaerker\/#primaryimage","url":"https:\/\/stromerzeuger-ankauf.de\/wp-content\/uploads\/2023\/07\/Dresser-Rand_GAF-5C_Kondensations-Dampfturbine.jpg","contentUrl":"https:\/\/stromerzeuger-ankauf.de\/wp-content\/uploads\/2023\/07\/Dresser-Rand_GAF-5C_Kondensations-Dampfturbine.jpg","width":1440,"height":1080},{"@type":"BreadcrumbList","@id":"https:\/\/stromerzeuger-ankauf.de\/da\/indkoeb-af-kraftvaerker\/#breadcrumb","itemListElement":[{"@type":"ListItem","position":1,"name":"Startseite","item":"https:\/\/stromerzeuger-ankauf.de\/da\/"},{"@type":"ListItem","position":2,"name":"Indk\u00f8b af kraftv\u00e6rker"}]},{"@type":"WebSite","@id":"https:\/\/stromerzeuger-ankauf.de\/da\/#website","url":"https:\/\/stromerzeuger-ankauf.de\/da\/","name":"stromerzeugerankauf","description":"Die zweite Chance f\u00fcr Ihr Kraftwerk","publisher":{"@id":"https:\/\/stromerzeuger-ankauf.de\/da\/#organization"},"potentialAction":[{"@type":"SearchAction","target":{"@type":"EntryPoint","urlTemplate":"https:\/\/stromerzeuger-ankauf.de\/da\/?s={search_term_string}"},"query-input":{"@type":"PropertyValueSpecification","valueRequired":true,"valueName":"search_term_string"}}],"inLanguage":"da-DK"},{"@type":"Organization","@id":"https:\/\/stromerzeuger-ankauf.de\/da\/#organization","name":"Kandlin Stromerzeuger\u2013Ankauf GmbH","url":"https:\/\/stromerzeuger-ankauf.de\/da\/","logo":{"@type":"ImageObject","inLanguage":"da-DK","@id":"https:\/\/stromerzeuger-ankauf.de\/da\/#\/schema\/logo\/image\/","url":"https:\/\/stromerzeuger-ankauf.de\/wp-content\/uploads\/2023\/07\/KADLIN-FINISH.jpg","contentUrl":"https:\/\/stromerzeuger-ankauf.de\/wp-content\/uploads\/2023\/07\/KADLIN-FINISH.jpg","width":1418,"height":1064,"caption":"Kandlin Stromerzeuger\u2013Ankauf GmbH"},"image":{"@id":"https:\/\/stromerzeuger-ankauf.de\/da\/#\/schema\/logo\/image\/"}}]}},"_links":{"self":[{"href":"https:\/\/stromerzeuger-ankauf.de\/da\/wp-json\/wp\/v2\/pages\/2654","targetHints":{"allow":["GET"]}}],"collection":[{"href":"https:\/\/stromerzeuger-ankauf.de\/da\/wp-json\/wp\/v2\/pages"}],"about":[{"href":"https:\/\/stromerzeuger-ankauf.de\/da\/wp-json\/wp\/v2\/types\/page"}],"author":[{"embeddable":true,"href":"https:\/\/stromerzeuger-ankauf.de\/da\/wp-json\/wp\/v2\/users\/1"}],"replies":[{"embeddable":true,"href":"https:\/\/stromerzeuger-ankauf.de\/da\/wp-json\/wp\/v2\/comments?post=2654"}],"version-history":[{"count":0,"href":"https:\/\/stromerzeuger-ankauf.de\/da\/wp-json\/wp\/v2\/pages\/2654\/revisions"}],"wp:featuredmedia":[{"embeddable":true,"href":"https:\/\/stromerzeuger-ankauf.de\/da\/wp-json\/wp\/v2\/media\/2656"}],"wp:attachment":[{"href":"https:\/\/stromerzeuger-ankauf.de\/da\/wp-json\/wp\/v2\/media?parent=2654"}],"curies":[{"name":"wp","href":"https:\/\/api.w.org\/{rel}","templated":true}]}}