{"id":2677,"date":"2018-08-15T15:07:52","date_gmt":"2018-08-15T14:07:52","guid":{"rendered":"https:\/\/stromerzeuger-ankauf.de\/ueber-uns\/"},"modified":"2025-12-23T10:53:56","modified_gmt":"2025-12-23T09:53:56","slug":"om-os","status":"publish","type":"page","link":"https:\/\/stromerzeuger-ankauf.de\/da\/om-os\/","title":{"rendered":"Om os"},"content":{"rendered":"\n<h4 class=\"wp-block-heading\" id=\"h-geschichte-ausrustung\">Historie\/udstyr<\/h4>\n\n<p><strong>Oktober 2016:<\/strong><\/p>\n\n<p>Lokationerne Solingen og Pulheim vil blive kombineret i vores hovedlager i Bergisch-Gladbach.<\/p>\n\n<p><strong>Sommer 2014:<\/strong><\/p>\n\n<p>Konvertering af Kandlin Stromerzeuger\u2013Ankauf eK til et GmbH<\/p>\n\n<p><strong>\u00c5r 2005:<\/strong><\/p>\n\n<p>Start af handel med brugte generators\u00e6t<\/p>\n\n<p><strong>Sommer 2002:<\/strong><\/p>\n\n<p>Stiftelse af virksomhed med salg af nye generators\u00e6t<\/p>\n\n<p>De fleste dampturbiner (og andre enheder) opbevares midlertidigt p\u00e5 vores Bergisch-Gladbach-lokation, indtil de s\u00e6lges videre. Her har vi et lagerareal p\u00e5 2.500 m\u00b2 og 1.000 pallepladser. Her kan kraftvarmev\u00e6rker med en v\u00e6gt p\u00e5 op til 12 tons stables oven p\u00e5 hinanden for at spare plads.<\/p>\n\n<p>En fl\u00e5de af gaffeltrucks med lastekapaciteter p\u00e5 op til 20 tons og en kran med op til 60 tons sikrer, at generators\u00e6ttene kan opbevares og fjernes hurtigt.<\/p>\n\n<h4 class=\"wp-block-heading\" id=\"h-presse\">Trykke<\/h4>\n\n<p>Presseindberetninger om os giver et indblik i vores arbejde, hvor du kan f\u00e5 meget at vide om vores branche og noget af vores st\u00f8rre demonteringsarbejde.<\/p>\n\n<div class=\"wp-block-columns is-layout-flex wp-container-core-columns-is-layout-28f84493 wp-block-columns-is-layout-flex\">\n<div class=\"wp-block-column is-layout-flow wp-block-column-is-layout-flow\" style=\"flex-basis:33.33%\">\n<p><strong>En artikel fra Gaswinner magazine 01\/2015 om os &#8220;kraftv\u00e6rksforhandlere&#8221;<\/strong><\/p>\n<\/div>\n\n\n\n<div class=\"wp-block-column is-layout-flow wp-block-column-is-layout-flow\" style=\"flex-basis:66.66%\">\n<div data-wp-interactive=\"core\/file\" class=\"wp-block-file\"><object data-wp-bind--hidden=\"!state.hasPdfPreview\" hidden class=\"wp-block-file__embed\" data=\"https:\/\/stromerzeuger-ankauf.de\/wp-content\/uploads\/2023\/07\/gaswinner_01_2015_energiewender.pdf\" type=\"application\/pdf\" style=\"width:100%;height:600px\" aria-label=\"Embed gaswinner_01_2015_energiewender.\"><\/object><a id=\"wp-block-file--media-2b4afaaa-df95-4096-afdb-5b2be0c34794\" href=\"https:\/\/stromerzeuger-ankauf.de\/wp-content\/uploads\/2023\/07\/gaswinner_01_2015_energiewender.pdf\">gaswinner_01_2015_energiewender<\/a><\/div>\n<\/div>\n<\/div>\n\n<div class=\"wp-block-columns is-layout-flex wp-container-core-columns-is-layout-28f84493 wp-block-columns-is-layout-flex\">\n<div class=\"wp-block-column is-layout-flow wp-block-column-is-layout-flow\" style=\"flex-basis:33.33%\">\n<p><strong>En avisartikel om vores arbejde<\/strong><\/p>\n<\/div>\n\n\n\n<div class=\"wp-block-column is-layout-flow wp-block-column-is-layout-flow\" style=\"flex-basis:66.66%\">\n<div data-wp-interactive=\"core\/file\" class=\"wp-block-file\"><object data-wp-bind--hidden=\"!state.hasPdfPreview\" hidden class=\"wp-block-file__embed\" data=\"https:\/\/stromerzeuger-ankauf.de\/wp-content\/uploads\/2023\/07\/Ilmenauer_Allgemeine_Solar_Gasturbine_2013.pdf\" type=\"application\/pdf\" style=\"width:100%;height:600px\" aria-label=\"Embed Ilmenauer_Allgemeine_Solar_Gasturbine_2013.\"><\/object><a id=\"wp-block-file--media-db19b348-8e8e-4118-9b5f-90d138ce3c10\" href=\"https:\/\/stromerzeuger-ankauf.de\/wp-content\/uploads\/2023\/07\/Ilmenauer_Allgemeine_Solar_Gasturbine_2013.pdf\">Ilmenauer_Allgemeine_Solar_Gasturbine_2013<\/a><\/div>\n<\/div>\n<\/div>\n\n<div class=\"wp-block-columns is-layout-flex wp-container-core-columns-is-layout-28f84493 wp-block-columns-is-layout-flex\">\n<div class=\"wp-block-column is-layout-flow wp-block-column-is-layout-flow\" style=\"flex-basis:33.33%\">\n<p><strong>Endnu en avisartikel<\/strong><\/p>\n<\/div>\n\n\n\n<div class=\"wp-block-column is-layout-flow wp-block-column-is-layout-flow\" style=\"flex-basis:66.66%\">\n<div data-wp-interactive=\"core\/file\" class=\"wp-block-file\"><object data-wp-bind--hidden=\"!state.hasPdfPreview\" hidden class=\"wp-block-file__embed\" data=\"https:\/\/stromerzeuger-ankauf.de\/wp-content\/uploads\/2023\/07\/Freies_Wort_2013_Gasturbine.pdf\" type=\"application\/pdf\" style=\"width:100%;height:600px\" aria-label=\"Embed Freies_Wort_2013_Gasturbine.\"><\/object><a id=\"wp-block-file--media-2b4afaaa-df95-4096-afdb-5b2be0c34794\" href=\"https:\/\/stromerzeuger-ankauf.de\/wp-content\/uploads\/2023\/07\/Freies_Wort_2013_Gasturbine.pdf\">Freies_Wort_2013_Gasturbine<\/a><\/div>\n<\/div>\n<\/div>\n\n<div class=\"wp-block-columns is-layout-flex wp-container-core-columns-is-layout-28f84493 wp-block-columns-is-layout-flex\">\n<div class=\"wp-block-column is-layout-flow wp-block-column-is-layout-flow\" style=\"flex-basis:33.33%\">\n<p><strong>Endnu en avisartikel<\/strong><\/p>\n<\/div>\n\n\n\n<div class=\"wp-block-column is-layout-flow wp-block-column-is-layout-flow\" style=\"flex-basis:66.66%\">\n<figure class=\"wp-block-gallery has-nested-images columns-default is-cropped wp-block-gallery-2 is-layout-flex wp-block-gallery-is-layout-flex\">\n<figure class=\"wp-block-image size-large\"><a href=\"https:\/\/stromerzeuger-ankauf.de\/wp-content\/uploads\/2023\/07\/Globalisierung_2008.jpg\" target=\"_blank\" rel=\"noopener\" data-lbwps-width=\"3900\" data-lbwps-height=\"5700\" data-lbwps-srcsmall=\"https:\/\/stromerzeuger-ankauf.de\/wp-content\/uploads\/2023\/07\/Globalisierung_2008-205x300.jpg\"><img loading=\"lazy\" decoding=\"async\" width=\"701\" height=\"1024\" data-id=\"843\" src=\"https:\/\/stromerzeuger-ankauf.de\/wp-content\/uploads\/2023\/07\/Globalisierung_2008-701x1024.jpg\" alt=\"Pressedemontering k&#xF8;b af kraftv&#xE6;rk\" class=\"wp-image-843\" srcset=\"https:\/\/stromerzeuger-ankauf.de\/wp-content\/uploads\/2023\/07\/Globalisierung_2008-701x1024.jpg 701w, https:\/\/stromerzeuger-ankauf.de\/wp-content\/uploads\/2023\/07\/Globalisierung_2008-205x300.jpg 205w, https:\/\/stromerzeuger-ankauf.de\/wp-content\/uploads\/2023\/07\/Globalisierung_2008-768x1122.jpg 768w, https:\/\/stromerzeuger-ankauf.de\/wp-content\/uploads\/2023\/07\/Globalisierung_2008-1051x1536.jpg 1051w, https:\/\/stromerzeuger-ankauf.de\/wp-content\/uploads\/2023\/07\/Globalisierung_2008-1401x2048.jpg 1401w, https:\/\/stromerzeuger-ankauf.de\/wp-content\/uploads\/2023\/07\/Globalisierung_2008-scaled.jpg 1752w\" sizes=\"auto, (max-width: 701px) 100vw, 701px\" \/><\/a><\/figure>\n<\/figure>\n<\/div>\n<\/div>\n","protected":false},"excerpt":{"rendered":"<p>Historie\/udstyr Oktober 2016: Lokationerne Solingen og Pulheim vil blive kombineret i vores hovedlager i Bergisch-Gladbach. Sommer 2014: Konvertering af Kandlin Stromerzeuger\u2013Ankauf eK til et GmbH \u00c5r 2005: Start af handel med brugte generators\u00e6t Sommer 2002: Stiftelse af virksomhed med salg af nye generators\u00e6t De fleste dampturbiner (og andre enheder) opbevares midlertidigt p\u00e5 vores Bergisch-Gladbach-lokation, indtil [&hellip;]<\/p>\n","protected":false},"author":1,"featured_media":2680,"parent":0,"menu_order":54,"comment_status":"closed","ping_status":"closed","template":"","meta":{"footnotes":""},"class_list":["post-2677","page","type-page","status-publish","has-post-thumbnail","hentry"],"yoast_head":"<!-- This site is optimized with the Yoast SEO Premium plugin v27.2 (Yoast SEO v27.3) - https:\/\/yoast.com\/product\/yoast-seo-premium-wordpress\/ -->\n<title>Om os - stromerzeugerankauf<\/title>\n<meta name=\"description\" content=\"F\u00e5 mere at vide om os og vores arbejde. Virksomhedens historie, vores udstyr og presseartikler giver dig et indblik her.\" \/>\n<meta name=\"robots\" content=\"index, follow, max-snippet:-1, max-image-preview:large, max-video-preview:-1\" \/>\n<link rel=\"canonical\" href=\"https:\/\/stromerzeuger-ankauf.de\/da\/om-os\/\" \/>\n<meta property=\"og:locale\" content=\"da_DK\" \/>\n<meta property=\"og:type\" content=\"article\" \/>\n<meta property=\"og:title\" content=\"Om os\" \/>\n<meta property=\"og:description\" content=\"F\u00e5 mere at vide om os og vores arbejde. Virksomhedens historie, vores udstyr og presseartikler giver dig et indblik her.\" \/>\n<meta property=\"og:url\" content=\"https:\/\/stromerzeuger-ankauf.de\/da\/om-os\/\" \/>\n<meta property=\"og:site_name\" content=\"stromerzeugerankauf\" \/>\n<meta property=\"article:modified_time\" content=\"2025-12-23T09:53:56+00:00\" \/>\n<meta property=\"og:image\" content=\"https:\/\/stromerzeuger-ankauf.de\/wp-content\/uploads\/2023\/07\/MTU-AE-20V4000-L632.jpg\" \/>\n\t<meta property=\"og:image:width\" content=\"1440\" \/>\n\t<meta property=\"og:image:height\" content=\"1080\" \/>\n\t<meta property=\"og:image:type\" content=\"image\/jpeg\" \/>\n<meta name=\"twitter:card\" content=\"summary_large_image\" \/>\n<meta name=\"twitter:label1\" content=\"Estimeret l\u00e6setid\" \/>\n\t<meta name=\"twitter:data1\" content=\"1 minut\" \/>\n<script type=\"application\/ld+json\" class=\"yoast-schema-graph\">{\"@context\":\"https:\\\/\\\/schema.org\",\"@graph\":[{\"@type\":\"WebPage\",\"@id\":\"https:\\\/\\\/stromerzeuger-ankauf.de\\\/da\\\/om-os\\\/\",\"url\":\"https:\\\/\\\/stromerzeuger-ankauf.de\\\/da\\\/om-os\\\/\",\"name\":\"Om os - stromerzeugerankauf\",\"isPartOf\":{\"@id\":\"https:\\\/\\\/stromerzeuger-ankauf.de\\\/da\\\/#website\"},\"primaryImageOfPage\":{\"@id\":\"https:\\\/\\\/stromerzeuger-ankauf.de\\\/da\\\/om-os\\\/#primaryimage\"},\"image\":{\"@id\":\"https:\\\/\\\/stromerzeuger-ankauf.de\\\/da\\\/om-os\\\/#primaryimage\"},\"thumbnailUrl\":\"https:\\\/\\\/stromerzeuger-ankauf.de\\\/wp-content\\\/uploads\\\/2023\\\/07\\\/MTU-AE-20V4000-L632.jpg\",\"datePublished\":\"2018-08-15T14:07:52+00:00\",\"dateModified\":\"2025-12-23T09:53:56+00:00\",\"description\":\"F\u00e5 mere at vide om os og vores arbejde. Virksomhedens historie, vores udstyr og presseartikler giver dig et indblik her.\",\"breadcrumb\":{\"@id\":\"https:\\\/\\\/stromerzeuger-ankauf.de\\\/da\\\/om-os\\\/#breadcrumb\"},\"inLanguage\":\"da-DK\",\"potentialAction\":[{\"@type\":\"ReadAction\",\"target\":[\"https:\\\/\\\/stromerzeuger-ankauf.de\\\/da\\\/om-os\\\/\"]}]},{\"@type\":\"ImageObject\",\"inLanguage\":\"da-DK\",\"@id\":\"https:\\\/\\\/stromerzeuger-ankauf.de\\\/da\\\/om-os\\\/#primaryimage\",\"url\":\"https:\\\/\\\/stromerzeuger-ankauf.de\\\/wp-content\\\/uploads\\\/2023\\\/07\\\/MTU-AE-20V4000-L632.jpg\",\"contentUrl\":\"https:\\\/\\\/stromerzeuger-ankauf.de\\\/wp-content\\\/uploads\\\/2023\\\/07\\\/MTU-AE-20V4000-L632.jpg\",\"width\":1440,\"height\":1080},{\"@type\":\"BreadcrumbList\",\"@id\":\"https:\\\/\\\/stromerzeuger-ankauf.de\\\/da\\\/om-os\\\/#breadcrumb\",\"itemListElement\":[{\"@type\":\"ListItem\",\"position\":1,\"name\":\"Startseite\",\"item\":\"https:\\\/\\\/stromerzeuger-ankauf.de\\\/da\\\/\"},{\"@type\":\"ListItem\",\"position\":2,\"name\":\"Om os\"}]},{\"@type\":\"WebSite\",\"@id\":\"https:\\\/\\\/stromerzeuger-ankauf.de\\\/da\\\/#website\",\"url\":\"https:\\\/\\\/stromerzeuger-ankauf.de\\\/da\\\/\",\"name\":\"stromerzeugerankauf\",\"description\":\"Die zweite Chance f\u00fcr Ihr Kraftwerk\",\"publisher\":{\"@id\":\"https:\\\/\\\/stromerzeuger-ankauf.de\\\/da\\\/#organization\"},\"potentialAction\":[{\"@type\":\"SearchAction\",\"target\":{\"@type\":\"EntryPoint\",\"urlTemplate\":\"https:\\\/\\\/stromerzeuger-ankauf.de\\\/da\\\/?s={search_term_string}\"},\"query-input\":{\"@type\":\"PropertyValueSpecification\",\"valueRequired\":true,\"valueName\":\"search_term_string\"}}],\"inLanguage\":\"da-DK\"},{\"@type\":\"Organization\",\"@id\":\"https:\\\/\\\/stromerzeuger-ankauf.de\\\/da\\\/#organization\",\"name\":\"Kandlin Stromerzeuger\u2013Ankauf GmbH\",\"url\":\"https:\\\/\\\/stromerzeuger-ankauf.de\\\/da\\\/\",\"logo\":{\"@type\":\"ImageObject\",\"inLanguage\":\"da-DK\",\"@id\":\"https:\\\/\\\/stromerzeuger-ankauf.de\\\/da\\\/#\\\/schema\\\/logo\\\/image\\\/\",\"url\":\"https:\\\/\\\/stromerzeuger-ankauf.de\\\/wp-content\\\/uploads\\\/2023\\\/07\\\/KADLIN-FINISH.jpg\",\"contentUrl\":\"https:\\\/\\\/stromerzeuger-ankauf.de\\\/wp-content\\\/uploads\\\/2023\\\/07\\\/KADLIN-FINISH.jpg\",\"width\":1418,\"height\":1064,\"caption\":\"Kandlin Stromerzeuger\u2013Ankauf GmbH\"},\"image\":{\"@id\":\"https:\\\/\\\/stromerzeuger-ankauf.de\\\/da\\\/#\\\/schema\\\/logo\\\/image\\\/\"}}]}<\/script>\n<!-- \/ Yoast SEO Premium plugin. -->","yoast_head_json":{"title":"Om os - stromerzeugerankauf","description":"F\u00e5 mere at vide om os og vores arbejde. Virksomhedens historie, vores udstyr og presseartikler giver dig et indblik her.","robots":{"index":"index","follow":"follow","max-snippet":"max-snippet:-1","max-image-preview":"max-image-preview:large","max-video-preview":"max-video-preview:-1"},"canonical":"https:\/\/stromerzeuger-ankauf.de\/da\/om-os\/","og_locale":"da_DK","og_type":"article","og_title":"Om os","og_description":"F\u00e5 mere at vide om os og vores arbejde. Virksomhedens historie, vores udstyr og presseartikler giver dig et indblik her.","og_url":"https:\/\/stromerzeuger-ankauf.de\/da\/om-os\/","og_site_name":"stromerzeugerankauf","article_modified_time":"2025-12-23T09:53:56+00:00","og_image":[{"width":1440,"height":1080,"url":"https:\/\/stromerzeuger-ankauf.de\/wp-content\/uploads\/2023\/07\/MTU-AE-20V4000-L632.jpg","type":"image\/jpeg"}],"twitter_card":"summary_large_image","twitter_misc":{"Estimeret l\u00e6setid":"1 minut"},"schema":{"@context":"https:\/\/schema.org","@graph":[{"@type":"WebPage","@id":"https:\/\/stromerzeuger-ankauf.de\/da\/om-os\/","url":"https:\/\/stromerzeuger-ankauf.de\/da\/om-os\/","name":"Om os - stromerzeugerankauf","isPartOf":{"@id":"https:\/\/stromerzeuger-ankauf.de\/da\/#website"},"primaryImageOfPage":{"@id":"https:\/\/stromerzeuger-ankauf.de\/da\/om-os\/#primaryimage"},"image":{"@id":"https:\/\/stromerzeuger-ankauf.de\/da\/om-os\/#primaryimage"},"thumbnailUrl":"https:\/\/stromerzeuger-ankauf.de\/wp-content\/uploads\/2023\/07\/MTU-AE-20V4000-L632.jpg","datePublished":"2018-08-15T14:07:52+00:00","dateModified":"2025-12-23T09:53:56+00:00","description":"F\u00e5 mere at vide om os og vores arbejde. Virksomhedens historie, vores udstyr og presseartikler giver dig et indblik her.","breadcrumb":{"@id":"https:\/\/stromerzeuger-ankauf.de\/da\/om-os\/#breadcrumb"},"inLanguage":"da-DK","potentialAction":[{"@type":"ReadAction","target":["https:\/\/stromerzeuger-ankauf.de\/da\/om-os\/"]}]},{"@type":"ImageObject","inLanguage":"da-DK","@id":"https:\/\/stromerzeuger-ankauf.de\/da\/om-os\/#primaryimage","url":"https:\/\/stromerzeuger-ankauf.de\/wp-content\/uploads\/2023\/07\/MTU-AE-20V4000-L632.jpg","contentUrl":"https:\/\/stromerzeuger-ankauf.de\/wp-content\/uploads\/2023\/07\/MTU-AE-20V4000-L632.jpg","width":1440,"height":1080},{"@type":"BreadcrumbList","@id":"https:\/\/stromerzeuger-ankauf.de\/da\/om-os\/#breadcrumb","itemListElement":[{"@type":"ListItem","position":1,"name":"Startseite","item":"https:\/\/stromerzeuger-ankauf.de\/da\/"},{"@type":"ListItem","position":2,"name":"Om os"}]},{"@type":"WebSite","@id":"https:\/\/stromerzeuger-ankauf.de\/da\/#website","url":"https:\/\/stromerzeuger-ankauf.de\/da\/","name":"stromerzeugerankauf","description":"Die zweite Chance f\u00fcr Ihr Kraftwerk","publisher":{"@id":"https:\/\/stromerzeuger-ankauf.de\/da\/#organization"},"potentialAction":[{"@type":"SearchAction","target":{"@type":"EntryPoint","urlTemplate":"https:\/\/stromerzeuger-ankauf.de\/da\/?s={search_term_string}"},"query-input":{"@type":"PropertyValueSpecification","valueRequired":true,"valueName":"search_term_string"}}],"inLanguage":"da-DK"},{"@type":"Organization","@id":"https:\/\/stromerzeuger-ankauf.de\/da\/#organization","name":"Kandlin Stromerzeuger\u2013Ankauf GmbH","url":"https:\/\/stromerzeuger-ankauf.de\/da\/","logo":{"@type":"ImageObject","inLanguage":"da-DK","@id":"https:\/\/stromerzeuger-ankauf.de\/da\/#\/schema\/logo\/image\/","url":"https:\/\/stromerzeuger-ankauf.de\/wp-content\/uploads\/2023\/07\/KADLIN-FINISH.jpg","contentUrl":"https:\/\/stromerzeuger-ankauf.de\/wp-content\/uploads\/2023\/07\/KADLIN-FINISH.jpg","width":1418,"height":1064,"caption":"Kandlin Stromerzeuger\u2013Ankauf GmbH"},"image":{"@id":"https:\/\/stromerzeuger-ankauf.de\/da\/#\/schema\/logo\/image\/"}}]}},"_links":{"self":[{"href":"https:\/\/stromerzeuger-ankauf.de\/da\/wp-json\/wp\/v2\/pages\/2677","targetHints":{"allow":["GET"]}}],"collection":[{"href":"https:\/\/stromerzeuger-ankauf.de\/da\/wp-json\/wp\/v2\/pages"}],"about":[{"href":"https:\/\/stromerzeuger-ankauf.de\/da\/wp-json\/wp\/v2\/types\/page"}],"author":[{"embeddable":true,"href":"https:\/\/stromerzeuger-ankauf.de\/da\/wp-json\/wp\/v2\/users\/1"}],"replies":[{"embeddable":true,"href":"https:\/\/stromerzeuger-ankauf.de\/da\/wp-json\/wp\/v2\/comments?post=2677"}],"version-history":[{"count":1,"href":"https:\/\/stromerzeuger-ankauf.de\/da\/wp-json\/wp\/v2\/pages\/2677\/revisions"}],"predecessor-version":[{"id":3075,"href":"https:\/\/stromerzeuger-ankauf.de\/da\/wp-json\/wp\/v2\/pages\/2677\/revisions\/3075"}],"wp:featuredmedia":[{"embeddable":true,"href":"https:\/\/stromerzeuger-ankauf.de\/da\/wp-json\/wp\/v2\/media\/2680"}],"wp:attachment":[{"href":"https:\/\/stromerzeuger-ankauf.de\/da\/wp-json\/wp\/v2\/media?parent=2677"}],"curies":[{"name":"wp","href":"https:\/\/api.w.org\/{rel}","templated":true}]}}