{"id":2491,"date":"2018-08-17T06:50:53","date_gmt":"2018-08-17T05:50:53","guid":{"rendered":"https:\/\/stromerzeuger-ankauf.de\/imprimir\/"},"modified":"2023-10-17T12:23:52","modified_gmt":"2023-10-17T11:23:52","slug":"imprimir","status":"publish","type":"page","link":"https:\/\/stromerzeuger-ankauf.de\/es\/imprimir\/","title":{"rendered":"Imprimir"},"content":{"rendered":"\n<h4 class=\"wp-block-heading\">Seg\u00fan el art\u00edculo 5 de la TMG<\/h4>\n\n<p>Kandlin Stromzeuger-Ankauf GmbH<br\/>Kurtener Stra\u00dfe 13<br\/>51465 Bergisch-Gladbach<\/p>\n\n<p><strong>Representado por:<\/strong><br\/>Director General Andr\u00e9 Kandlin<\/p>\n\n<p><strong>Contacto:<\/strong><br\/>Tel\u00e9fono: 02202-2492258<br\/>Correo electr\u00f3nico: info@stromerzeuger-ankauf.de<\/p>\n\n<p><strong>Entrada de registro:<\/strong><br\/>Inscripci\u00f3n en el registro mercantil.<br\/>N\u00famero de registro: 82311<\/p>\n\n<p><strong>Identificaci\u00f3n del impuesto:<\/strong><br\/>N\u00famero de identificaci\u00f3n del impuesto sobre las ventas de conformidad con el art\u00edculo 27a de la Ley del Impuesto sobre las Ventas: DE296362005<\/p>\n\n<p><strong>Autoridad supervisora:<\/strong><br\/>Tribunal de registro: Tribunal de Distrito de Colonia<\/p>\n\n<h4 class=\"wp-block-heading\">Descargo de responsabilidad:<\/h4>\n\n<p><strong>Responsabilidad por el contenido<\/strong><br\/><br\/>Los contenidos de nuestras p\u00e1ginas fueron creados con mucho cuidado. Sin embargo, no podemos garantizar que el contenido sea correcto, completo o actualizado. Como proveedor de servicios, cumplimos con el art\u00edculo 7, apartado 1. TMG es responsable del propio contenido de estas p\u00e1ginas de acuerdo con las leyes generales. Sin embargo, seg\u00fan los art\u00edculos 8 a 10 de la TMG, como proveedor de servicios no estamos obligados a controlar la informaci\u00f3n de terceros transmitida o almacenada ni a investigar circunstancias que indiquen una actividad ilegal. Las obligaciones de eliminar o bloquear el uso de informaci\u00f3n de acuerdo con la ley general no se ver\u00e1n afectadas. Sin embargo, la responsabilidad a este respecto s\u00f3lo es posible a partir del momento en que se tiene conocimiento de una infracci\u00f3n legal espec\u00edfica. Si tenemos conocimiento de alguna infracci\u00f3n legal correspondiente, eliminaremos inmediatamente este contenido.<br\/><br\/><strong>Responsabilidad por enlaces<\/strong><br\/><br\/>Nuestra oferta contiene enlaces a sitios web externos de terceros sobre cuyo contenido no tenemos ninguna influencia. Por lo tanto, no podemos asumir ninguna responsabilidad por este contenido externo. El respectivo proveedor u operador de las p\u00e1ginas es siempre responsable del contenido de las p\u00e1ginas enlazadas. En el momento de la vinculaci\u00f3n se comprobaron las p\u00e1ginas enlazadas para detectar posibles infracciones legales. El contenido ilegal no era evidente en el momento del enlace. Sin embargo, un control permanente del contenido de las p\u00e1ginas enlazadas no es razonable sin pruebas concretas de una infracci\u00f3n legal. Si tenemos conocimiento de alguna infracci\u00f3n legal, eliminaremos inmediatamente dichos enlaces.<\/p>\n\n<h4 class=\"wp-block-heading\">Derechos de autor<\/h4>\n\n<p>Los contenidos y trabajos de estas p\u00e1ginas creados por los operadores del sitio est\u00e1n sujetos a la ley de derechos de autor alemana. La reproducci\u00f3n, procesamiento, distribuci\u00f3n y cualquier tipo de explotaci\u00f3n fuera de los l\u00edmites de la ley de derechos de autor requieren el consentimiento por escrito del respectivo autor o creador. Las descargas y copias de esta p\u00e1gina s\u00f3lo est\u00e1n permitidas para uso privado y no comercial. Si el contenido de este sitio no fue creado por el operador, se respetan los derechos de autor de terceros. En particular, se marcan como tales contenidos de terceros. No obstante, si tiene conocimiento de una infracci\u00f3n de derechos de autor, le pedimos que nos lo notifique en consecuencia. Si tenemos conocimiento de alguna infracci\u00f3n legal, eliminaremos inmediatamente dicho contenido.<\/p>\n","protected":false},"excerpt":{"rendered":"<p>Seg\u00fan el art\u00edculo 5 de la TMG Kandlin Stromzeuger-Ankauf GmbHKurtener Stra\u00dfe 1351465 Bergisch-Gladbach Representado por:Director General Andr\u00e9 Kandlin Contacto:Tel\u00e9fono: 02202-2492258Correo electr\u00f3nico: info@stromerzeuger-ankauf.de Entrada de registro:Inscripci\u00f3n en el registro mercantil.N\u00famero de registro: 82311 Identificaci\u00f3n del impuesto:N\u00famero de identificaci\u00f3n del impuesto sobre las ventas de conformidad con el art\u00edculo 27a de la Ley del Impuesto sobre las [&hellip;]<\/p>\n","protected":false},"author":1,"featured_media":2493,"parent":0,"menu_order":71,"comment_status":"closed","ping_status":"closed","template":"","meta":{"footnotes":""},"class_list":["post-2491","page","type-page","status-publish","has-post-thumbnail","hentry"],"yoast_head":"<!-- This site is optimized with the Yoast SEO Premium plugin v27.2 (Yoast SEO v27.5) - https:\/\/yoast.com\/product\/yoast-seo-premium-wordpress\/ -->\n<title>Imprimir - stromerzeugerankauf<\/title>\n<meta name=\"description\" content=\"Informaci\u00f3n de acuerdo con la Secci\u00f3n 5 TMG, contacto, impuesto sobre las ventas, resoluci\u00f3n de disputas, responsabilidad, derechos de autor y declaraci\u00f3n de protecci\u00f3n de datos.\" \/>\n<meta name=\"robots\" content=\"index, follow, max-snippet:-1, max-image-preview:large, max-video-preview:-1\" \/>\n<link rel=\"canonical\" href=\"https:\/\/stromerzeuger-ankauf.de\/es\/imprimir\/\" \/>\n<meta property=\"og:locale\" content=\"es_ES\" \/>\n<meta property=\"og:type\" content=\"article\" \/>\n<meta property=\"og:title\" content=\"Imprimir\" \/>\n<meta property=\"og:description\" content=\"Informaci\u00f3n de acuerdo con la Secci\u00f3n 5 TMG, contacto, impuesto sobre las ventas, resoluci\u00f3n de disputas, responsabilidad, derechos de autor y declaraci\u00f3n de protecci\u00f3n de datos.\" \/>\n<meta property=\"og:url\" content=\"https:\/\/stromerzeuger-ankauf.de\/es\/imprimir\/\" \/>\n<meta property=\"og:site_name\" content=\"stromerzeugerankauf\" \/>\n<meta property=\"article:modified_time\" content=\"2023-10-17T11:23:52+00:00\" \/>\n<meta property=\"og:image\" content=\"https:\/\/stromerzeuger-ankauf.de\/wp-content\/uploads\/2023\/07\/Solar-Gasturbine-Saturn-1034.jpg\" \/>\n\t<meta property=\"og:image:width\" content=\"1440\" \/>\n\t<meta property=\"og:image:height\" content=\"1080\" \/>\n\t<meta property=\"og:image:type\" content=\"image\/jpeg\" \/>\n<meta name=\"twitter:card\" content=\"summary_large_image\" \/>\n<meta name=\"twitter:label1\" content=\"Tiempo de lectura\" \/>\n\t<meta name=\"twitter:data1\" content=\"2 minutos\" \/>\n<script type=\"application\/ld+json\" class=\"yoast-schema-graph\">{\"@context\":\"https:\\\/\\\/schema.org\",\"@graph\":[{\"@type\":[\"WebPage\",\"AboutPage\"],\"@id\":\"https:\\\/\\\/stromerzeuger-ankauf.de\\\/es\\\/imprimir\\\/\",\"url\":\"https:\\\/\\\/stromerzeuger-ankauf.de\\\/es\\\/imprimir\\\/\",\"name\":\"Imprimir - stromerzeugerankauf\",\"isPartOf\":{\"@id\":\"https:\\\/\\\/stromerzeuger-ankauf.de\\\/es\\\/#website\"},\"primaryImageOfPage\":{\"@id\":\"https:\\\/\\\/stromerzeuger-ankauf.de\\\/es\\\/imprimir\\\/#primaryimage\"},\"image\":{\"@id\":\"https:\\\/\\\/stromerzeuger-ankauf.de\\\/es\\\/imprimir\\\/#primaryimage\"},\"thumbnailUrl\":\"https:\\\/\\\/stromerzeuger-ankauf.de\\\/wp-content\\\/uploads\\\/2023\\\/07\\\/Solar-Gasturbine-Saturn-1034.jpg\",\"datePublished\":\"2018-08-17T05:50:53+00:00\",\"dateModified\":\"2023-10-17T11:23:52+00:00\",\"description\":\"Informaci\u00f3n de acuerdo con la Secci\u00f3n 5 TMG, contacto, impuesto sobre las ventas, resoluci\u00f3n de disputas, responsabilidad, derechos de autor y declaraci\u00f3n de protecci\u00f3n de datos.\",\"breadcrumb\":{\"@id\":\"https:\\\/\\\/stromerzeuger-ankauf.de\\\/es\\\/imprimir\\\/#breadcrumb\"},\"inLanguage\":\"es\",\"potentialAction\":[{\"@type\":\"ReadAction\",\"target\":[\"https:\\\/\\\/stromerzeuger-ankauf.de\\\/es\\\/imprimir\\\/\"]}]},{\"@type\":\"ImageObject\",\"inLanguage\":\"es\",\"@id\":\"https:\\\/\\\/stromerzeuger-ankauf.de\\\/es\\\/imprimir\\\/#primaryimage\",\"url\":\"https:\\\/\\\/stromerzeuger-ankauf.de\\\/wp-content\\\/uploads\\\/2023\\\/07\\\/Solar-Gasturbine-Saturn-1034.jpg\",\"contentUrl\":\"https:\\\/\\\/stromerzeuger-ankauf.de\\\/wp-content\\\/uploads\\\/2023\\\/07\\\/Solar-Gasturbine-Saturn-1034.jpg\",\"width\":1440,\"height\":1080},{\"@type\":\"BreadcrumbList\",\"@id\":\"https:\\\/\\\/stromerzeuger-ankauf.de\\\/es\\\/imprimir\\\/#breadcrumb\",\"itemListElement\":[{\"@type\":\"ListItem\",\"position\":1,\"name\":\"Startseite\",\"item\":\"https:\\\/\\\/stromerzeuger-ankauf.de\\\/es\\\/\"},{\"@type\":\"ListItem\",\"position\":2,\"name\":\"Imprimir\"}]},{\"@type\":\"WebSite\",\"@id\":\"https:\\\/\\\/stromerzeuger-ankauf.de\\\/es\\\/#website\",\"url\":\"https:\\\/\\\/stromerzeuger-ankauf.de\\\/es\\\/\",\"name\":\"stromerzeugerankauf\",\"description\":\"Die zweite Chance f\u00fcr Ihr Kraftwerk\",\"publisher\":{\"@id\":\"https:\\\/\\\/stromerzeuger-ankauf.de\\\/es\\\/#organization\"},\"potentialAction\":[{\"@type\":\"SearchAction\",\"target\":{\"@type\":\"EntryPoint\",\"urlTemplate\":\"https:\\\/\\\/stromerzeuger-ankauf.de\\\/es\\\/?s={search_term_string}\"},\"query-input\":{\"@type\":\"PropertyValueSpecification\",\"valueRequired\":true,\"valueName\":\"search_term_string\"}}],\"inLanguage\":\"es\"},{\"@type\":\"Organization\",\"@id\":\"https:\\\/\\\/stromerzeuger-ankauf.de\\\/es\\\/#organization\",\"name\":\"Kandlin Stromerzeuger\u2013Ankauf GmbH\",\"url\":\"https:\\\/\\\/stromerzeuger-ankauf.de\\\/es\\\/\",\"logo\":{\"@type\":\"ImageObject\",\"inLanguage\":\"es\",\"@id\":\"https:\\\/\\\/stromerzeuger-ankauf.de\\\/es\\\/#\\\/schema\\\/logo\\\/image\\\/\",\"url\":\"https:\\\/\\\/stromerzeuger-ankauf.de\\\/wp-content\\\/uploads\\\/2023\\\/07\\\/KADLIN-FINISH.jpg\",\"contentUrl\":\"https:\\\/\\\/stromerzeuger-ankauf.de\\\/wp-content\\\/uploads\\\/2023\\\/07\\\/KADLIN-FINISH.jpg\",\"width\":1418,\"height\":1064,\"caption\":\"Kandlin Stromerzeuger\u2013Ankauf GmbH\"},\"image\":{\"@id\":\"https:\\\/\\\/stromerzeuger-ankauf.de\\\/es\\\/#\\\/schema\\\/logo\\\/image\\\/\"}}]}<\/script>\n<!-- \/ Yoast SEO Premium plugin. -->","yoast_head_json":{"title":"Imprimir - stromerzeugerankauf","description":"Informaci\u00f3n de acuerdo con la Secci\u00f3n 5 TMG, contacto, impuesto sobre las ventas, resoluci\u00f3n de disputas, responsabilidad, derechos de autor y declaraci\u00f3n de protecci\u00f3n de datos.","robots":{"index":"index","follow":"follow","max-snippet":"max-snippet:-1","max-image-preview":"max-image-preview:large","max-video-preview":"max-video-preview:-1"},"canonical":"https:\/\/stromerzeuger-ankauf.de\/es\/imprimir\/","og_locale":"es_ES","og_type":"article","og_title":"Imprimir","og_description":"Informaci\u00f3n de acuerdo con la Secci\u00f3n 5 TMG, contacto, impuesto sobre las ventas, resoluci\u00f3n de disputas, responsabilidad, derechos de autor y declaraci\u00f3n de protecci\u00f3n de datos.","og_url":"https:\/\/stromerzeuger-ankauf.de\/es\/imprimir\/","og_site_name":"stromerzeugerankauf","article_modified_time":"2023-10-17T11:23:52+00:00","og_image":[{"width":1440,"height":1080,"url":"https:\/\/stromerzeuger-ankauf.de\/wp-content\/uploads\/2023\/07\/Solar-Gasturbine-Saturn-1034.jpg","type":"image\/jpeg"}],"twitter_card":"summary_large_image","twitter_misc":{"Tiempo de lectura":"2 minutos"},"schema":{"@context":"https:\/\/schema.org","@graph":[{"@type":["WebPage","AboutPage"],"@id":"https:\/\/stromerzeuger-ankauf.de\/es\/imprimir\/","url":"https:\/\/stromerzeuger-ankauf.de\/es\/imprimir\/","name":"Imprimir - stromerzeugerankauf","isPartOf":{"@id":"https:\/\/stromerzeuger-ankauf.de\/es\/#website"},"primaryImageOfPage":{"@id":"https:\/\/stromerzeuger-ankauf.de\/es\/imprimir\/#primaryimage"},"image":{"@id":"https:\/\/stromerzeuger-ankauf.de\/es\/imprimir\/#primaryimage"},"thumbnailUrl":"https:\/\/stromerzeuger-ankauf.de\/wp-content\/uploads\/2023\/07\/Solar-Gasturbine-Saturn-1034.jpg","datePublished":"2018-08-17T05:50:53+00:00","dateModified":"2023-10-17T11:23:52+00:00","description":"Informaci\u00f3n de acuerdo con la Secci\u00f3n 5 TMG, contacto, impuesto sobre las ventas, resoluci\u00f3n de disputas, responsabilidad, derechos de autor y declaraci\u00f3n de protecci\u00f3n de datos.","breadcrumb":{"@id":"https:\/\/stromerzeuger-ankauf.de\/es\/imprimir\/#breadcrumb"},"inLanguage":"es","potentialAction":[{"@type":"ReadAction","target":["https:\/\/stromerzeuger-ankauf.de\/es\/imprimir\/"]}]},{"@type":"ImageObject","inLanguage":"es","@id":"https:\/\/stromerzeuger-ankauf.de\/es\/imprimir\/#primaryimage","url":"https:\/\/stromerzeuger-ankauf.de\/wp-content\/uploads\/2023\/07\/Solar-Gasturbine-Saturn-1034.jpg","contentUrl":"https:\/\/stromerzeuger-ankauf.de\/wp-content\/uploads\/2023\/07\/Solar-Gasturbine-Saturn-1034.jpg","width":1440,"height":1080},{"@type":"BreadcrumbList","@id":"https:\/\/stromerzeuger-ankauf.de\/es\/imprimir\/#breadcrumb","itemListElement":[{"@type":"ListItem","position":1,"name":"Startseite","item":"https:\/\/stromerzeuger-ankauf.de\/es\/"},{"@type":"ListItem","position":2,"name":"Imprimir"}]},{"@type":"WebSite","@id":"https:\/\/stromerzeuger-ankauf.de\/es\/#website","url":"https:\/\/stromerzeuger-ankauf.de\/es\/","name":"stromerzeugerankauf","description":"Die zweite Chance f\u00fcr Ihr Kraftwerk","publisher":{"@id":"https:\/\/stromerzeuger-ankauf.de\/es\/#organization"},"potentialAction":[{"@type":"SearchAction","target":{"@type":"EntryPoint","urlTemplate":"https:\/\/stromerzeuger-ankauf.de\/es\/?s={search_term_string}"},"query-input":{"@type":"PropertyValueSpecification","valueRequired":true,"valueName":"search_term_string"}}],"inLanguage":"es"},{"@type":"Organization","@id":"https:\/\/stromerzeuger-ankauf.de\/es\/#organization","name":"Kandlin Stromerzeuger\u2013Ankauf GmbH","url":"https:\/\/stromerzeuger-ankauf.de\/es\/","logo":{"@type":"ImageObject","inLanguage":"es","@id":"https:\/\/stromerzeuger-ankauf.de\/es\/#\/schema\/logo\/image\/","url":"https:\/\/stromerzeuger-ankauf.de\/wp-content\/uploads\/2023\/07\/KADLIN-FINISH.jpg","contentUrl":"https:\/\/stromerzeuger-ankauf.de\/wp-content\/uploads\/2023\/07\/KADLIN-FINISH.jpg","width":1418,"height":1064,"caption":"Kandlin Stromerzeuger\u2013Ankauf GmbH"},"image":{"@id":"https:\/\/stromerzeuger-ankauf.de\/es\/#\/schema\/logo\/image\/"}}]}},"_links":{"self":[{"href":"https:\/\/stromerzeuger-ankauf.de\/es\/wp-json\/wp\/v2\/pages\/2491","targetHints":{"allow":["GET"]}}],"collection":[{"href":"https:\/\/stromerzeuger-ankauf.de\/es\/wp-json\/wp\/v2\/pages"}],"about":[{"href":"https:\/\/stromerzeuger-ankauf.de\/es\/wp-json\/wp\/v2\/types\/page"}],"author":[{"embeddable":true,"href":"https:\/\/stromerzeuger-ankauf.de\/es\/wp-json\/wp\/v2\/users\/1"}],"replies":[{"embeddable":true,"href":"https:\/\/stromerzeuger-ankauf.de\/es\/wp-json\/wp\/v2\/comments?post=2491"}],"version-history":[{"count":0,"href":"https:\/\/stromerzeuger-ankauf.de\/es\/wp-json\/wp\/v2\/pages\/2491\/revisions"}],"wp:featuredmedia":[{"embeddable":true,"href":"https:\/\/stromerzeuger-ankauf.de\/es\/wp-json\/wp\/v2\/media\/2493"}],"wp:attachment":[{"href":"https:\/\/stromerzeuger-ankauf.de\/es\/wp-json\/wp\/v2\/media?parent=2491"}],"curies":[{"name":"wp","href":"https:\/\/api.w.org\/{rel}","templated":true}]}}