{"id":2497,"date":"2018-08-15T14:31:49","date_gmt":"2018-08-15T13:31:49","guid":{"rendered":"https:\/\/stromerzeuger-ankauf.de\/contacto\/"},"modified":"2026-03-31T09:53:08","modified_gmt":"2026-03-31T08:53:08","slug":"contacto","status":"publish","type":"page","link":"https:\/\/stromerzeuger-ankauf.de\/es\/contacto\/","title":{"rendered":"Contacto"},"content":{"rendered":"\n<h3 class=\"wp-block-heading\" id=\"h-nehmen-sie-mit-uns-kontakt-auf-damit-wir-ihnen-ein-angebot-machen-konnen\">Por favor cont\u00e1ctenos para que podamos hacerle una oferta.<\/h3>\n\n<p>Se requiere al menos la siguiente informaci\u00f3n para evaluar su generador de energ\u00eda:<\/p>\n\n<ul class=\"wp-block-list\">\n<li>Condici\u00f3n<\/li>\n\n\n\n<li>A\u00f1o de fabricaci\u00f3n \/ horas de funcionamiento<\/li>\n\n\n\n<li>Unas cuantas fotos siempre son \u00fatiles.<\/li>\n\n\n\n<li>\u00bfSituaci\u00f3n de instalaci\u00f3n a nivel del suelo, en el s\u00f3tano, en altura?<\/li>\n\n\n\n<li>\u00bfCu\u00e1nto tiempo queda hasta la retirada definitiva?<\/li>\n\n\n\n<li>\u00bfLe gustar\u00eda una oferta con o sin desmontaje?<\/li>\n<\/ul>\n\n<p><strong>Kandlin Stromerzeuger-Ankauf GmbH &#8211; Almac\u00e9n Este<br\/><\/strong>An der alten Leimfabrik 2<br\/>01616 Strehla (Sajonia)<br\/>Correo electr\u00f3nico: b.koenig@stromerzeuger-ankauf.de<\/p>\n\n<p>M\u00f3vil: 0170 8280318<\/p>\n\n<h3 class=\"wp-block-heading\" id=\"h-ihr-weg-zu-uns\">Tu camino hacia nosotros<\/h3>\n\n<div class=\"wp-block-group has-global-padding is-layout-constrained wp-block-group-is-layout-constrained\">\n<iframe src=\"https:\/\/www.google.com\/maps\/embed?pb=!1m17!1m12!1m3!1d2511.2038138683915!2d7.146275029083246!3d50.99390574171826!2m3!1f0!2f0!3f0!3m2!1i1024!2i768!4f13.1!3m2!1m1!2zNTDCsDU5JzM4LjEiTiA3wrAwOCc1NC45IkU!5e0!3m2!1sde!2sza!4v1686039641325!5m2!1sde!2sza\" width=\"1200\" height=\"600\" style=\"border:1;\" allowfullscreen=\"\" loading=\"lazy\" referrerpolicy=\"no-referrer-when-downgrade\"><\/iframe>\n<\/div>\n","protected":false},"excerpt":{"rendered":"<p>Por favor cont\u00e1ctenos para que podamos hacerle una oferta. Se requiere al menos la siguiente informaci\u00f3n para evaluar su generador de energ\u00eda: Kandlin Stromerzeuger-Ankauf GmbH &#8211; Almac\u00e9n EsteAn der alten Leimfabrik 201616 Strehla (Sajonia)Correo electr\u00f3nico: b.koenig@stromerzeuger-ankauf.de M\u00f3vil: 0170 8280318 Tu camino hacia nosotros<\/p>\n","protected":false},"author":1,"featured_media":2499,"parent":0,"menu_order":65,"comment_status":"closed","ping_status":"closed","template":"","meta":{"footnotes":""},"class_list":["post-2497","page","type-page","status-publish","has-post-thumbnail","hentry"],"yoast_head":"<!-- This site is optimized with the Yoast SEO Premium plugin v27.2 (Yoast SEO v27.5) - https:\/\/yoast.com\/product\/yoast-seo-premium-wordpress\/ -->\n<title>Contacto - stromerzeugerankauf<\/title>\n<meta name=\"description\" content=\"Por favor cont\u00e1ctenos para que podamos hacerle una oferta. Aqu\u00ed podr\u00e1s averiguar qu\u00e9 datos necesitamos.\" \/>\n<meta name=\"robots\" content=\"index, follow, max-snippet:-1, max-image-preview:large, max-video-preview:-1\" \/>\n<link rel=\"canonical\" href=\"https:\/\/stromerzeuger-ankauf.de\/es\/contacto\/\" \/>\n<meta property=\"og:locale\" content=\"es_ES\" \/>\n<meta property=\"og:type\" content=\"article\" \/>\n<meta property=\"og:title\" content=\"Contacto\" \/>\n<meta property=\"og:description\" content=\"Por favor cont\u00e1ctenos para que podamos hacerle una oferta. Aqu\u00ed podr\u00e1s averiguar qu\u00e9 datos necesitamos.\" \/>\n<meta property=\"og:url\" content=\"https:\/\/stromerzeuger-ankauf.de\/es\/contacto\/\" \/>\n<meta property=\"og:site_name\" content=\"stromerzeugerankauf\" \/>\n<meta property=\"article:modified_time\" content=\"2026-03-31T08:53:08+00:00\" \/>\n<meta property=\"og:image\" content=\"https:\/\/stromerzeuger-ankauf.de\/wp-content\/uploads\/2023\/07\/Deutz-MTU-3-Dieselgeneratoren5.jpg\" \/>\n\t<meta property=\"og:image:width\" content=\"1600\" \/>\n\t<meta property=\"og:image:height\" content=\"1200\" \/>\n\t<meta property=\"og:image:type\" content=\"image\/jpeg\" \/>\n<meta name=\"twitter:card\" content=\"summary_large_image\" \/>\n<meta name=\"twitter:label1\" content=\"Tiempo de lectura\" \/>\n\t<meta name=\"twitter:data1\" content=\"1 minuto\" \/>\n<script type=\"application\/ld+json\" class=\"yoast-schema-graph\">{\"@context\":\"https:\\\/\\\/schema.org\",\"@graph\":[{\"@type\":\"WebPage\",\"@id\":\"https:\\\/\\\/stromerzeuger-ankauf.de\\\/es\\\/contacto\\\/\",\"url\":\"https:\\\/\\\/stromerzeuger-ankauf.de\\\/es\\\/contacto\\\/\",\"name\":\"Contacto - stromerzeugerankauf\",\"isPartOf\":{\"@id\":\"https:\\\/\\\/stromerzeuger-ankauf.de\\\/es\\\/#website\"},\"primaryImageOfPage\":{\"@id\":\"https:\\\/\\\/stromerzeuger-ankauf.de\\\/es\\\/contacto\\\/#primaryimage\"},\"image\":{\"@id\":\"https:\\\/\\\/stromerzeuger-ankauf.de\\\/es\\\/contacto\\\/#primaryimage\"},\"thumbnailUrl\":\"https:\\\/\\\/stromerzeuger-ankauf.de\\\/wp-content\\\/uploads\\\/2023\\\/07\\\/Deutz-MTU-3-Dieselgeneratoren5.jpg\",\"datePublished\":\"2018-08-15T13:31:49+00:00\",\"dateModified\":\"2026-03-31T08:53:08+00:00\",\"description\":\"Por favor cont\u00e1ctenos para que podamos hacerle una oferta. Aqu\u00ed podr\u00e1s averiguar qu\u00e9 datos necesitamos.\",\"breadcrumb\":{\"@id\":\"https:\\\/\\\/stromerzeuger-ankauf.de\\\/es\\\/contacto\\\/#breadcrumb\"},\"inLanguage\":\"es\",\"potentialAction\":[{\"@type\":\"ReadAction\",\"target\":[\"https:\\\/\\\/stromerzeuger-ankauf.de\\\/es\\\/contacto\\\/\"]}]},{\"@type\":\"ImageObject\",\"inLanguage\":\"es\",\"@id\":\"https:\\\/\\\/stromerzeuger-ankauf.de\\\/es\\\/contacto\\\/#primaryimage\",\"url\":\"https:\\\/\\\/stromerzeuger-ankauf.de\\\/wp-content\\\/uploads\\\/2023\\\/07\\\/Deutz-MTU-3-Dieselgeneratoren5.jpg\",\"contentUrl\":\"https:\\\/\\\/stromerzeuger-ankauf.de\\\/wp-content\\\/uploads\\\/2023\\\/07\\\/Deutz-MTU-3-Dieselgeneratoren5.jpg\",\"width\":1600,\"height\":1200},{\"@type\":\"BreadcrumbList\",\"@id\":\"https:\\\/\\\/stromerzeuger-ankauf.de\\\/es\\\/contacto\\\/#breadcrumb\",\"itemListElement\":[{\"@type\":\"ListItem\",\"position\":1,\"name\":\"Startseite\",\"item\":\"https:\\\/\\\/stromerzeuger-ankauf.de\\\/es\\\/\"},{\"@type\":\"ListItem\",\"position\":2,\"name\":\"Contacto\"}]},{\"@type\":\"WebSite\",\"@id\":\"https:\\\/\\\/stromerzeuger-ankauf.de\\\/es\\\/#website\",\"url\":\"https:\\\/\\\/stromerzeuger-ankauf.de\\\/es\\\/\",\"name\":\"stromerzeugerankauf\",\"description\":\"Die zweite Chance f\u00fcr Ihr Kraftwerk\",\"publisher\":{\"@id\":\"https:\\\/\\\/stromerzeuger-ankauf.de\\\/es\\\/#organization\"},\"potentialAction\":[{\"@type\":\"SearchAction\",\"target\":{\"@type\":\"EntryPoint\",\"urlTemplate\":\"https:\\\/\\\/stromerzeuger-ankauf.de\\\/es\\\/?s={search_term_string}\"},\"query-input\":{\"@type\":\"PropertyValueSpecification\",\"valueRequired\":true,\"valueName\":\"search_term_string\"}}],\"inLanguage\":\"es\"},{\"@type\":\"Organization\",\"@id\":\"https:\\\/\\\/stromerzeuger-ankauf.de\\\/es\\\/#organization\",\"name\":\"Kandlin Stromerzeuger\u2013Ankauf GmbH\",\"url\":\"https:\\\/\\\/stromerzeuger-ankauf.de\\\/es\\\/\",\"logo\":{\"@type\":\"ImageObject\",\"inLanguage\":\"es\",\"@id\":\"https:\\\/\\\/stromerzeuger-ankauf.de\\\/es\\\/#\\\/schema\\\/logo\\\/image\\\/\",\"url\":\"https:\\\/\\\/stromerzeuger-ankauf.de\\\/wp-content\\\/uploads\\\/2023\\\/07\\\/KADLIN-FINISH.jpg\",\"contentUrl\":\"https:\\\/\\\/stromerzeuger-ankauf.de\\\/wp-content\\\/uploads\\\/2023\\\/07\\\/KADLIN-FINISH.jpg\",\"width\":1418,\"height\":1064,\"caption\":\"Kandlin Stromerzeuger\u2013Ankauf GmbH\"},\"image\":{\"@id\":\"https:\\\/\\\/stromerzeuger-ankauf.de\\\/es\\\/#\\\/schema\\\/logo\\\/image\\\/\"}}]}<\/script>\n<!-- \/ Yoast SEO Premium plugin. -->","yoast_head_json":{"title":"Contacto - stromerzeugerankauf","description":"Por favor cont\u00e1ctenos para que podamos hacerle una oferta. Aqu\u00ed podr\u00e1s averiguar qu\u00e9 datos necesitamos.","robots":{"index":"index","follow":"follow","max-snippet":"max-snippet:-1","max-image-preview":"max-image-preview:large","max-video-preview":"max-video-preview:-1"},"canonical":"https:\/\/stromerzeuger-ankauf.de\/es\/contacto\/","og_locale":"es_ES","og_type":"article","og_title":"Contacto","og_description":"Por favor cont\u00e1ctenos para que podamos hacerle una oferta. Aqu\u00ed podr\u00e1s averiguar qu\u00e9 datos necesitamos.","og_url":"https:\/\/stromerzeuger-ankauf.de\/es\/contacto\/","og_site_name":"stromerzeugerankauf","article_modified_time":"2026-03-31T08:53:08+00:00","og_image":[{"width":1600,"height":1200,"url":"https:\/\/stromerzeuger-ankauf.de\/wp-content\/uploads\/2023\/07\/Deutz-MTU-3-Dieselgeneratoren5.jpg","type":"image\/jpeg"}],"twitter_card":"summary_large_image","twitter_misc":{"Tiempo de lectura":"1 minuto"},"schema":{"@context":"https:\/\/schema.org","@graph":[{"@type":"WebPage","@id":"https:\/\/stromerzeuger-ankauf.de\/es\/contacto\/","url":"https:\/\/stromerzeuger-ankauf.de\/es\/contacto\/","name":"Contacto - stromerzeugerankauf","isPartOf":{"@id":"https:\/\/stromerzeuger-ankauf.de\/es\/#website"},"primaryImageOfPage":{"@id":"https:\/\/stromerzeuger-ankauf.de\/es\/contacto\/#primaryimage"},"image":{"@id":"https:\/\/stromerzeuger-ankauf.de\/es\/contacto\/#primaryimage"},"thumbnailUrl":"https:\/\/stromerzeuger-ankauf.de\/wp-content\/uploads\/2023\/07\/Deutz-MTU-3-Dieselgeneratoren5.jpg","datePublished":"2018-08-15T13:31:49+00:00","dateModified":"2026-03-31T08:53:08+00:00","description":"Por favor cont\u00e1ctenos para que podamos hacerle una oferta. Aqu\u00ed podr\u00e1s averiguar qu\u00e9 datos necesitamos.","breadcrumb":{"@id":"https:\/\/stromerzeuger-ankauf.de\/es\/contacto\/#breadcrumb"},"inLanguage":"es","potentialAction":[{"@type":"ReadAction","target":["https:\/\/stromerzeuger-ankauf.de\/es\/contacto\/"]}]},{"@type":"ImageObject","inLanguage":"es","@id":"https:\/\/stromerzeuger-ankauf.de\/es\/contacto\/#primaryimage","url":"https:\/\/stromerzeuger-ankauf.de\/wp-content\/uploads\/2023\/07\/Deutz-MTU-3-Dieselgeneratoren5.jpg","contentUrl":"https:\/\/stromerzeuger-ankauf.de\/wp-content\/uploads\/2023\/07\/Deutz-MTU-3-Dieselgeneratoren5.jpg","width":1600,"height":1200},{"@type":"BreadcrumbList","@id":"https:\/\/stromerzeuger-ankauf.de\/es\/contacto\/#breadcrumb","itemListElement":[{"@type":"ListItem","position":1,"name":"Startseite","item":"https:\/\/stromerzeuger-ankauf.de\/es\/"},{"@type":"ListItem","position":2,"name":"Contacto"}]},{"@type":"WebSite","@id":"https:\/\/stromerzeuger-ankauf.de\/es\/#website","url":"https:\/\/stromerzeuger-ankauf.de\/es\/","name":"stromerzeugerankauf","description":"Die zweite Chance f\u00fcr Ihr Kraftwerk","publisher":{"@id":"https:\/\/stromerzeuger-ankauf.de\/es\/#organization"},"potentialAction":[{"@type":"SearchAction","target":{"@type":"EntryPoint","urlTemplate":"https:\/\/stromerzeuger-ankauf.de\/es\/?s={search_term_string}"},"query-input":{"@type":"PropertyValueSpecification","valueRequired":true,"valueName":"search_term_string"}}],"inLanguage":"es"},{"@type":"Organization","@id":"https:\/\/stromerzeuger-ankauf.de\/es\/#organization","name":"Kandlin Stromerzeuger\u2013Ankauf GmbH","url":"https:\/\/stromerzeuger-ankauf.de\/es\/","logo":{"@type":"ImageObject","inLanguage":"es","@id":"https:\/\/stromerzeuger-ankauf.de\/es\/#\/schema\/logo\/image\/","url":"https:\/\/stromerzeuger-ankauf.de\/wp-content\/uploads\/2023\/07\/KADLIN-FINISH.jpg","contentUrl":"https:\/\/stromerzeuger-ankauf.de\/wp-content\/uploads\/2023\/07\/KADLIN-FINISH.jpg","width":1418,"height":1064,"caption":"Kandlin Stromerzeuger\u2013Ankauf GmbH"},"image":{"@id":"https:\/\/stromerzeuger-ankauf.de\/es\/#\/schema\/logo\/image\/"}}]}},"_links":{"self":[{"href":"https:\/\/stromerzeuger-ankauf.de\/es\/wp-json\/wp\/v2\/pages\/2497","targetHints":{"allow":["GET"]}}],"collection":[{"href":"https:\/\/stromerzeuger-ankauf.de\/es\/wp-json\/wp\/v2\/pages"}],"about":[{"href":"https:\/\/stromerzeuger-ankauf.de\/es\/wp-json\/wp\/v2\/types\/page"}],"author":[{"embeddable":true,"href":"https:\/\/stromerzeuger-ankauf.de\/es\/wp-json\/wp\/v2\/users\/1"}],"replies":[{"embeddable":true,"href":"https:\/\/stromerzeuger-ankauf.de\/es\/wp-json\/wp\/v2\/comments?post=2497"}],"version-history":[{"count":3,"href":"https:\/\/stromerzeuger-ankauf.de\/es\/wp-json\/wp\/v2\/pages\/2497\/revisions"}],"predecessor-version":[{"id":3275,"href":"https:\/\/stromerzeuger-ankauf.de\/es\/wp-json\/wp\/v2\/pages\/2497\/revisions\/3275"}],"wp:featuredmedia":[{"embeddable":true,"href":"https:\/\/stromerzeuger-ankauf.de\/es\/wp-json\/wp\/v2\/media\/2499"}],"wp:attachment":[{"href":"https:\/\/stromerzeuger-ankauf.de\/es\/wp-json\/wp\/v2\/media?parent=2497"}],"curies":[{"name":"wp","href":"https:\/\/api.w.org\/{rel}","templated":true}]}}