{"id":2501,"date":"2018-08-15T15:07:52","date_gmt":"2018-08-15T14:07:52","guid":{"rendered":"https:\/\/stromerzeuger-ankauf.de\/sobre-nosotros\/"},"modified":"2026-03-03T10:53:43","modified_gmt":"2026-03-03T09:53:43","slug":"sobre-nosotros","status":"publish","type":"page","link":"https:\/\/stromerzeuger-ankauf.de\/es\/sobre-nosotros\/","title":{"rendered":"Sobre nosotros"},"content":{"rendered":"\n<h4 class=\"wp-block-heading\" id=\"h-geschichte-ausrustung\">Historia\/equipo<\/h4>\n\n<p><strong>Octubre de 2016:<\/strong><\/p>\n\n<p>Las ubicaciones de Solingen y Pulheim se combinar\u00e1n en nuestro almac\u00e9n principal en Bergisch-Gladbach.<\/p>\n\n<p><strong>Verano 2014:<\/strong><\/p>\n\n<p>Conversi\u00f3n de Kandlin Stromerzeuger\u2013Ankauf eK en una GmbH<\/p>\n\n<p><strong>A\u00f1o 2005:<\/strong><\/p>\n\n<p>Inicio de la comercializaci\u00f3n de grupos electr\u00f3genos usados.<\/p>\n\n<p><strong>Verano de 2002:<\/strong><\/p>\n\n<p>Fundaci\u00f3n de una empresa con venta de nuevos grupos electr\u00f3genos.<\/p>\n\n<p>La mayor\u00eda de las turbinas de vapor (y otras unidades) se almacenan temporalmente en nuestra ubicaci\u00f3n de Bergisch-Gladbach hasta su reventa. Aqu\u00ed disponemos de una superficie de almacenamiento de 2.500 m\u00b2 y 1.000 espacios para palets. Aqu\u00ed se pueden apilar unidades de cogeneraci\u00f3n de hasta 12 toneladas para ahorrar espacio.<\/p>\n\n<p>Una flota de carretillas elevadoras con capacidades de carga de hasta 20 toneladas y una gr\u00faa de hasta 60 toneladas garantizan que los grupos electr\u00f3genos puedan almacenarse y retirarse r\u00e1pidamente.<\/p>\n\n<h4 class=\"wp-block-heading\" id=\"h-presse\">Prensa<\/h4>\n\n<p>Los informes de prensa sobre nosotros ofrecen una visi\u00f3n de nuestro trabajo, en los que podr\u00e1 aprender mucho sobre nuestra industria y algunos de nuestros trabajos de desmantelamiento m\u00e1s importantes.<\/p>\n\n<div class=\"wp-block-columns is-layout-flex wp-container-core-columns-is-layout-28f84493 wp-block-columns-is-layout-flex\">\n<div class=\"wp-block-column is-layout-flow wp-block-column-is-layout-flow\" style=\"flex-basis:33.33%\">\n<p><strong>Un art\u00edculo de la revista Gaswinner 01\/2015 sobre nosotros, los \u201cdistribuidores de centrales el\u00e9ctricas\u201d<\/strong><\/p>\n<\/div>\n\n\n\n<div class=\"wp-block-column is-layout-flow wp-block-column-is-layout-flow\" style=\"flex-basis:66.66%\">\n<div data-wp-interactive=\"core\/file\" class=\"wp-block-file\"><object data-wp-bind--hidden=\"!state.hasPdfPreview\" hidden class=\"wp-block-file__embed\" data=\"https:\/\/stromerzeuger-ankauf.de\/wp-content\/uploads\/2023\/07\/gaswinner_01_2015_energiewender.pdf\" type=\"application\/pdf\" style=\"width:100%;height:600px\" aria-label=\"Incrustado de gaswinner_01_2015_energiewender.\"><\/object><a id=\"wp-block-file--media-2b4afaaa-df95-4096-afdb-5b2be0c34794\" href=\"https:\/\/stromerzeuger-ankauf.de\/wp-content\/uploads\/2023\/07\/gaswinner_01_2015_energiewender.pdf\">gaswinner_01_2015_energiewender<\/a><\/div>\n<\/div>\n<\/div>\n\n<div class=\"wp-block-columns is-layout-flex wp-container-core-columns-is-layout-28f84493 wp-block-columns-is-layout-flex\">\n<div class=\"wp-block-column is-layout-flow wp-block-column-is-layout-flow\" style=\"flex-basis:33.33%\">\n<p><strong>Un art\u00edculo period\u00edstico sobre nuestro trabajo.<\/strong><\/p>\n<\/div>\n\n\n\n<div class=\"wp-block-column is-layout-flow wp-block-column-is-layout-flow\" style=\"flex-basis:66.66%\">\n<div data-wp-interactive=\"core\/file\" class=\"wp-block-file\"><object data-wp-bind--hidden=\"!state.hasPdfPreview\" hidden class=\"wp-block-file__embed\" data=\"https:\/\/stromerzeuger-ankauf.de\/wp-content\/uploads\/2023\/07\/Ilmenauer_Allgemeine_Solar_Gasturbine_2013.pdf\" type=\"application\/pdf\" style=\"width:100%;height:600px\" aria-label=\"Incrustado de Ilmenauer_Allgemeine_Solar_Gasturbine_2013.\"><\/object><a id=\"wp-block-file--media-db19b348-8e8e-4118-9b5f-90d138ce3c10\" href=\"https:\/\/stromerzeuger-ankauf.de\/wp-content\/uploads\/2023\/07\/Ilmenauer_Allgemeine_Solar_Gasturbine_2013.pdf\">Ilmenauer_Allgemeine_Solar_Gasturbine_2013<\/a><\/div>\n<\/div>\n<\/div>\n\n<div class=\"wp-block-columns is-layout-flex wp-container-core-columns-is-layout-28f84493 wp-block-columns-is-layout-flex\">\n<div class=\"wp-block-column is-layout-flow wp-block-column-is-layout-flow\" style=\"flex-basis:33.33%\">\n<p><strong>Otro art\u00edculo period\u00edstico<\/strong><\/p>\n<\/div>\n\n\n\n<div class=\"wp-block-column is-layout-flow wp-block-column-is-layout-flow\" style=\"flex-basis:66.66%\">\n<div data-wp-interactive=\"core\/file\" class=\"wp-block-file\"><object data-wp-bind--hidden=\"!state.hasPdfPreview\" hidden class=\"wp-block-file__embed\" data=\"https:\/\/stromerzeuger-ankauf.de\/wp-content\/uploads\/2023\/07\/Freies_Wort_2013_Gasturbine.pdf\" type=\"application\/pdf\" style=\"width:100%;height:600px\" aria-label=\"Incrustado de Freies_Wort_2013_Gasturbine.\"><\/object><a id=\"wp-block-file--media-2b4afaaa-df95-4096-afdb-5b2be0c34794\" href=\"https:\/\/stromerzeuger-ankauf.de\/wp-content\/uploads\/2023\/07\/Freies_Wort_2013_Gasturbine.pdf\">Freies_Wort_2013_Gasturbine<\/a><\/div>\n<\/div>\n<\/div>\n\n<div class=\"wp-block-columns is-layout-flex wp-container-core-columns-is-layout-28f84493 wp-block-columns-is-layout-flex\">\n<div class=\"wp-block-column is-layout-flow wp-block-column-is-layout-flow\" style=\"flex-basis:33.33%\">\n<p><strong>Otro art\u00edculo period\u00edstico<\/strong><\/p>\n<\/div>\n\n\n\n<div class=\"wp-block-column is-layout-flow wp-block-column-is-layout-flow\" style=\"flex-basis:66.66%\">\n<figure class=\"wp-block-gallery has-nested-images columns-default is-cropped wp-block-gallery-2 is-layout-flex wp-block-gallery-is-layout-flex\">\n<figure class=\"wp-block-image size-large\"><a href=\"https:\/\/stromerzeuger-ankauf.de\/wp-content\/uploads\/2023\/07\/Globalisierung_2008.jpg\" target=\"_blank\" rel=\"noopener\" data-lbwps-width=\"3900\" data-lbwps-height=\"5700\" data-lbwps-srcsmall=\"https:\/\/stromerzeuger-ankauf.de\/wp-content\/uploads\/2023\/07\/Globalisierung_2008-205x300.jpg\"><img loading=\"lazy\" decoding=\"async\" width=\"701\" height=\"1024\" data-id=\"843\" src=\"https:\/\/stromerzeuger-ankauf.de\/wp-content\/uploads\/2023\/07\/Globalisierung_2008-701x1024.jpg\" alt=\"Prensa desmantelando compra de central el&#xE9;ctrica\" class=\"wp-image-843\" srcset=\"https:\/\/stromerzeuger-ankauf.de\/wp-content\/uploads\/2023\/07\/Globalisierung_2008-701x1024.jpg 701w, https:\/\/stromerzeuger-ankauf.de\/wp-content\/uploads\/2023\/07\/Globalisierung_2008-205x300.jpg 205w, https:\/\/stromerzeuger-ankauf.de\/wp-content\/uploads\/2023\/07\/Globalisierung_2008-768x1122.jpg 768w, https:\/\/stromerzeuger-ankauf.de\/wp-content\/uploads\/2023\/07\/Globalisierung_2008-1051x1536.jpg 1051w, https:\/\/stromerzeuger-ankauf.de\/wp-content\/uploads\/2023\/07\/Globalisierung_2008-1401x2048.jpg 1401w, https:\/\/stromerzeuger-ankauf.de\/wp-content\/uploads\/2023\/07\/Globalisierung_2008-scaled.jpg 1752w\" sizes=\"auto, (max-width: 701px) 100vw, 701px\" \/><\/a><\/figure>\n<\/figure>\n<\/div>\n<\/div>\n","protected":false},"excerpt":{"rendered":"<p>Historia\/equipo Octubre de 2016: Las ubicaciones de Solingen y Pulheim se combinar\u00e1n en nuestro almac\u00e9n principal en Bergisch-Gladbach. Verano 2014: Conversi\u00f3n de Kandlin Stromerzeuger\u2013Ankauf eK en una GmbH A\u00f1o 2005: Inicio de la comercializaci\u00f3n de grupos electr\u00f3genos usados. Verano de 2002: Fundaci\u00f3n de una empresa con venta de nuevos grupos electr\u00f3genos. La mayor\u00eda de las [&hellip;]<\/p>\n","protected":false},"author":1,"featured_media":2503,"parent":0,"menu_order":52,"comment_status":"closed","ping_status":"closed","template":"","meta":{"footnotes":""},"class_list":["post-2501","page","type-page","status-publish","has-post-thumbnail","hentry"],"yoast_head":"<!-- This site is optimized with the Yoast SEO Premium plugin v27.2 (Yoast SEO v27.3) - https:\/\/yoast.com\/product\/yoast-seo-premium-wordpress\/ -->\n<title>Sobre nosotros - stromerzeugerankauf<\/title>\n<meta name=\"description\" content=\"Descubra m\u00e1s sobre nosotros y nuestro trabajo. Aqu\u00ed podr\u00e1 conocer la historia de la empresa, nuestros equipos y art\u00edculos de prensa.\" \/>\n<meta name=\"robots\" content=\"index, follow, max-snippet:-1, max-image-preview:large, max-video-preview:-1\" \/>\n<link rel=\"canonical\" href=\"https:\/\/stromerzeuger-ankauf.de\/es\/sobre-nosotros\/\" \/>\n<meta property=\"og:locale\" content=\"es_ES\" \/>\n<meta property=\"og:type\" content=\"article\" \/>\n<meta property=\"og:title\" content=\"Sobre nosotros\" \/>\n<meta property=\"og:description\" content=\"Descubra m\u00e1s sobre nosotros y nuestro trabajo. Aqu\u00ed podr\u00e1 conocer la historia de la empresa, nuestros equipos y art\u00edculos de prensa.\" \/>\n<meta property=\"og:url\" content=\"https:\/\/stromerzeuger-ankauf.de\/es\/sobre-nosotros\/\" \/>\n<meta property=\"og:site_name\" content=\"stromerzeugerankauf\" \/>\n<meta property=\"article:modified_time\" content=\"2026-03-03T09:53:43+00:00\" \/>\n<meta property=\"og:image\" content=\"https:\/\/stromerzeuger-ankauf.de\/wp-content\/uploads\/2023\/07\/MTU-AE-20V4000-L632.jpg\" \/>\n\t<meta property=\"og:image:width\" content=\"1440\" \/>\n\t<meta property=\"og:image:height\" content=\"1080\" \/>\n\t<meta property=\"og:image:type\" content=\"image\/jpeg\" \/>\n<meta name=\"twitter:card\" content=\"summary_large_image\" \/>\n<meta name=\"twitter:label1\" content=\"Tiempo de lectura\" \/>\n\t<meta name=\"twitter:data1\" content=\"1 minuto\" \/>\n<script type=\"application\/ld+json\" class=\"yoast-schema-graph\">{\"@context\":\"https:\\\/\\\/schema.org\",\"@graph\":[{\"@type\":\"WebPage\",\"@id\":\"https:\\\/\\\/stromerzeuger-ankauf.de\\\/es\\\/sobre-nosotros\\\/\",\"url\":\"https:\\\/\\\/stromerzeuger-ankauf.de\\\/es\\\/sobre-nosotros\\\/\",\"name\":\"Sobre nosotros - stromerzeugerankauf\",\"isPartOf\":{\"@id\":\"https:\\\/\\\/stromerzeuger-ankauf.de\\\/es\\\/#website\"},\"primaryImageOfPage\":{\"@id\":\"https:\\\/\\\/stromerzeuger-ankauf.de\\\/es\\\/sobre-nosotros\\\/#primaryimage\"},\"image\":{\"@id\":\"https:\\\/\\\/stromerzeuger-ankauf.de\\\/es\\\/sobre-nosotros\\\/#primaryimage\"},\"thumbnailUrl\":\"https:\\\/\\\/stromerzeuger-ankauf.de\\\/wp-content\\\/uploads\\\/2023\\\/07\\\/MTU-AE-20V4000-L632.jpg\",\"datePublished\":\"2018-08-15T14:07:52+00:00\",\"dateModified\":\"2026-03-03T09:53:43+00:00\",\"description\":\"Descubra m\u00e1s sobre nosotros y nuestro trabajo. Aqu\u00ed podr\u00e1 conocer la historia de la empresa, nuestros equipos y art\u00edculos de prensa.\",\"breadcrumb\":{\"@id\":\"https:\\\/\\\/stromerzeuger-ankauf.de\\\/es\\\/sobre-nosotros\\\/#breadcrumb\"},\"inLanguage\":\"es\",\"potentialAction\":[{\"@type\":\"ReadAction\",\"target\":[\"https:\\\/\\\/stromerzeuger-ankauf.de\\\/es\\\/sobre-nosotros\\\/\"]}]},{\"@type\":\"ImageObject\",\"inLanguage\":\"es\",\"@id\":\"https:\\\/\\\/stromerzeuger-ankauf.de\\\/es\\\/sobre-nosotros\\\/#primaryimage\",\"url\":\"https:\\\/\\\/stromerzeuger-ankauf.de\\\/wp-content\\\/uploads\\\/2023\\\/07\\\/MTU-AE-20V4000-L632.jpg\",\"contentUrl\":\"https:\\\/\\\/stromerzeuger-ankauf.de\\\/wp-content\\\/uploads\\\/2023\\\/07\\\/MTU-AE-20V4000-L632.jpg\",\"width\":1440,\"height\":1080},{\"@type\":\"BreadcrumbList\",\"@id\":\"https:\\\/\\\/stromerzeuger-ankauf.de\\\/es\\\/sobre-nosotros\\\/#breadcrumb\",\"itemListElement\":[{\"@type\":\"ListItem\",\"position\":1,\"name\":\"Startseite\",\"item\":\"https:\\\/\\\/stromerzeuger-ankauf.de\\\/es\\\/\"},{\"@type\":\"ListItem\",\"position\":2,\"name\":\"Sobre nosotros\"}]},{\"@type\":\"WebSite\",\"@id\":\"https:\\\/\\\/stromerzeuger-ankauf.de\\\/es\\\/#website\",\"url\":\"https:\\\/\\\/stromerzeuger-ankauf.de\\\/es\\\/\",\"name\":\"stromerzeugerankauf\",\"description\":\"Die zweite Chance f\u00fcr Ihr Kraftwerk\",\"publisher\":{\"@id\":\"https:\\\/\\\/stromerzeuger-ankauf.de\\\/es\\\/#organization\"},\"potentialAction\":[{\"@type\":\"SearchAction\",\"target\":{\"@type\":\"EntryPoint\",\"urlTemplate\":\"https:\\\/\\\/stromerzeuger-ankauf.de\\\/es\\\/?s={search_term_string}\"},\"query-input\":{\"@type\":\"PropertyValueSpecification\",\"valueRequired\":true,\"valueName\":\"search_term_string\"}}],\"inLanguage\":\"es\"},{\"@type\":\"Organization\",\"@id\":\"https:\\\/\\\/stromerzeuger-ankauf.de\\\/es\\\/#organization\",\"name\":\"Kandlin Stromerzeuger\u2013Ankauf GmbH\",\"url\":\"https:\\\/\\\/stromerzeuger-ankauf.de\\\/es\\\/\",\"logo\":{\"@type\":\"ImageObject\",\"inLanguage\":\"es\",\"@id\":\"https:\\\/\\\/stromerzeuger-ankauf.de\\\/es\\\/#\\\/schema\\\/logo\\\/image\\\/\",\"url\":\"https:\\\/\\\/stromerzeuger-ankauf.de\\\/wp-content\\\/uploads\\\/2023\\\/07\\\/KADLIN-FINISH.jpg\",\"contentUrl\":\"https:\\\/\\\/stromerzeuger-ankauf.de\\\/wp-content\\\/uploads\\\/2023\\\/07\\\/KADLIN-FINISH.jpg\",\"width\":1418,\"height\":1064,\"caption\":\"Kandlin Stromerzeuger\u2013Ankauf GmbH\"},\"image\":{\"@id\":\"https:\\\/\\\/stromerzeuger-ankauf.de\\\/es\\\/#\\\/schema\\\/logo\\\/image\\\/\"}}]}<\/script>\n<!-- \/ Yoast SEO Premium plugin. -->","yoast_head_json":{"title":"Sobre nosotros - stromerzeugerankauf","description":"Descubra m\u00e1s sobre nosotros y nuestro trabajo. Aqu\u00ed podr\u00e1 conocer la historia de la empresa, nuestros equipos y art\u00edculos de prensa.","robots":{"index":"index","follow":"follow","max-snippet":"max-snippet:-1","max-image-preview":"max-image-preview:large","max-video-preview":"max-video-preview:-1"},"canonical":"https:\/\/stromerzeuger-ankauf.de\/es\/sobre-nosotros\/","og_locale":"es_ES","og_type":"article","og_title":"Sobre nosotros","og_description":"Descubra m\u00e1s sobre nosotros y nuestro trabajo. Aqu\u00ed podr\u00e1 conocer la historia de la empresa, nuestros equipos y art\u00edculos de prensa.","og_url":"https:\/\/stromerzeuger-ankauf.de\/es\/sobre-nosotros\/","og_site_name":"stromerzeugerankauf","article_modified_time":"2026-03-03T09:53:43+00:00","og_image":[{"width":1440,"height":1080,"url":"https:\/\/stromerzeuger-ankauf.de\/wp-content\/uploads\/2023\/07\/MTU-AE-20V4000-L632.jpg","type":"image\/jpeg"}],"twitter_card":"summary_large_image","twitter_misc":{"Tiempo de lectura":"1 minuto"},"schema":{"@context":"https:\/\/schema.org","@graph":[{"@type":"WebPage","@id":"https:\/\/stromerzeuger-ankauf.de\/es\/sobre-nosotros\/","url":"https:\/\/stromerzeuger-ankauf.de\/es\/sobre-nosotros\/","name":"Sobre nosotros - stromerzeugerankauf","isPartOf":{"@id":"https:\/\/stromerzeuger-ankauf.de\/es\/#website"},"primaryImageOfPage":{"@id":"https:\/\/stromerzeuger-ankauf.de\/es\/sobre-nosotros\/#primaryimage"},"image":{"@id":"https:\/\/stromerzeuger-ankauf.de\/es\/sobre-nosotros\/#primaryimage"},"thumbnailUrl":"https:\/\/stromerzeuger-ankauf.de\/wp-content\/uploads\/2023\/07\/MTU-AE-20V4000-L632.jpg","datePublished":"2018-08-15T14:07:52+00:00","dateModified":"2026-03-03T09:53:43+00:00","description":"Descubra m\u00e1s sobre nosotros y nuestro trabajo. Aqu\u00ed podr\u00e1 conocer la historia de la empresa, nuestros equipos y art\u00edculos de prensa.","breadcrumb":{"@id":"https:\/\/stromerzeuger-ankauf.de\/es\/sobre-nosotros\/#breadcrumb"},"inLanguage":"es","potentialAction":[{"@type":"ReadAction","target":["https:\/\/stromerzeuger-ankauf.de\/es\/sobre-nosotros\/"]}]},{"@type":"ImageObject","inLanguage":"es","@id":"https:\/\/stromerzeuger-ankauf.de\/es\/sobre-nosotros\/#primaryimage","url":"https:\/\/stromerzeuger-ankauf.de\/wp-content\/uploads\/2023\/07\/MTU-AE-20V4000-L632.jpg","contentUrl":"https:\/\/stromerzeuger-ankauf.de\/wp-content\/uploads\/2023\/07\/MTU-AE-20V4000-L632.jpg","width":1440,"height":1080},{"@type":"BreadcrumbList","@id":"https:\/\/stromerzeuger-ankauf.de\/es\/sobre-nosotros\/#breadcrumb","itemListElement":[{"@type":"ListItem","position":1,"name":"Startseite","item":"https:\/\/stromerzeuger-ankauf.de\/es\/"},{"@type":"ListItem","position":2,"name":"Sobre nosotros"}]},{"@type":"WebSite","@id":"https:\/\/stromerzeuger-ankauf.de\/es\/#website","url":"https:\/\/stromerzeuger-ankauf.de\/es\/","name":"stromerzeugerankauf","description":"Die zweite Chance f\u00fcr Ihr Kraftwerk","publisher":{"@id":"https:\/\/stromerzeuger-ankauf.de\/es\/#organization"},"potentialAction":[{"@type":"SearchAction","target":{"@type":"EntryPoint","urlTemplate":"https:\/\/stromerzeuger-ankauf.de\/es\/?s={search_term_string}"},"query-input":{"@type":"PropertyValueSpecification","valueRequired":true,"valueName":"search_term_string"}}],"inLanguage":"es"},{"@type":"Organization","@id":"https:\/\/stromerzeuger-ankauf.de\/es\/#organization","name":"Kandlin Stromerzeuger\u2013Ankauf GmbH","url":"https:\/\/stromerzeuger-ankauf.de\/es\/","logo":{"@type":"ImageObject","inLanguage":"es","@id":"https:\/\/stromerzeuger-ankauf.de\/es\/#\/schema\/logo\/image\/","url":"https:\/\/stromerzeuger-ankauf.de\/wp-content\/uploads\/2023\/07\/KADLIN-FINISH.jpg","contentUrl":"https:\/\/stromerzeuger-ankauf.de\/wp-content\/uploads\/2023\/07\/KADLIN-FINISH.jpg","width":1418,"height":1064,"caption":"Kandlin Stromerzeuger\u2013Ankauf GmbH"},"image":{"@id":"https:\/\/stromerzeuger-ankauf.de\/es\/#\/schema\/logo\/image\/"}}]}},"_links":{"self":[{"href":"https:\/\/stromerzeuger-ankauf.de\/es\/wp-json\/wp\/v2\/pages\/2501","targetHints":{"allow":["GET"]}}],"collection":[{"href":"https:\/\/stromerzeuger-ankauf.de\/es\/wp-json\/wp\/v2\/pages"}],"about":[{"href":"https:\/\/stromerzeuger-ankauf.de\/es\/wp-json\/wp\/v2\/types\/page"}],"author":[{"embeddable":true,"href":"https:\/\/stromerzeuger-ankauf.de\/es\/wp-json\/wp\/v2\/users\/1"}],"replies":[{"embeddable":true,"href":"https:\/\/stromerzeuger-ankauf.de\/es\/wp-json\/wp\/v2\/comments?post=2501"}],"version-history":[{"count":1,"href":"https:\/\/stromerzeuger-ankauf.de\/es\/wp-json\/wp\/v2\/pages\/2501\/revisions"}],"predecessor-version":[{"id":3238,"href":"https:\/\/stromerzeuger-ankauf.de\/es\/wp-json\/wp\/v2\/pages\/2501\/revisions\/3238"}],"wp:featuredmedia":[{"embeddable":true,"href":"https:\/\/stromerzeuger-ankauf.de\/es\/wp-json\/wp\/v2\/media\/2503"}],"wp:attachment":[{"href":"https:\/\/stromerzeuger-ankauf.de\/es\/wp-json\/wp\/v2\/media?parent=2501"}],"curies":[{"name":"wp","href":"https:\/\/api.w.org\/{rel}","templated":true}]}}