{"id":2517,"date":"2018-09-07T07:29:21","date_gmt":"2018-09-07T06:29:21","guid":{"rendered":"https:\/\/stromerzeuger-ankauf.de\/compra-de-generadores-de-electricidad\/"},"modified":"2023-10-17T13:44:31","modified_gmt":"2023-10-17T12:44:31","slug":"compra-de-generadores-de-electricidad","status":"publish","type":"page","link":"https:\/\/stromerzeuger-ankauf.de\/es\/","title":{"rendered":"Compra de generadores de electricidad"},"content":{"rendered":"\n<h4 class=\"wp-block-heading\" id=\"h-fur-unsere-weltweite-kundschaft-suchen-wir-standig-nach-gebrauchten-dampfturbinen-gasturbinen-bhkws-notstromaggregaten-und-kraftwerken-zum-ankauf\">Buscamos constantemente turbinas de vapor, turbinas de gas, cogeneradores, generadores de emergencia y plantas de energ\u00eda usados \u200b\u200bpara comprar para nuestros clientes globales.<\/h4>\n\n<p>En Kandlin Stromerzeuger &#8211; Ankauf GmbH ofrecemos de forma fiable el desmontaje y la compra de plantas de cogeneraci\u00f3n y otros generadores de energ\u00eda. Gracias a las amplias capacidades de almacenamiento en Colonia y Bergisch-Gladbach, as\u00ed como a m\u00e1s de 20 a\u00f1os de experiencia en proyectos dif\u00edciles\/urgentes, somos el socio adecuado para usted. Entonces, si desea vender generadores de energ\u00eda, no dude en contactarnos.<\/p>\n\n<h4 class=\"wp-block-heading\" id=\"h-was-wir-momentan-bevorzugt-kaufen\">Lo que actualmente preferimos comprar:<\/h4>\n\n<ul class=\"wp-block-list\">\n<li><a href=\"https:\/\/stromerzeuger-ankauf.de\/es\/compra-de-turbinas-de-vapor\/\">Turbinas de vapor<\/a> usadas de todas las capacidades a partir de los a\u00f1os 70.<br\/><\/li>\n\n\n\n<li>Generadores de energ\u00eda usados, <a href=\"https:\/\/stromerzeuger-ankauf.de\/es\/compra-de-plantas-combinadas-de-calor-y-energia\/\">centrales el\u00e9ctricas y de cogeneraci\u00f3n<\/a> , <a href=\"https:\/\/stromerzeuger-ankauf.de\/es\/compra-de-turbinas-de-gas\/\">turbinas de gas<\/a> y <a href=\"https:\/\/stromerzeuger-ankauf.de\/ankauf-dieselgeneratoren\/\">generadores de energ\u00eda de emergencia<\/a> con una potencia total de 300 KWel. *<br\/><\/li>\n\n\n\n<li>Calderas de vapor de hasta 20 a\u00f1os de antig\u00fcedad y potencia m\u00ednima de 15 MW.<\/li>\n<\/ul>\n\n<p>M\u00e1s informaci\u00f3n en nuestra <a href=\"https:\/\/stromerzeuger-ankauf.de\/es\/compra\/\">p\u00e1gina Comprar\/Desmantelar<\/a> .<\/p>\n\n<p>Recomendamos informar el apagado de un generador de energ\u00eda lo antes posible. Esto ofrece la oportunidad de seguir vendiendo desde el lugar de forma econ\u00f3mica y poder planificar mejor.<\/p>\n\n<p>Regla general: \u00a1Cuanto m\u00e1s tiempo pueda permanecer el generador de electricidad en el lugar despu\u00e9s de la firma del contrato, m\u00e1s podremos pagar! <\/p>\n\n<p>Sin embargo, la mayor\u00eda de nuestras adquisiciones son siempre \u201csalidas r\u00e1pidas\u201d, como llamamos internamente a los sistemas en los que el tiempo es cr\u00edtico. <\/p>\n\n<p>Entonces, si todos los intentos de mediaci\u00f3n han fracasado y las excavadoras de demolici\u00f3n ya est\u00e1n tocando la bocina, ll\u00e1menos. Estamos bien preparados para su emergencia. Pagar ma\u00f1ana y desmontar pasado ma\u00f1ana es nuestro fuerte.<\/p>\n\n<hr class=\"wp-block-separator has-alpha-channel-opacity\"\/>\n\n<p>* Especialmente CHP y generadores de energ\u00eda de los l\u00edderes del mercado <a href=\"https:\/\/www.jenbacher.com\/de\" target=\"_blank\" rel=\"noreferrer noopener\">Jenbacher<\/a> o <a href=\"https:\/\/www.mwm.net\/\" target=\"_blank\" rel=\"noreferrer noopener\">MWM.<\/a><\/p>\n\n<figure class=\"wp-block-gallery has-nested-images columns-default is-cropped wp-block-gallery-2 is-layout-flex wp-block-gallery-is-layout-flex\">\n<figure class=\"wp-block-image size-large\"><img loading=\"lazy\" decoding=\"async\" width=\"1440\" height=\"1080\" data-id=\"1614\" src=\"https:\/\/stromerzeuger-ankauf.de\/wp-content\/uploads\/2023\/07\/Waertsilae-16V25SG-BHKW14.jpg\" alt=\"Compra de generadores de energ&#xED;a CHP a gas.\" class=\"wp-image-1614\"\/><figcaption class=\"wp-element-caption\">Compra de generadores de energ\u00eda CHP a gas.<\/figcaption><\/figure>\n<\/figure>\n","protected":false},"excerpt":{"rendered":"<p>Buscamos constantemente turbinas de vapor, turbinas de gas, cogeneradores, generadores de emergencia y plantas de energ\u00eda usados \u200b\u200bpara comprar para nuestros clientes globales. En Kandlin Stromerzeuger &#8211; Ankauf GmbH ofrecemos de forma fiable el desmontaje y la compra de plantas de cogeneraci\u00f3n y otros generadores de energ\u00eda. Gracias a las amplias capacidades de almacenamiento en [&hellip;]<\/p>\n","protected":false},"author":1,"featured_media":2513,"parent":0,"menu_order":0,"comment_status":"closed","ping_status":"closed","template":"","meta":{"footnotes":""},"class_list":["post-2517","page","type-page","status-publish","has-post-thumbnail","hentry"],"yoast_head":"<!-- This site is optimized with the Yoast SEO Premium plugin v27.2 (Yoast SEO v27.5) - https:\/\/yoast.com\/product\/yoast-seo-premium-wordpress\/ -->\n<title>Compra de generadores de electricidad - stromerzeugerankauf<\/title>\n<meta name=\"description\" content=\"Compra de grupos electr\u00f3genos para nuestros clientes. Buscamos turbinas de vapor y gas, plantas de cogeneraci\u00f3n, generadores de emergencia y centrales el\u00e9ctricas.\" \/>\n<meta name=\"robots\" content=\"index, follow, max-snippet:-1, max-image-preview:large, max-video-preview:-1\" \/>\n<link rel=\"canonical\" href=\"https:\/\/stromerzeuger-ankauf.de\/es\/\" \/>\n<meta property=\"og:locale\" content=\"es_ES\" \/>\n<meta property=\"og:type\" content=\"article\" \/>\n<meta property=\"og:title\" content=\"Compra de generadores de electricidad\" \/>\n<meta property=\"og:description\" content=\"Compra de grupos electr\u00f3genos para nuestros clientes. Buscamos turbinas de vapor y gas, plantas de cogeneraci\u00f3n, generadores de emergencia y centrales el\u00e9ctricas.\" \/>\n<meta property=\"og:url\" content=\"https:\/\/stromerzeuger-ankauf.de\/es\/\" \/>\n<meta property=\"og:site_name\" content=\"stromerzeugerankauf\" \/>\n<meta property=\"article:modified_time\" content=\"2023-10-17T12:44:31+00:00\" \/>\n<meta property=\"og:image\" content=\"https:\/\/stromerzeuger-ankauf.de\/wp-content\/uploads\/2023\/07\/Caterpillar-G3520-Gas-BHKW2.jpg\" \/>\n\t<meta property=\"og:image:width\" content=\"1440\" \/>\n\t<meta property=\"og:image:height\" content=\"1080\" \/>\n\t<meta property=\"og:image:type\" content=\"image\/jpeg\" \/>\n<meta name=\"twitter:card\" content=\"summary_large_image\" \/>\n<meta name=\"twitter:label1\" content=\"Tiempo de lectura\" \/>\n\t<meta name=\"twitter:data1\" content=\"2 minutos\" \/>\n<script type=\"application\/ld+json\" class=\"yoast-schema-graph\">{\"@context\":\"https:\\\/\\\/schema.org\",\"@graph\":[{\"@type\":\"WebPage\",\"@id\":\"https:\\\/\\\/stromerzeuger-ankauf.de\\\/es\\\/\",\"url\":\"https:\\\/\\\/stromerzeuger-ankauf.de\\\/es\\\/\",\"name\":\"Compra de generadores de electricidad - stromerzeugerankauf\",\"isPartOf\":{\"@id\":\"https:\\\/\\\/stromerzeuger-ankauf.de\\\/es\\\/#website\"},\"primaryImageOfPage\":{\"@id\":\"https:\\\/\\\/stromerzeuger-ankauf.de\\\/es\\\/#primaryimage\"},\"image\":{\"@id\":\"https:\\\/\\\/stromerzeuger-ankauf.de\\\/es\\\/#primaryimage\"},\"thumbnailUrl\":\"https:\\\/\\\/stromerzeuger-ankauf.de\\\/wp-content\\\/uploads\\\/2023\\\/07\\\/Caterpillar-G3520-Gas-BHKW2.jpg\",\"datePublished\":\"2018-09-07T06:29:21+00:00\",\"dateModified\":\"2023-10-17T12:44:31+00:00\",\"description\":\"Compra de grupos electr\u00f3genos para nuestros clientes. Buscamos turbinas de vapor y gas, plantas de cogeneraci\u00f3n, generadores de emergencia y centrales el\u00e9ctricas.\",\"breadcrumb\":{\"@id\":\"https:\\\/\\\/stromerzeuger-ankauf.de\\\/es\\\/#breadcrumb\"},\"inLanguage\":\"es\",\"potentialAction\":[{\"@type\":\"ReadAction\",\"target\":[\"https:\\\/\\\/stromerzeuger-ankauf.de\\\/es\\\/\"]}]},{\"@type\":\"ImageObject\",\"inLanguage\":\"es\",\"@id\":\"https:\\\/\\\/stromerzeuger-ankauf.de\\\/es\\\/#primaryimage\",\"url\":\"https:\\\/\\\/stromerzeuger-ankauf.de\\\/wp-content\\\/uploads\\\/2023\\\/07\\\/Caterpillar-G3520-Gas-BHKW2.jpg\",\"contentUrl\":\"https:\\\/\\\/stromerzeuger-ankauf.de\\\/wp-content\\\/uploads\\\/2023\\\/07\\\/Caterpillar-G3520-Gas-BHKW2.jpg\",\"width\":1440,\"height\":1080},{\"@type\":\"BreadcrumbList\",\"@id\":\"https:\\\/\\\/stromerzeuger-ankauf.de\\\/es\\\/#breadcrumb\",\"itemListElement\":[{\"@type\":\"ListItem\",\"position\":1,\"name\":\"Startseite\",\"item\":\"https:\\\/\\\/stromerzeuger-ankauf.de\\\/es\\\/\"},{\"@type\":\"ListItem\",\"position\":2,\"name\":\"Compra de generadores de electricidad\"}]},{\"@type\":\"WebSite\",\"@id\":\"https:\\\/\\\/stromerzeuger-ankauf.de\\\/es\\\/#website\",\"url\":\"https:\\\/\\\/stromerzeuger-ankauf.de\\\/es\\\/\",\"name\":\"stromerzeugerankauf\",\"description\":\"Die zweite Chance f\u00fcr Ihr Kraftwerk\",\"publisher\":{\"@id\":\"https:\\\/\\\/stromerzeuger-ankauf.de\\\/es\\\/#organization\"},\"potentialAction\":[{\"@type\":\"SearchAction\",\"target\":{\"@type\":\"EntryPoint\",\"urlTemplate\":\"https:\\\/\\\/stromerzeuger-ankauf.de\\\/es\\\/?s={search_term_string}\"},\"query-input\":{\"@type\":\"PropertyValueSpecification\",\"valueRequired\":true,\"valueName\":\"search_term_string\"}}],\"inLanguage\":\"es\"},{\"@type\":\"Organization\",\"@id\":\"https:\\\/\\\/stromerzeuger-ankauf.de\\\/es\\\/#organization\",\"name\":\"Kandlin Stromerzeuger\u2013Ankauf GmbH\",\"url\":\"https:\\\/\\\/stromerzeuger-ankauf.de\\\/es\\\/\",\"logo\":{\"@type\":\"ImageObject\",\"inLanguage\":\"es\",\"@id\":\"https:\\\/\\\/stromerzeuger-ankauf.de\\\/es\\\/#\\\/schema\\\/logo\\\/image\\\/\",\"url\":\"https:\\\/\\\/stromerzeuger-ankauf.de\\\/wp-content\\\/uploads\\\/2023\\\/07\\\/KADLIN-FINISH.jpg\",\"contentUrl\":\"https:\\\/\\\/stromerzeuger-ankauf.de\\\/wp-content\\\/uploads\\\/2023\\\/07\\\/KADLIN-FINISH.jpg\",\"width\":1418,\"height\":1064,\"caption\":\"Kandlin Stromerzeuger\u2013Ankauf GmbH\"},\"image\":{\"@id\":\"https:\\\/\\\/stromerzeuger-ankauf.de\\\/es\\\/#\\\/schema\\\/logo\\\/image\\\/\"}}]}<\/script>\n<!-- \/ Yoast SEO Premium plugin. -->","yoast_head_json":{"title":"Compra de generadores de electricidad - stromerzeugerankauf","description":"Compra de grupos electr\u00f3genos para nuestros clientes. Buscamos turbinas de vapor y gas, plantas de cogeneraci\u00f3n, generadores de emergencia y centrales el\u00e9ctricas.","robots":{"index":"index","follow":"follow","max-snippet":"max-snippet:-1","max-image-preview":"max-image-preview:large","max-video-preview":"max-video-preview:-1"},"canonical":"https:\/\/stromerzeuger-ankauf.de\/es\/","og_locale":"es_ES","og_type":"article","og_title":"Compra de generadores de electricidad","og_description":"Compra de grupos electr\u00f3genos para nuestros clientes. Buscamos turbinas de vapor y gas, plantas de cogeneraci\u00f3n, generadores de emergencia y centrales el\u00e9ctricas.","og_url":"https:\/\/stromerzeuger-ankauf.de\/es\/","og_site_name":"stromerzeugerankauf","article_modified_time":"2023-10-17T12:44:31+00:00","og_image":[{"width":1440,"height":1080,"url":"https:\/\/stromerzeuger-ankauf.de\/wp-content\/uploads\/2023\/07\/Caterpillar-G3520-Gas-BHKW2.jpg","type":"image\/jpeg"}],"twitter_card":"summary_large_image","twitter_misc":{"Tiempo de lectura":"2 minutos"},"schema":{"@context":"https:\/\/schema.org","@graph":[{"@type":"WebPage","@id":"https:\/\/stromerzeuger-ankauf.de\/es\/","url":"https:\/\/stromerzeuger-ankauf.de\/es\/","name":"Compra de generadores de electricidad - stromerzeugerankauf","isPartOf":{"@id":"https:\/\/stromerzeuger-ankauf.de\/es\/#website"},"primaryImageOfPage":{"@id":"https:\/\/stromerzeuger-ankauf.de\/es\/#primaryimage"},"image":{"@id":"https:\/\/stromerzeuger-ankauf.de\/es\/#primaryimage"},"thumbnailUrl":"https:\/\/stromerzeuger-ankauf.de\/wp-content\/uploads\/2023\/07\/Caterpillar-G3520-Gas-BHKW2.jpg","datePublished":"2018-09-07T06:29:21+00:00","dateModified":"2023-10-17T12:44:31+00:00","description":"Compra de grupos electr\u00f3genos para nuestros clientes. Buscamos turbinas de vapor y gas, plantas de cogeneraci\u00f3n, generadores de emergencia y centrales el\u00e9ctricas.","breadcrumb":{"@id":"https:\/\/stromerzeuger-ankauf.de\/es\/#breadcrumb"},"inLanguage":"es","potentialAction":[{"@type":"ReadAction","target":["https:\/\/stromerzeuger-ankauf.de\/es\/"]}]},{"@type":"ImageObject","inLanguage":"es","@id":"https:\/\/stromerzeuger-ankauf.de\/es\/#primaryimage","url":"https:\/\/stromerzeuger-ankauf.de\/wp-content\/uploads\/2023\/07\/Caterpillar-G3520-Gas-BHKW2.jpg","contentUrl":"https:\/\/stromerzeuger-ankauf.de\/wp-content\/uploads\/2023\/07\/Caterpillar-G3520-Gas-BHKW2.jpg","width":1440,"height":1080},{"@type":"BreadcrumbList","@id":"https:\/\/stromerzeuger-ankauf.de\/es\/#breadcrumb","itemListElement":[{"@type":"ListItem","position":1,"name":"Startseite","item":"https:\/\/stromerzeuger-ankauf.de\/es\/"},{"@type":"ListItem","position":2,"name":"Compra de generadores de electricidad"}]},{"@type":"WebSite","@id":"https:\/\/stromerzeuger-ankauf.de\/es\/#website","url":"https:\/\/stromerzeuger-ankauf.de\/es\/","name":"stromerzeugerankauf","description":"Die zweite Chance f\u00fcr Ihr Kraftwerk","publisher":{"@id":"https:\/\/stromerzeuger-ankauf.de\/es\/#organization"},"potentialAction":[{"@type":"SearchAction","target":{"@type":"EntryPoint","urlTemplate":"https:\/\/stromerzeuger-ankauf.de\/es\/?s={search_term_string}"},"query-input":{"@type":"PropertyValueSpecification","valueRequired":true,"valueName":"search_term_string"}}],"inLanguage":"es"},{"@type":"Organization","@id":"https:\/\/stromerzeuger-ankauf.de\/es\/#organization","name":"Kandlin Stromerzeuger\u2013Ankauf GmbH","url":"https:\/\/stromerzeuger-ankauf.de\/es\/","logo":{"@type":"ImageObject","inLanguage":"es","@id":"https:\/\/stromerzeuger-ankauf.de\/es\/#\/schema\/logo\/image\/","url":"https:\/\/stromerzeuger-ankauf.de\/wp-content\/uploads\/2023\/07\/KADLIN-FINISH.jpg","contentUrl":"https:\/\/stromerzeuger-ankauf.de\/wp-content\/uploads\/2023\/07\/KADLIN-FINISH.jpg","width":1418,"height":1064,"caption":"Kandlin Stromerzeuger\u2013Ankauf GmbH"},"image":{"@id":"https:\/\/stromerzeuger-ankauf.de\/es\/#\/schema\/logo\/image\/"}}]}},"_links":{"self":[{"href":"https:\/\/stromerzeuger-ankauf.de\/es\/wp-json\/wp\/v2\/pages\/2517","targetHints":{"allow":["GET"]}}],"collection":[{"href":"https:\/\/stromerzeuger-ankauf.de\/es\/wp-json\/wp\/v2\/pages"}],"about":[{"href":"https:\/\/stromerzeuger-ankauf.de\/es\/wp-json\/wp\/v2\/types\/page"}],"author":[{"embeddable":true,"href":"https:\/\/stromerzeuger-ankauf.de\/es\/wp-json\/wp\/v2\/users\/1"}],"replies":[{"embeddable":true,"href":"https:\/\/stromerzeuger-ankauf.de\/es\/wp-json\/wp\/v2\/comments?post=2517"}],"version-history":[{"count":0,"href":"https:\/\/stromerzeuger-ankauf.de\/es\/wp-json\/wp\/v2\/pages\/2517\/revisions"}],"wp:featuredmedia":[{"embeddable":true,"href":"https:\/\/stromerzeuger-ankauf.de\/es\/wp-json\/wp\/v2\/media\/2513"}],"wp:attachment":[{"href":"https:\/\/stromerzeuger-ankauf.de\/es\/wp-json\/wp\/v2\/media?parent=2517"}],"curies":[{"name":"wp","href":"https:\/\/api.w.org\/{rel}","templated":true}]}}