{"id":2520,"date":"2022-10-19T16:36:23","date_gmt":"2022-10-19T15:36:23","guid":{"rendered":"https:\/\/stromerzeuger-ankauf.de\/compra-desmantelamiento-de-generadores-de-energia\/"},"modified":"2023-10-17T12:22:45","modified_gmt":"2023-10-17T11:22:45","slug":"compra","status":"publish","type":"page","link":"https:\/\/stromerzeuger-ankauf.de\/es\/compra\/","title":{"rendered":"Compra\/desmantelamiento de generadores de energ\u00eda"},"content":{"rendered":"\n<h3 class=\"wp-block-heading\">Compra de generadores de energ\u00eda usados \u200b\u200by excedentes. <\/h3>\n\n<p>Compras en pa\u00edses de habla alemana y en toda Europa. Opcionalmente con o sin desmontaje. Si quieres vender contacta con <a href=\"https:\/\/stromerzeuger-ankauf.de\/es\/contacto\/\">nosotros<\/a> .<\/p>\n\n<p>Informaci\u00f3n y referencias:<\/p>\n\n<h4 class=\"wp-block-heading\" id=\"h-dampfturbinen\"><a href=\"https:\/\/stromerzeuger-ankauf.de\/es\/compra-de-turbinas-de-vapor\/\">Turbinas de vapor<\/a><\/h4>\n\n<p>Son especialmente solicitadas las turbinas de vapor de fabricantes de renombre como <a href=\"https:\/\/www.howden.com\/en-gb\/products\/steam-turbines\" target=\"_blank\" rel=\"noreferrer noopener\">Howden<\/a> , <a href=\"https:\/\/www.ansaldoenergia.com\/offering\/equipment\/turbomachinery\/steam-turbines\" target=\"_blank\" rel=\"noreferrer noopener\">Ansaldo-Energia<\/a> , <a href=\"https:\/\/www.siemens-energy.com\/global\/en\/offerings\/power-generation\/steam-turbines.html\" target=\"_blank\" rel=\"noreferrer noopener\">Siemens<\/a> , etc. a partir de los a\u00f1os 70 con una potencia de hasta 100 megavatios.<\/p>\n\n<h4 class=\"wp-block-heading\" id=\"h-gasturbinen\"><a href=\"https:\/\/stromerzeuger-ankauf.de\/es\/compra-de-turbinas-de-gas\/\">Turbinas de gas<\/a><\/h4>\n\n<p>Son especialmente solicitadas las turbinas de gas de fabricantes de renombre como <a href=\"https:\/\/www.siemens-energy.com\/global\/en\/offerings\/power-generation\/gas-turbines.html\">Siemens Energy<\/a> , etc., de los a\u00f1os 70 en adelante, con una potencia de hasta 100 megavatios.<\/p>\n\n<h4 class=\"wp-block-heading\" id=\"h-gas-blockheizkraftwerke\"><a href=\"https:\/\/stromerzeuger-ankauf.de\/es\/compra-de-plantas-combinadas-de-calor-y-energia\/\">Centrales combinadas de calor y electricidad a gas.<\/a><\/h4>\n\n<p>CHP de gas y generadores de gas <\/p>\n\n<h4 class=\"wp-block-heading\" id=\"h-dieselgeneratoren\"><a href=\"https:\/\/stromerzeuger-ankauf.de\/es\/ankauf-dieselgeneratoren\/\">Generadores di\u00e9sel<\/a><\/h4>\n\n<p>Generadores de emergencia, unidades de cogeneraci\u00f3n di\u00e9sel, generadores di\u00e9sel.<\/p>\n\n<div class=\"alignnormal\"><div id=\"metaslider-id-1072\" style=\"max-width: 700px; margin: 0 auto;\" class=\"ml-slider-3-109-0 metaslider metaslider-nivo metaslider-1072 ml-slider ms-theme-default\" role=\"region\" aria-label=\"Slideshow Solar Centaur 50 GT\" data-height=\"300\" data-width=\"700\">\n    <div id=\"metaslider_container_1072\">\n        <div class='slider-wrapper theme-default'><div class='ribbon'><\/div><div id='metaslider_1072' class='nivoSlider'><img loading=\"lazy\" decoding=\"async\" src=\"https:\/\/stromerzeuger-ankauf.de\/wp-content\/uploads\/2023\/07\/Solar-Gasturbine-Centaur-50-700x300.jpg\" height=\"300\" width=\"700\" title=\"Demontage Solar Centaur 50 Gasturbine\" alt=\"Demontage Solar Centaur 50 Gasturbine\" class=\"slider-1072 slide-1085 msDefaultImage\" \/><img loading=\"lazy\" decoding=\"async\" src=\"https:\/\/stromerzeuger-ankauf.de\/wp-content\/uploads\/2023\/07\/Solar_Centaur_50-Gasturbine-700x300.jpg\" height=\"300\" width=\"700\" title=\"Demontage Solar Centaur 50 Gasturbine\" alt=\"Demontage Solar Centaur 50 Gasturbine\" class=\"slider-1072 slide-1086 msDefaultImage\" \/><\/div><\/div>\n        \n    <\/div>\n<\/div><\/div>\n\n<hr class=\"wp-block-separator has-alpha-channel-opacity\"\/>\n\n<p>Si desea vender \/ reciclar \/ retirar un generador de energ\u00eda, env\u00edenos su solicitud con algunas fotos a: info@stromerzeuger-ankauf.de M\u00e1s informaci\u00f3n en nuestra <a href=\"https:\/\/stromerzeuger-ankauf.de\/es\/contacto\/\">p\u00e1gina de contacto<\/a> .<\/p>\n","protected":false},"excerpt":{"rendered":"<p>Compra de generadores de energ\u00eda usados \u200b\u200by excedentes. Compras en pa\u00edses de habla alemana y en toda Europa. Opcionalmente con o sin desmontaje. Si quieres vender contacta con nosotros . Informaci\u00f3n y referencias: Turbinas de vapor Son especialmente solicitadas las turbinas de vapor de fabricantes de renombre como Howden , Ansaldo-Energia , Siemens , etc. [&hellip;]<\/p>\n","protected":false},"author":1,"featured_media":2499,"parent":0,"menu_order":1,"comment_status":"closed","ping_status":"closed","template":"","meta":{"footnotes":""},"class_list":["post-2520","page","type-page","status-publish","has-post-thumbnail","hentry"],"yoast_head":"<!-- This site is optimized with the Yoast SEO Premium plugin v27.2 (Yoast SEO v27.5) - https:\/\/yoast.com\/product\/yoast-seo-premium-wordpress\/ -->\n<title>Compra\/desmantelamiento de generadores de energ\u00eda - stromerzeugerankauf<\/title>\n<meta name=\"description\" content=\"Compra y desmantelamiento de generadores de energ\u00eda usados \u200b\u200by sobrantes como turbinas de vapor, turbinas de gas, plantas de cogeneraci\u00f3n y generadores di\u00e9sel.\" \/>\n<meta name=\"robots\" content=\"index, follow, max-snippet:-1, max-image-preview:large, max-video-preview:-1\" \/>\n<link rel=\"canonical\" href=\"https:\/\/stromerzeuger-ankauf.de\/es\/compra\/\" \/>\n<meta property=\"og:locale\" content=\"es_ES\" \/>\n<meta property=\"og:type\" content=\"article\" \/>\n<meta property=\"og:title\" content=\"Compra\/desmantelamiento de generadores de energ\u00eda\" \/>\n<meta property=\"og:description\" content=\"Compra y desmantelamiento de generadores de energ\u00eda usados \u200b\u200by sobrantes como turbinas de vapor, turbinas de gas, plantas de cogeneraci\u00f3n y generadores di\u00e9sel.\" \/>\n<meta property=\"og:url\" content=\"https:\/\/stromerzeuger-ankauf.de\/es\/compra\/\" \/>\n<meta property=\"og:site_name\" content=\"stromerzeugerankauf\" \/>\n<meta property=\"article:modified_time\" content=\"2023-10-17T11:22:45+00:00\" \/>\n<meta property=\"og:image\" content=\"https:\/\/stromerzeuger-ankauf.de\/wp-content\/uploads\/2023\/07\/Deutz-MTU-3-Dieselgeneratoren5.jpg\" \/>\n\t<meta property=\"og:image:width\" content=\"1600\" \/>\n\t<meta property=\"og:image:height\" content=\"1200\" \/>\n\t<meta property=\"og:image:type\" content=\"image\/jpeg\" \/>\n<meta name=\"twitter:card\" content=\"summary_large_image\" \/>\n<meta name=\"twitter:label1\" content=\"Tiempo de lectura\" \/>\n\t<meta name=\"twitter:data1\" content=\"1 minuto\" \/>\n<script type=\"application\/ld+json\" class=\"yoast-schema-graph\">{\"@context\":\"https:\\\/\\\/schema.org\",\"@graph\":[{\"@type\":\"WebPage\",\"@id\":\"https:\\\/\\\/stromerzeuger-ankauf.de\\\/es\\\/compra\\\/\",\"url\":\"https:\\\/\\\/stromerzeuger-ankauf.de\\\/es\\\/compra\\\/\",\"name\":\"Compra\\\/desmantelamiento de generadores de energ\u00eda - stromerzeugerankauf\",\"isPartOf\":{\"@id\":\"https:\\\/\\\/stromerzeuger-ankauf.de\\\/es\\\/#website\"},\"primaryImageOfPage\":{\"@id\":\"https:\\\/\\\/stromerzeuger-ankauf.de\\\/es\\\/compra\\\/#primaryimage\"},\"image\":{\"@id\":\"https:\\\/\\\/stromerzeuger-ankauf.de\\\/es\\\/compra\\\/#primaryimage\"},\"thumbnailUrl\":\"https:\\\/\\\/stromerzeuger-ankauf.de\\\/wp-content\\\/uploads\\\/2023\\\/07\\\/Deutz-MTU-3-Dieselgeneratoren5.jpg\",\"datePublished\":\"2022-10-19T15:36:23+00:00\",\"dateModified\":\"2023-10-17T11:22:45+00:00\",\"description\":\"Compra y desmantelamiento de generadores de energ\u00eda usados \u200b\u200by sobrantes como turbinas de vapor, turbinas de gas, plantas de cogeneraci\u00f3n y generadores di\u00e9sel.\",\"breadcrumb\":{\"@id\":\"https:\\\/\\\/stromerzeuger-ankauf.de\\\/es\\\/compra\\\/#breadcrumb\"},\"inLanguage\":\"es\",\"potentialAction\":[{\"@type\":\"ReadAction\",\"target\":[\"https:\\\/\\\/stromerzeuger-ankauf.de\\\/es\\\/compra\\\/\"]}]},{\"@type\":\"ImageObject\",\"inLanguage\":\"es\",\"@id\":\"https:\\\/\\\/stromerzeuger-ankauf.de\\\/es\\\/compra\\\/#primaryimage\",\"url\":\"https:\\\/\\\/stromerzeuger-ankauf.de\\\/wp-content\\\/uploads\\\/2023\\\/07\\\/Deutz-MTU-3-Dieselgeneratoren5.jpg\",\"contentUrl\":\"https:\\\/\\\/stromerzeuger-ankauf.de\\\/wp-content\\\/uploads\\\/2023\\\/07\\\/Deutz-MTU-3-Dieselgeneratoren5.jpg\",\"width\":1600,\"height\":1200},{\"@type\":\"BreadcrumbList\",\"@id\":\"https:\\\/\\\/stromerzeuger-ankauf.de\\\/es\\\/compra\\\/#breadcrumb\",\"itemListElement\":[{\"@type\":\"ListItem\",\"position\":1,\"name\":\"Startseite\",\"item\":\"https:\\\/\\\/stromerzeuger-ankauf.de\\\/es\\\/\"},{\"@type\":\"ListItem\",\"position\":2,\"name\":\"Compra\\\/desmantelamiento de generadores de energ\u00eda\"}]},{\"@type\":\"WebSite\",\"@id\":\"https:\\\/\\\/stromerzeuger-ankauf.de\\\/es\\\/#website\",\"url\":\"https:\\\/\\\/stromerzeuger-ankauf.de\\\/es\\\/\",\"name\":\"stromerzeugerankauf\",\"description\":\"Die zweite Chance f\u00fcr Ihr Kraftwerk\",\"publisher\":{\"@id\":\"https:\\\/\\\/stromerzeuger-ankauf.de\\\/es\\\/#organization\"},\"potentialAction\":[{\"@type\":\"SearchAction\",\"target\":{\"@type\":\"EntryPoint\",\"urlTemplate\":\"https:\\\/\\\/stromerzeuger-ankauf.de\\\/es\\\/?s={search_term_string}\"},\"query-input\":{\"@type\":\"PropertyValueSpecification\",\"valueRequired\":true,\"valueName\":\"search_term_string\"}}],\"inLanguage\":\"es\"},{\"@type\":\"Organization\",\"@id\":\"https:\\\/\\\/stromerzeuger-ankauf.de\\\/es\\\/#organization\",\"name\":\"Kandlin Stromerzeuger\u2013Ankauf GmbH\",\"url\":\"https:\\\/\\\/stromerzeuger-ankauf.de\\\/es\\\/\",\"logo\":{\"@type\":\"ImageObject\",\"inLanguage\":\"es\",\"@id\":\"https:\\\/\\\/stromerzeuger-ankauf.de\\\/es\\\/#\\\/schema\\\/logo\\\/image\\\/\",\"url\":\"https:\\\/\\\/stromerzeuger-ankauf.de\\\/wp-content\\\/uploads\\\/2023\\\/07\\\/KADLIN-FINISH.jpg\",\"contentUrl\":\"https:\\\/\\\/stromerzeuger-ankauf.de\\\/wp-content\\\/uploads\\\/2023\\\/07\\\/KADLIN-FINISH.jpg\",\"width\":1418,\"height\":1064,\"caption\":\"Kandlin Stromerzeuger\u2013Ankauf GmbH\"},\"image\":{\"@id\":\"https:\\\/\\\/stromerzeuger-ankauf.de\\\/es\\\/#\\\/schema\\\/logo\\\/image\\\/\"}}]}<\/script>\n<!-- \/ Yoast SEO Premium plugin. -->","yoast_head_json":{"title":"Compra\/desmantelamiento de generadores de energ\u00eda - stromerzeugerankauf","description":"Compra y desmantelamiento de generadores de energ\u00eda usados \u200b\u200by sobrantes como turbinas de vapor, turbinas de gas, plantas de cogeneraci\u00f3n y generadores di\u00e9sel.","robots":{"index":"index","follow":"follow","max-snippet":"max-snippet:-1","max-image-preview":"max-image-preview:large","max-video-preview":"max-video-preview:-1"},"canonical":"https:\/\/stromerzeuger-ankauf.de\/es\/compra\/","og_locale":"es_ES","og_type":"article","og_title":"Compra\/desmantelamiento de generadores de energ\u00eda","og_description":"Compra y desmantelamiento de generadores de energ\u00eda usados \u200b\u200by sobrantes como turbinas de vapor, turbinas de gas, plantas de cogeneraci\u00f3n y generadores di\u00e9sel.","og_url":"https:\/\/stromerzeuger-ankauf.de\/es\/compra\/","og_site_name":"stromerzeugerankauf","article_modified_time":"2023-10-17T11:22:45+00:00","og_image":[{"width":1600,"height":1200,"url":"https:\/\/stromerzeuger-ankauf.de\/wp-content\/uploads\/2023\/07\/Deutz-MTU-3-Dieselgeneratoren5.jpg","type":"image\/jpeg"}],"twitter_card":"summary_large_image","twitter_misc":{"Tiempo de lectura":"1 minuto"},"schema":{"@context":"https:\/\/schema.org","@graph":[{"@type":"WebPage","@id":"https:\/\/stromerzeuger-ankauf.de\/es\/compra\/","url":"https:\/\/stromerzeuger-ankauf.de\/es\/compra\/","name":"Compra\/desmantelamiento de generadores de energ\u00eda - stromerzeugerankauf","isPartOf":{"@id":"https:\/\/stromerzeuger-ankauf.de\/es\/#website"},"primaryImageOfPage":{"@id":"https:\/\/stromerzeuger-ankauf.de\/es\/compra\/#primaryimage"},"image":{"@id":"https:\/\/stromerzeuger-ankauf.de\/es\/compra\/#primaryimage"},"thumbnailUrl":"https:\/\/stromerzeuger-ankauf.de\/wp-content\/uploads\/2023\/07\/Deutz-MTU-3-Dieselgeneratoren5.jpg","datePublished":"2022-10-19T15:36:23+00:00","dateModified":"2023-10-17T11:22:45+00:00","description":"Compra y desmantelamiento de generadores de energ\u00eda usados \u200b\u200by sobrantes como turbinas de vapor, turbinas de gas, plantas de cogeneraci\u00f3n y generadores di\u00e9sel.","breadcrumb":{"@id":"https:\/\/stromerzeuger-ankauf.de\/es\/compra\/#breadcrumb"},"inLanguage":"es","potentialAction":[{"@type":"ReadAction","target":["https:\/\/stromerzeuger-ankauf.de\/es\/compra\/"]}]},{"@type":"ImageObject","inLanguage":"es","@id":"https:\/\/stromerzeuger-ankauf.de\/es\/compra\/#primaryimage","url":"https:\/\/stromerzeuger-ankauf.de\/wp-content\/uploads\/2023\/07\/Deutz-MTU-3-Dieselgeneratoren5.jpg","contentUrl":"https:\/\/stromerzeuger-ankauf.de\/wp-content\/uploads\/2023\/07\/Deutz-MTU-3-Dieselgeneratoren5.jpg","width":1600,"height":1200},{"@type":"BreadcrumbList","@id":"https:\/\/stromerzeuger-ankauf.de\/es\/compra\/#breadcrumb","itemListElement":[{"@type":"ListItem","position":1,"name":"Startseite","item":"https:\/\/stromerzeuger-ankauf.de\/es\/"},{"@type":"ListItem","position":2,"name":"Compra\/desmantelamiento de generadores de energ\u00eda"}]},{"@type":"WebSite","@id":"https:\/\/stromerzeuger-ankauf.de\/es\/#website","url":"https:\/\/stromerzeuger-ankauf.de\/es\/","name":"stromerzeugerankauf","description":"Die zweite Chance f\u00fcr Ihr Kraftwerk","publisher":{"@id":"https:\/\/stromerzeuger-ankauf.de\/es\/#organization"},"potentialAction":[{"@type":"SearchAction","target":{"@type":"EntryPoint","urlTemplate":"https:\/\/stromerzeuger-ankauf.de\/es\/?s={search_term_string}"},"query-input":{"@type":"PropertyValueSpecification","valueRequired":true,"valueName":"search_term_string"}}],"inLanguage":"es"},{"@type":"Organization","@id":"https:\/\/stromerzeuger-ankauf.de\/es\/#organization","name":"Kandlin Stromerzeuger\u2013Ankauf GmbH","url":"https:\/\/stromerzeuger-ankauf.de\/es\/","logo":{"@type":"ImageObject","inLanguage":"es","@id":"https:\/\/stromerzeuger-ankauf.de\/es\/#\/schema\/logo\/image\/","url":"https:\/\/stromerzeuger-ankauf.de\/wp-content\/uploads\/2023\/07\/KADLIN-FINISH.jpg","contentUrl":"https:\/\/stromerzeuger-ankauf.de\/wp-content\/uploads\/2023\/07\/KADLIN-FINISH.jpg","width":1418,"height":1064,"caption":"Kandlin Stromerzeuger\u2013Ankauf GmbH"},"image":{"@id":"https:\/\/stromerzeuger-ankauf.de\/es\/#\/schema\/logo\/image\/"}}]}},"_links":{"self":[{"href":"https:\/\/stromerzeuger-ankauf.de\/es\/wp-json\/wp\/v2\/pages\/2520","targetHints":{"allow":["GET"]}}],"collection":[{"href":"https:\/\/stromerzeuger-ankauf.de\/es\/wp-json\/wp\/v2\/pages"}],"about":[{"href":"https:\/\/stromerzeuger-ankauf.de\/es\/wp-json\/wp\/v2\/types\/page"}],"author":[{"embeddable":true,"href":"https:\/\/stromerzeuger-ankauf.de\/es\/wp-json\/wp\/v2\/users\/1"}],"replies":[{"embeddable":true,"href":"https:\/\/stromerzeuger-ankauf.de\/es\/wp-json\/wp\/v2\/comments?post=2520"}],"version-history":[{"count":0,"href":"https:\/\/stromerzeuger-ankauf.de\/es\/wp-json\/wp\/v2\/pages\/2520\/revisions"}],"wp:featuredmedia":[{"embeddable":true,"href":"https:\/\/stromerzeuger-ankauf.de\/es\/wp-json\/wp\/v2\/media\/2499"}],"wp:attachment":[{"href":"https:\/\/stromerzeuger-ankauf.de\/es\/wp-json\/wp\/v2\/media?parent=2520"}],"curies":[{"name":"wp","href":"https:\/\/api.w.org\/{rel}","templated":true}]}}