{"id":2525,"date":"2023-10-04T13:26:11","date_gmt":"2023-10-04T12:26:11","guid":{"rendered":"https:\/\/stromerzeuger-ankauf.de\/compra-de-centrales-electricas\/"},"modified":"2024-08-09T12:57:30","modified_gmt":"2024-08-09T11:57:30","slug":"compra-de-centrales-electricas","status":"publish","type":"page","link":"https:\/\/stromerzeuger-ankauf.de\/es\/compra-de-centrales-electricas\/","title":{"rendered":"Compra de centrales el\u00e9ctricas."},"content":{"rendered":"\n<h3 class=\"wp-block-heading\">Compramos centrales el\u00e9ctricas usadas. <\/h3>\n\n<p>Adem\u00e1s de la compra, tambi\u00e9n ofrecemos el desmantelamiento de centrales el\u00e9ctricas usadas.<\/p>\n\n<p>Independientemente de si se trata de un sistema de cinco o de 100 MW:<\/p>\n\n<p>Siempre garantizamos un desmontaje seguro y rentable de su sistema.<\/p>\n\n<p>Son especialmente solicitadas las instalaciones con turbinas de vapor de fabricantes de renombre como <a href=\"https:\/\/www.howden.com\/en-gb\/products\/steam-turbines\" target=\"_blank\" rel=\"noreferrer noopener\">Howden<\/a>, <a href=\"https:\/\/www.ansaldoenergia.com\/offering\/equipment\/turbomachinery\/steam-turbines\" target=\"_blank\" rel=\"noreferrer noopener\">Ansaldo-Energia<\/a>, <a href=\"https:\/\/www.siemens-energy.com\/global\/en\/offerings\/power-generation\/steam-turbines.html\" target=\"_blank\" rel=\"noreferrer noopener\">Siemens<\/a>, etc., construidas en los a\u00f1os 70 y con una potencia de hasta 100 megavatios.<\/p>\n\n<p><strong>Si desea vender \/ reciclar \/ desmontar una central el\u00e9ctrica, env\u00edenos su solicitud con algunas fotos a: info@stromerzeuger-ankauf.de <\/strong><\/p>\n\n<h5 class=\"wp-block-heading\"><strong>M\u00e1s informaci\u00f3n en nuestra <a href=\"https:\/\/stromerzeuger-ankauf.de\/es\/contacto\/\">p\u00e1gina de contacto<\/a> .<\/strong><\/h5>\n\n<h3 class=\"wp-block-heading\" id=\"h-referenzen\">Cartas credenciales:<\/h3>\n\n<p>A continuaci\u00f3n se muestran algunos ejemplos de generadores de energ\u00eda comprados y desmantelados con fotograf\u00edas originales de la carga. Puedes \u00abdesplazarte\u00bb por las im\u00e1genes para tener una mejor impresi\u00f3n de nuestro trabajo y nuestras posibilidades.<\/p>\n\n<div class=\"wp-block-columns is-layout-flex wp-container-core-columns-is-layout-28f84493 wp-block-columns-is-layout-flex\">\n<div class=\"wp-block-column is-vertically-aligned-center is-layout-flow wp-block-column-is-layout-flow\" style=\"flex-basis:33.33%\"><\/div>\n\n\n\n<div class=\"wp-block-column is-layout-flow wp-block-column-is-layout-flow\" style=\"flex-basis:66.66%\">\n<p>Uno de nuestros proyectos m\u00e1s importantes fue la compra de una BVI\/ThyssenKrupp de 24 MW. Seguir\u00e1n otros proyectos de compra en el rango de potencia superior a 500 KW.<\/p>\n<\/div>\n<\/div>\n\n<div class=\"wp-block-columns is-layout-flex wp-container-core-columns-is-layout-28f84493 wp-block-columns-is-layout-flex\">\n<div class=\"wp-block-column is-vertically-aligned-center is-layout-flow wp-block-column-is-layout-flow\" style=\"flex-basis:33.33%\">\n<p><strong>BVI \/ ThyssenKrupp MARC6-C03 DT<\/strong><\/p>\n<\/div>\n\n\n\n<div class=\"wp-block-column is-layout-flow wp-block-column-is-layout-flow\" style=\"flex-basis:66.66%\">\n<div class=\"alignnormal\"><div id=\"metaslider-id-1460\" style=\"width: 100%; margin: 0 auto;\" class=\"ml-slider-3-109-0 metaslider metaslider-nivo metaslider-1460 ml-slider ms-theme-default\" role=\"region\" aria-label=\"Slideshow BVI ThyssenKrupp MARC6-C03 DT\" data-height=\"300\" data-width=\"700\">\n    <div id=\"metaslider_container_1460\">\n        <div class='slider-wrapper theme-default'><div class='ribbon'><\/div><div id='metaslider_1460' class='nivoSlider'><img loading=\"lazy\" decoding=\"async\" src=\"https:\/\/stromerzeuger-ankauf.de\/wp-content\/uploads\/2023\/07\/BVI_ThyssenKrupp-MARC6-C03-Dampfturbine-24-MW14.jpg\" height=\"300\" width=\"700\" title=\"BVI_ThyssenKrupp-MARC6-C03-Dampfturbine-24-MW14\" alt=\"BVI ThyssenKrupp MARC6-C03 Dampfturbine 24 MW\" class=\"slider-1460 slide-1461 msDefaultImage\" \/><img loading=\"lazy\" decoding=\"async\" src=\"https:\/\/stromerzeuger-ankauf.de\/wp-content\/uploads\/2023\/07\/BVI_ThyssenKrupp-MARC6-C03-Dampfturbine-24-MW16.jpg\" height=\"300\" width=\"700\" title=\"BVI_ThyssenKrupp-MARC6-C03-Dampfturbine-24-MW16\" alt=\"BVI ThyssenKrupp MARC6-C03 Dampfturbine 24 MW\" class=\"slider-1460 slide-1462 msDefaultImage\" \/><img loading=\"lazy\" decoding=\"async\" src=\"https:\/\/stromerzeuger-ankauf.de\/wp-content\/uploads\/2023\/07\/BVI_ThyssenKrupp-MARC6-C03-Dampfturbine-24-MW4.jpg\" height=\"300\" width=\"700\" title=\"BVI_ThyssenKrupp-MARC6-C03-Dampfturbine-24-MW4\" alt=\"BVI ThyssenKrupp MARC6-C03 Dampfturbine 24 MW\" class=\"slider-1460 slide-1463 msDefaultImage\" \/><img loading=\"lazy\" decoding=\"async\" src=\"https:\/\/stromerzeuger-ankauf.de\/wp-content\/uploads\/2023\/07\/BVI_ThyssenKrupp-MARC6-C03-Dampfturbine-24-MW8.jpg\" height=\"300\" width=\"700\" title=\"BVI_ThyssenKrupp-MARC6-C03-Dampfturbine-24-MW8\" alt=\"BVI ThyssenKrupp MARC6-C03 Dampfturbine 24 MW\" class=\"slider-1460 slide-1464 msDefaultImage\" \/><img loading=\"lazy\" decoding=\"async\" src=\"https:\/\/stromerzeuger-ankauf.de\/wp-content\/uploads\/2023\/07\/BVI_ThyssenKrupp-MARC6-C03-Dampfturbine-24-MW9.jpg\" height=\"300\" width=\"700\" title=\"BVI_ThyssenKrupp-MARC6-C03-Dampfturbine-24-MW9\" alt=\"BVI ThyssenKrupp MARC6-C03 Dampfturbine 24 MW\" class=\"slider-1460 slide-1465 msDefaultImage\" \/><img loading=\"lazy\" decoding=\"async\" src=\"https:\/\/stromerzeuger-ankauf.de\/wp-content\/uploads\/2023\/07\/BVI_ThyssenKrupp-MARC6-C03-Dampfturbine-24-MW12.jpg\" height=\"300\" width=\"700\" title=\"BVI_ThyssenKrupp-MARC6-C03-Dampfturbine-24-MW12\" alt=\"BVI ThyssenKrupp MARC6-C03 Dampfturbine 24 MW\" class=\"slider-1460 slide-1466 msDefaultImage\" \/><\/div><\/div>\n        \n    <\/div>\n<\/div><\/div>\n<\/div>\n<\/div>\n\n<p>Volver a <a href=\"https:\/\/stromerzeuger-ankauf.de\/es\/compra\/\">compras<\/a><\/p>\n","protected":false},"excerpt":{"rendered":"<p>Compramos centrales el\u00e9ctricas usadas. Adem\u00e1s de la compra, tambi\u00e9n ofrecemos el desmantelamiento de centrales el\u00e9ctricas usadas. Independientemente de si se trata de un sistema de cinco o de 100 MW: Siempre garantizamos un desmontaje seguro y rentable de su sistema. Son especialmente solicitadas las instalaciones con turbinas de vapor de fabricantes de renombre como Howden, [&hellip;]<\/p>\n","protected":false},"author":1,"featured_media":2561,"parent":0,"menu_order":22,"comment_status":"closed","ping_status":"closed","template":"","meta":{"footnotes":""},"class_list":["post-2525","page","type-page","status-publish","has-post-thumbnail","hentry"],"yoast_head":"<!-- This site is optimized with the Yoast SEO Premium plugin v27.2 (Yoast SEO v27.6) - https:\/\/yoast.com\/product\/yoast-seo-premium-wordpress\/ -->\n<title>Compra de centrales el\u00e9ctricas. de compra de planta de energ\u00eda stromerzeugerankauf -<\/title>\n<meta name=\"description\" content=\"Compramos centrales el\u00e9ctricas usadas y sobrantes. Adem\u00e1s de la compra, tambi\u00e9n ofrecemos el desmontaje.\" \/>\n<meta name=\"robots\" content=\"index, follow, max-snippet:-1, max-image-preview:large, max-video-preview:-1\" \/>\n<link rel=\"canonical\" href=\"https:\/\/stromerzeuger-ankauf.de\/es\/compra-de-centrales-electricas\/\" \/>\n<meta property=\"og:locale\" content=\"es_ES\" \/>\n<meta property=\"og:type\" content=\"article\" \/>\n<meta property=\"og:title\" content=\"Compra de centrales el\u00e9ctricas.\" \/>\n<meta property=\"og:description\" content=\"Compramos centrales el\u00e9ctricas usadas y sobrantes. Adem\u00e1s de la compra, tambi\u00e9n ofrecemos el desmontaje.\" \/>\n<meta property=\"og:url\" content=\"https:\/\/stromerzeuger-ankauf.de\/es\/compra-de-centrales-electricas\/\" \/>\n<meta property=\"og:site_name\" content=\"stromerzeugerankauf\" \/>\n<meta property=\"article:modified_time\" content=\"2024-08-09T11:57:30+00:00\" \/>\n<meta property=\"og:image\" content=\"https:\/\/stromerzeuger-ankauf.de\/wp-content\/uploads\/2023\/07\/Dresser-Rand_GAF-5C_Kondensations-Dampfturbine.jpg\" \/>\n\t<meta property=\"og:image:width\" content=\"1440\" \/>\n\t<meta property=\"og:image:height\" content=\"1080\" \/>\n\t<meta property=\"og:image:type\" content=\"image\/jpeg\" \/>\n<meta name=\"twitter:card\" content=\"summary_large_image\" \/>\n<meta name=\"twitter:label1\" content=\"Tiempo de lectura\" \/>\n\t<meta name=\"twitter:data1\" content=\"1 minuto\" \/>\n<script type=\"application\/ld+json\" class=\"yoast-schema-graph\">{\"@context\":\"https:\\\/\\\/schema.org\",\"@graph\":[{\"@type\":\"WebPage\",\"@id\":\"https:\\\/\\\/stromerzeuger-ankauf.de\\\/es\\\/compra-de-centrales-electricas\\\/\",\"url\":\"https:\\\/\\\/stromerzeuger-ankauf.de\\\/es\\\/compra-de-centrales-electricas\\\/\",\"name\":\"Compra de centrales el\u00e9ctricas. de compra de planta de energ\u00eda stromerzeugerankauf -\",\"isPartOf\":{\"@id\":\"https:\\\/\\\/stromerzeuger-ankauf.de\\\/es\\\/#website\"},\"primaryImageOfPage\":{\"@id\":\"https:\\\/\\\/stromerzeuger-ankauf.de\\\/es\\\/compra-de-centrales-electricas\\\/#primaryimage\"},\"image\":{\"@id\":\"https:\\\/\\\/stromerzeuger-ankauf.de\\\/es\\\/compra-de-centrales-electricas\\\/#primaryimage\"},\"thumbnailUrl\":\"https:\\\/\\\/stromerzeuger-ankauf.de\\\/wp-content\\\/uploads\\\/2023\\\/07\\\/Dresser-Rand_GAF-5C_Kondensations-Dampfturbine.jpg\",\"datePublished\":\"2023-10-04T12:26:11+00:00\",\"dateModified\":\"2024-08-09T11:57:30+00:00\",\"description\":\"Compramos centrales el\u00e9ctricas usadas y sobrantes. Adem\u00e1s de la compra, tambi\u00e9n ofrecemos el desmontaje.\",\"breadcrumb\":{\"@id\":\"https:\\\/\\\/stromerzeuger-ankauf.de\\\/es\\\/compra-de-centrales-electricas\\\/#breadcrumb\"},\"inLanguage\":\"es\",\"potentialAction\":[{\"@type\":\"ReadAction\",\"target\":[\"https:\\\/\\\/stromerzeuger-ankauf.de\\\/es\\\/compra-de-centrales-electricas\\\/\"]}]},{\"@type\":\"ImageObject\",\"inLanguage\":\"es\",\"@id\":\"https:\\\/\\\/stromerzeuger-ankauf.de\\\/es\\\/compra-de-centrales-electricas\\\/#primaryimage\",\"url\":\"https:\\\/\\\/stromerzeuger-ankauf.de\\\/wp-content\\\/uploads\\\/2023\\\/07\\\/Dresser-Rand_GAF-5C_Kondensations-Dampfturbine.jpg\",\"contentUrl\":\"https:\\\/\\\/stromerzeuger-ankauf.de\\\/wp-content\\\/uploads\\\/2023\\\/07\\\/Dresser-Rand_GAF-5C_Kondensations-Dampfturbine.jpg\",\"width\":1440,\"height\":1080},{\"@type\":\"BreadcrumbList\",\"@id\":\"https:\\\/\\\/stromerzeuger-ankauf.de\\\/es\\\/compra-de-centrales-electricas\\\/#breadcrumb\",\"itemListElement\":[{\"@type\":\"ListItem\",\"position\":1,\"name\":\"Startseite\",\"item\":\"https:\\\/\\\/stromerzeuger-ankauf.de\\\/es\\\/\"},{\"@type\":\"ListItem\",\"position\":2,\"name\":\"Compra de centrales el\u00e9ctricas.\"}]},{\"@type\":\"WebSite\",\"@id\":\"https:\\\/\\\/stromerzeuger-ankauf.de\\\/es\\\/#website\",\"url\":\"https:\\\/\\\/stromerzeuger-ankauf.de\\\/es\\\/\",\"name\":\"stromerzeugerankauf\",\"description\":\"Die zweite Chance f\u00fcr Ihr Kraftwerk\",\"publisher\":{\"@id\":\"https:\\\/\\\/stromerzeuger-ankauf.de\\\/es\\\/#organization\"},\"potentialAction\":[{\"@type\":\"SearchAction\",\"target\":{\"@type\":\"EntryPoint\",\"urlTemplate\":\"https:\\\/\\\/stromerzeuger-ankauf.de\\\/es\\\/?s={search_term_string}\"},\"query-input\":{\"@type\":\"PropertyValueSpecification\",\"valueRequired\":true,\"valueName\":\"search_term_string\"}}],\"inLanguage\":\"es\"},{\"@type\":\"Organization\",\"@id\":\"https:\\\/\\\/stromerzeuger-ankauf.de\\\/es\\\/#organization\",\"name\":\"Kandlin Stromerzeuger\u2013Ankauf GmbH\",\"url\":\"https:\\\/\\\/stromerzeuger-ankauf.de\\\/es\\\/\",\"logo\":{\"@type\":\"ImageObject\",\"inLanguage\":\"es\",\"@id\":\"https:\\\/\\\/stromerzeuger-ankauf.de\\\/es\\\/#\\\/schema\\\/logo\\\/image\\\/\",\"url\":\"https:\\\/\\\/stromerzeuger-ankauf.de\\\/wp-content\\\/uploads\\\/2023\\\/07\\\/KADLIN-FINISH.jpg\",\"contentUrl\":\"https:\\\/\\\/stromerzeuger-ankauf.de\\\/wp-content\\\/uploads\\\/2023\\\/07\\\/KADLIN-FINISH.jpg\",\"width\":1418,\"height\":1064,\"caption\":\"Kandlin Stromerzeuger\u2013Ankauf GmbH\"},\"image\":{\"@id\":\"https:\\\/\\\/stromerzeuger-ankauf.de\\\/es\\\/#\\\/schema\\\/logo\\\/image\\\/\"}}]}<\/script>\n<!-- \/ Yoast SEO Premium plugin. -->","yoast_head_json":{"title":"Compra de centrales el\u00e9ctricas. de compra de planta de energ\u00eda stromerzeugerankauf -","description":"Compramos centrales el\u00e9ctricas usadas y sobrantes. Adem\u00e1s de la compra, tambi\u00e9n ofrecemos el desmontaje.","robots":{"index":"index","follow":"follow","max-snippet":"max-snippet:-1","max-image-preview":"max-image-preview:large","max-video-preview":"max-video-preview:-1"},"canonical":"https:\/\/stromerzeuger-ankauf.de\/es\/compra-de-centrales-electricas\/","og_locale":"es_ES","og_type":"article","og_title":"Compra de centrales el\u00e9ctricas.","og_description":"Compramos centrales el\u00e9ctricas usadas y sobrantes. Adem\u00e1s de la compra, tambi\u00e9n ofrecemos el desmontaje.","og_url":"https:\/\/stromerzeuger-ankauf.de\/es\/compra-de-centrales-electricas\/","og_site_name":"stromerzeugerankauf","article_modified_time":"2024-08-09T11:57:30+00:00","og_image":[{"width":1440,"height":1080,"url":"https:\/\/stromerzeuger-ankauf.de\/wp-content\/uploads\/2023\/07\/Dresser-Rand_GAF-5C_Kondensations-Dampfturbine.jpg","type":"image\/jpeg"}],"twitter_card":"summary_large_image","twitter_misc":{"Tiempo de lectura":"1 minuto"},"schema":{"@context":"https:\/\/schema.org","@graph":[{"@type":"WebPage","@id":"https:\/\/stromerzeuger-ankauf.de\/es\/compra-de-centrales-electricas\/","url":"https:\/\/stromerzeuger-ankauf.de\/es\/compra-de-centrales-electricas\/","name":"Compra de centrales el\u00e9ctricas. de compra de planta de energ\u00eda stromerzeugerankauf -","isPartOf":{"@id":"https:\/\/stromerzeuger-ankauf.de\/es\/#website"},"primaryImageOfPage":{"@id":"https:\/\/stromerzeuger-ankauf.de\/es\/compra-de-centrales-electricas\/#primaryimage"},"image":{"@id":"https:\/\/stromerzeuger-ankauf.de\/es\/compra-de-centrales-electricas\/#primaryimage"},"thumbnailUrl":"https:\/\/stromerzeuger-ankauf.de\/wp-content\/uploads\/2023\/07\/Dresser-Rand_GAF-5C_Kondensations-Dampfturbine.jpg","datePublished":"2023-10-04T12:26:11+00:00","dateModified":"2024-08-09T11:57:30+00:00","description":"Compramos centrales el\u00e9ctricas usadas y sobrantes. Adem\u00e1s de la compra, tambi\u00e9n ofrecemos el desmontaje.","breadcrumb":{"@id":"https:\/\/stromerzeuger-ankauf.de\/es\/compra-de-centrales-electricas\/#breadcrumb"},"inLanguage":"es","potentialAction":[{"@type":"ReadAction","target":["https:\/\/stromerzeuger-ankauf.de\/es\/compra-de-centrales-electricas\/"]}]},{"@type":"ImageObject","inLanguage":"es","@id":"https:\/\/stromerzeuger-ankauf.de\/es\/compra-de-centrales-electricas\/#primaryimage","url":"https:\/\/stromerzeuger-ankauf.de\/wp-content\/uploads\/2023\/07\/Dresser-Rand_GAF-5C_Kondensations-Dampfturbine.jpg","contentUrl":"https:\/\/stromerzeuger-ankauf.de\/wp-content\/uploads\/2023\/07\/Dresser-Rand_GAF-5C_Kondensations-Dampfturbine.jpg","width":1440,"height":1080},{"@type":"BreadcrumbList","@id":"https:\/\/stromerzeuger-ankauf.de\/es\/compra-de-centrales-electricas\/#breadcrumb","itemListElement":[{"@type":"ListItem","position":1,"name":"Startseite","item":"https:\/\/stromerzeuger-ankauf.de\/es\/"},{"@type":"ListItem","position":2,"name":"Compra de centrales el\u00e9ctricas."}]},{"@type":"WebSite","@id":"https:\/\/stromerzeuger-ankauf.de\/es\/#website","url":"https:\/\/stromerzeuger-ankauf.de\/es\/","name":"stromerzeugerankauf","description":"Die zweite Chance f\u00fcr Ihr Kraftwerk","publisher":{"@id":"https:\/\/stromerzeuger-ankauf.de\/es\/#organization"},"potentialAction":[{"@type":"SearchAction","target":{"@type":"EntryPoint","urlTemplate":"https:\/\/stromerzeuger-ankauf.de\/es\/?s={search_term_string}"},"query-input":{"@type":"PropertyValueSpecification","valueRequired":true,"valueName":"search_term_string"}}],"inLanguage":"es"},{"@type":"Organization","@id":"https:\/\/stromerzeuger-ankauf.de\/es\/#organization","name":"Kandlin Stromerzeuger\u2013Ankauf GmbH","url":"https:\/\/stromerzeuger-ankauf.de\/es\/","logo":{"@type":"ImageObject","inLanguage":"es","@id":"https:\/\/stromerzeuger-ankauf.de\/es\/#\/schema\/logo\/image\/","url":"https:\/\/stromerzeuger-ankauf.de\/wp-content\/uploads\/2023\/07\/KADLIN-FINISH.jpg","contentUrl":"https:\/\/stromerzeuger-ankauf.de\/wp-content\/uploads\/2023\/07\/KADLIN-FINISH.jpg","width":1418,"height":1064,"caption":"Kandlin Stromerzeuger\u2013Ankauf GmbH"},"image":{"@id":"https:\/\/stromerzeuger-ankauf.de\/es\/#\/schema\/logo\/image\/"}}]}},"_links":{"self":[{"href":"https:\/\/stromerzeuger-ankauf.de\/es\/wp-json\/wp\/v2\/pages\/2525","targetHints":{"allow":["GET"]}}],"collection":[{"href":"https:\/\/stromerzeuger-ankauf.de\/es\/wp-json\/wp\/v2\/pages"}],"about":[{"href":"https:\/\/stromerzeuger-ankauf.de\/es\/wp-json\/wp\/v2\/types\/page"}],"author":[{"embeddable":true,"href":"https:\/\/stromerzeuger-ankauf.de\/es\/wp-json\/wp\/v2\/users\/1"}],"replies":[{"embeddable":true,"href":"https:\/\/stromerzeuger-ankauf.de\/es\/wp-json\/wp\/v2\/comments?post=2525"}],"version-history":[{"count":0,"href":"https:\/\/stromerzeuger-ankauf.de\/es\/wp-json\/wp\/v2\/pages\/2525\/revisions"}],"wp:featuredmedia":[{"embeddable":true,"href":"https:\/\/stromerzeuger-ankauf.de\/es\/wp-json\/wp\/v2\/media\/2561"}],"wp:attachment":[{"href":"https:\/\/stromerzeuger-ankauf.de\/es\/wp-json\/wp\/v2\/media?parent=2525"}],"curies":[{"name":"wp","href":"https:\/\/api.w.org\/{rel}","templated":true}]}}