{"id":2371,"date":"2022-10-19T16:36:23","date_gmt":"2022-10-19T15:36:23","guid":{"rendered":"https:\/\/stromerzeuger-ankauf.de\/ankauf\/"},"modified":"2023-10-17T13:22:24","modified_gmt":"2023-10-17T12:22:24","slug":"achat","status":"publish","type":"page","link":"https:\/\/stromerzeuger-ankauf.de\/fr\/achat\/","title":{"rendered":"Achat\/d\u00e9mant\u00e8lement de groupes \u00e9lectrog\u00e8nes"},"content":{"rendered":"\n<h3 class=\"wp-block-heading\">Achat de groupes \u00e9lectrog\u00e8nes usag\u00e9s et exc\u00e9dentaires <\/h3>\n\n<p>Achats dans les pays germanophones et dans toute l&rsquo;Europe. Au choix avec ou sans d\u00e9montage. Si vous souhaitez vendre, contactez <a href=\"https:\/\/stromerzeuger-ankauf.de\/fr\/contact\/\">-nous<\/a> .<\/p>\n\n<p>Informations et r\u00e9f\u00e9rences:<\/p>\n\n<h4 class=\"wp-block-heading\" id=\"h-dampfturbinen\"><a href=\"https:\/\/stromerzeuger-ankauf.de\/fr\/achat-de-turbines-a-vapeur\/\">Turbines \u00e0 vapeur<\/a><\/h4>\n\n<p>Les turbines \u00e0 vapeur des ann\u00e9es 1970 de fabricants renomm\u00e9s tels que <a href=\"https:\/\/www.howden.com\/en-gb\/products\/steam-turbines\" target=\"_blank\" rel=\"noreferrer noopener\">Howden<\/a>, <a href=\"https:\/\/www.ansaldoenergia.com\/offering\/equipment\/turbomachinery\/steam-turbines\" target=\"_blank\" rel=\"noreferrer noopener\">Ansaldo-Energia<\/a>, <a href=\"https:\/\/www.siemens-energy.com\/global\/en\/offerings\/power-generation\/steam-turbines.html\" target=\"_blank\" rel=\"noreferrer noopener\">Siemens<\/a>, etc., d&rsquo;une puissance allant jusqu&rsquo;\u00e0 100 m\u00e9gawatts, sont particuli\u00e8rement recherch\u00e9es.<\/p>\n\n<h4 class=\"wp-block-heading\" id=\"h-gasturbinen\"><a href=\"https:\/\/stromerzeuger-ankauf.de\/fr\/achat-de-turbine-a-gaz\/\">Turbines \u00e0 gaz<\/a><\/h4>\n\n<p>Les turbines \u00e0 gaz de fabricants renomm\u00e9s tels que <a href=\"https:\/\/www.siemens-energy.com\/global\/en\/offerings\/power-generation\/gas-turbines.html\">Siemens Energy<\/a>, etc. datant des ann\u00e9es 1970 et d&rsquo;une puissance allant jusqu&rsquo;\u00e0 100 m\u00e9gawatts sont particuli\u00e8rement recherch\u00e9es.<\/p>\n\n<h4 class=\"wp-block-heading\" id=\"h-gas-blockheizkraftwerke\"><a href=\"https:\/\/stromerzeuger-ankauf.de\/fr\/achat-dinstallations-de-cogeneration\/\">Centrales de production combin\u00e9e de chaleur et d&rsquo;\u00e9lectricit\u00e9 au gaz<\/a><\/h4>\n\n<p>Cog\u00e9n\u00e9ration \u00e0 gaz et g\u00e9n\u00e9rateurs de gaz <\/p>\n\n<h4 class=\"wp-block-heading\" id=\"h-dieselgeneratoren\"><a href=\"https:\/\/stromerzeuger-ankauf.de\/fr\/ankauf-dieselgeneratoren\/\">G\u00e9n\u00e9rateurs diesel<\/a><\/h4>\n\n<p>G\u00e9n\u00e9rateurs de secours, unit\u00e9s de cog\u00e9n\u00e9ration diesel, g\u00e9n\u00e9rateurs diesel<\/p>\n\n<div class=\"alignnormal\"><div id=\"metaslider-id-1072\" style=\"max-width: 700px; margin: 0 auto;\" class=\"ml-slider-3-109-0 metaslider metaslider-nivo metaslider-1072 ml-slider ms-theme-default\" role=\"region\" aria-label=\"Slideshow Solar Centaur 50 GT\" data-height=\"300\" data-width=\"700\">\n    <div id=\"metaslider_container_1072\">\n        <div class='slider-wrapper theme-default'><div class='ribbon'><\/div><div id='metaslider_1072' class='nivoSlider'><img loading=\"lazy\" decoding=\"async\" src=\"https:\/\/stromerzeuger-ankauf.de\/wp-content\/uploads\/2023\/07\/Solar-Gasturbine-Centaur-50-700x300.jpg\" height=\"300\" width=\"700\" title=\"Demontage Solar Centaur 50 Gasturbine\" alt=\"Demontage Solar Centaur 50 Gasturbine\" class=\"slider-1072 slide-1085 msDefaultImage\" \/><img loading=\"lazy\" decoding=\"async\" src=\"https:\/\/stromerzeuger-ankauf.de\/wp-content\/uploads\/2023\/07\/Solar_Centaur_50-Gasturbine-700x300.jpg\" height=\"300\" width=\"700\" title=\"Demontage Solar Centaur 50 Gasturbine\" alt=\"Demontage Solar Centaur 50 Gasturbine\" class=\"slider-1072 slide-1086 msDefaultImage\" \/><\/div><\/div>\n        \n    <\/div>\n<\/div><\/div>\n\n<hr class=\"wp-block-separator has-alpha-channel-opacity\"\/>\n\n<p>Si vous souhaitez vendre \/ recycler \/ d\u00e9monter un groupe \u00e9lectrog\u00e8ne, envoyez-nous votre demande avec quelques photos \u00e0: info@stromerzeuger-ankauf.de Plus d&rsquo;informations sur notre <a href=\"https:\/\/stromerzeuger-ankauf.de\/fr\/contact\/\">page de contact<\/a>.<\/p>\n","protected":false},"excerpt":{"rendered":"<p>Achat de groupes \u00e9lectrog\u00e8nes usag\u00e9s et exc\u00e9dentaires Achats dans les pays germanophones et dans toute l&rsquo;Europe. Au choix avec ou sans d\u00e9montage. Si vous souhaitez vendre, contactez -nous . Informations et r\u00e9f\u00e9rences: Turbines \u00e0 vapeur Les turbines \u00e0 vapeur des ann\u00e9es 1970 de fabricants renomm\u00e9s tels que Howden, Ansaldo-Energia, Siemens, etc., d&rsquo;une puissance allant jusqu&rsquo;\u00e0 [&hellip;]<\/p>\n","protected":false},"author":1,"featured_media":2373,"parent":0,"menu_order":1,"comment_status":"closed","ping_status":"closed","template":"","meta":{"footnotes":""},"class_list":["post-2371","page","type-page","status-publish","has-post-thumbnail","hentry"],"yoast_head":"<!-- This site is optimized with the Yoast SEO Premium plugin v27.2 (Yoast SEO v27.6) - https:\/\/yoast.com\/product\/yoast-seo-premium-wordpress\/ -->\n<title>Achat\/d\u00e9mant\u00e8lement de groupes \u00e9lectrog\u00e8nes - stromerzeugerankauf<\/title>\n<meta name=\"description\" content=\"Achat et d\u00e9mant\u00e8lement de g\u00e9n\u00e9rateurs d&#039;\u00e9lectricit\u00e9 usag\u00e9s et exc\u00e9dentaires tels que turbines \u00e0 vapeur, turbines \u00e0 gaz, centrales de cog\u00e9n\u00e9ration et g\u00e9n\u00e9rateurs diesel.\" \/>\n<meta name=\"robots\" content=\"index, follow, max-snippet:-1, max-image-preview:large, max-video-preview:-1\" \/>\n<link rel=\"canonical\" href=\"https:\/\/stromerzeuger-ankauf.de\/fr\/achat\/\" \/>\n<meta property=\"og:locale\" content=\"fr_FR\" \/>\n<meta property=\"og:type\" content=\"article\" \/>\n<meta property=\"og:title\" content=\"Achat\/d\u00e9mant\u00e8lement de groupes \u00e9lectrog\u00e8nes\" \/>\n<meta property=\"og:description\" content=\"Achat et d\u00e9mant\u00e8lement de g\u00e9n\u00e9rateurs d&#039;\u00e9lectricit\u00e9 usag\u00e9s et exc\u00e9dentaires tels que turbines \u00e0 vapeur, turbines \u00e0 gaz, centrales de cog\u00e9n\u00e9ration et g\u00e9n\u00e9rateurs diesel.\" \/>\n<meta property=\"og:url\" content=\"https:\/\/stromerzeuger-ankauf.de\/fr\/achat\/\" \/>\n<meta property=\"og:site_name\" content=\"stromerzeugerankauf\" \/>\n<meta property=\"article:modified_time\" content=\"2023-10-17T12:22:24+00:00\" \/>\n<meta property=\"og:image\" content=\"https:\/\/stromerzeuger-ankauf.de\/wp-content\/uploads\/2023\/07\/Deutz-MTU-3-Dieselgeneratoren5.jpg\" \/>\n\t<meta property=\"og:image:width\" content=\"1600\" \/>\n\t<meta property=\"og:image:height\" content=\"1200\" \/>\n\t<meta property=\"og:image:type\" content=\"image\/jpeg\" \/>\n<meta name=\"twitter:card\" content=\"summary_large_image\" \/>\n<meta name=\"twitter:label1\" content=\"Dur\u00e9e de lecture estim\u00e9e\" \/>\n\t<meta name=\"twitter:data1\" content=\"1 minute\" \/>\n<script type=\"application\/ld+json\" class=\"yoast-schema-graph\">{\"@context\":\"https:\\\/\\\/schema.org\",\"@graph\":[{\"@type\":\"WebPage\",\"@id\":\"https:\\\/\\\/stromerzeuger-ankauf.de\\\/fr\\\/achat\\\/\",\"url\":\"https:\\\/\\\/stromerzeuger-ankauf.de\\\/fr\\\/achat\\\/\",\"name\":\"Achat\\\/d\u00e9mant\u00e8lement de groupes \u00e9lectrog\u00e8nes - stromerzeugerankauf\",\"isPartOf\":{\"@id\":\"https:\\\/\\\/stromerzeuger-ankauf.de\\\/fr\\\/#website\"},\"primaryImageOfPage\":{\"@id\":\"https:\\\/\\\/stromerzeuger-ankauf.de\\\/fr\\\/achat\\\/#primaryimage\"},\"image\":{\"@id\":\"https:\\\/\\\/stromerzeuger-ankauf.de\\\/fr\\\/achat\\\/#primaryimage\"},\"thumbnailUrl\":\"https:\\\/\\\/stromerzeuger-ankauf.de\\\/wp-content\\\/uploads\\\/2023\\\/07\\\/Deutz-MTU-3-Dieselgeneratoren5.jpg\",\"datePublished\":\"2022-10-19T15:36:23+00:00\",\"dateModified\":\"2023-10-17T12:22:24+00:00\",\"description\":\"Achat et d\u00e9mant\u00e8lement de g\u00e9n\u00e9rateurs d'\u00e9lectricit\u00e9 usag\u00e9s et exc\u00e9dentaires tels que turbines \u00e0 vapeur, turbines \u00e0 gaz, centrales de cog\u00e9n\u00e9ration et g\u00e9n\u00e9rateurs diesel.\",\"breadcrumb\":{\"@id\":\"https:\\\/\\\/stromerzeuger-ankauf.de\\\/fr\\\/achat\\\/#breadcrumb\"},\"inLanguage\":\"fr-FR\",\"potentialAction\":[{\"@type\":\"ReadAction\",\"target\":[\"https:\\\/\\\/stromerzeuger-ankauf.de\\\/fr\\\/achat\\\/\"]}]},{\"@type\":\"ImageObject\",\"inLanguage\":\"fr-FR\",\"@id\":\"https:\\\/\\\/stromerzeuger-ankauf.de\\\/fr\\\/achat\\\/#primaryimage\",\"url\":\"https:\\\/\\\/stromerzeuger-ankauf.de\\\/wp-content\\\/uploads\\\/2023\\\/07\\\/Deutz-MTU-3-Dieselgeneratoren5.jpg\",\"contentUrl\":\"https:\\\/\\\/stromerzeuger-ankauf.de\\\/wp-content\\\/uploads\\\/2023\\\/07\\\/Deutz-MTU-3-Dieselgeneratoren5.jpg\",\"width\":1600,\"height\":1200},{\"@type\":\"BreadcrumbList\",\"@id\":\"https:\\\/\\\/stromerzeuger-ankauf.de\\\/fr\\\/achat\\\/#breadcrumb\",\"itemListElement\":[{\"@type\":\"ListItem\",\"position\":1,\"name\":\"Startseite\",\"item\":\"https:\\\/\\\/stromerzeuger-ankauf.de\\\/fr\\\/\"},{\"@type\":\"ListItem\",\"position\":2,\"name\":\"Achat\\\/d\u00e9mant\u00e8lement de groupes \u00e9lectrog\u00e8nes\"}]},{\"@type\":\"WebSite\",\"@id\":\"https:\\\/\\\/stromerzeuger-ankauf.de\\\/fr\\\/#website\",\"url\":\"https:\\\/\\\/stromerzeuger-ankauf.de\\\/fr\\\/\",\"name\":\"stromerzeugerankauf\",\"description\":\"Die zweite Chance f\u00fcr Ihr Kraftwerk\",\"publisher\":{\"@id\":\"https:\\\/\\\/stromerzeuger-ankauf.de\\\/fr\\\/#organization\"},\"potentialAction\":[{\"@type\":\"SearchAction\",\"target\":{\"@type\":\"EntryPoint\",\"urlTemplate\":\"https:\\\/\\\/stromerzeuger-ankauf.de\\\/fr\\\/?s={search_term_string}\"},\"query-input\":{\"@type\":\"PropertyValueSpecification\",\"valueRequired\":true,\"valueName\":\"search_term_string\"}}],\"inLanguage\":\"fr-FR\"},{\"@type\":\"Organization\",\"@id\":\"https:\\\/\\\/stromerzeuger-ankauf.de\\\/fr\\\/#organization\",\"name\":\"Kandlin Stromerzeuger\u2013Ankauf GmbH\",\"url\":\"https:\\\/\\\/stromerzeuger-ankauf.de\\\/fr\\\/\",\"logo\":{\"@type\":\"ImageObject\",\"inLanguage\":\"fr-FR\",\"@id\":\"https:\\\/\\\/stromerzeuger-ankauf.de\\\/fr\\\/#\\\/schema\\\/logo\\\/image\\\/\",\"url\":\"https:\\\/\\\/stromerzeuger-ankauf.de\\\/wp-content\\\/uploads\\\/2023\\\/07\\\/KADLIN-FINISH.jpg\",\"contentUrl\":\"https:\\\/\\\/stromerzeuger-ankauf.de\\\/wp-content\\\/uploads\\\/2023\\\/07\\\/KADLIN-FINISH.jpg\",\"width\":1418,\"height\":1064,\"caption\":\"Kandlin Stromerzeuger\u2013Ankauf GmbH\"},\"image\":{\"@id\":\"https:\\\/\\\/stromerzeuger-ankauf.de\\\/fr\\\/#\\\/schema\\\/logo\\\/image\\\/\"}}]}<\/script>\n<!-- \/ Yoast SEO Premium plugin. -->","yoast_head_json":{"title":"Achat\/d\u00e9mant\u00e8lement de groupes \u00e9lectrog\u00e8nes - stromerzeugerankauf","description":"Achat et d\u00e9mant\u00e8lement de g\u00e9n\u00e9rateurs d'\u00e9lectricit\u00e9 usag\u00e9s et exc\u00e9dentaires tels que turbines \u00e0 vapeur, turbines \u00e0 gaz, centrales de cog\u00e9n\u00e9ration et g\u00e9n\u00e9rateurs diesel.","robots":{"index":"index","follow":"follow","max-snippet":"max-snippet:-1","max-image-preview":"max-image-preview:large","max-video-preview":"max-video-preview:-1"},"canonical":"https:\/\/stromerzeuger-ankauf.de\/fr\/achat\/","og_locale":"fr_FR","og_type":"article","og_title":"Achat\/d\u00e9mant\u00e8lement de groupes \u00e9lectrog\u00e8nes","og_description":"Achat et d\u00e9mant\u00e8lement de g\u00e9n\u00e9rateurs d'\u00e9lectricit\u00e9 usag\u00e9s et exc\u00e9dentaires tels que turbines \u00e0 vapeur, turbines \u00e0 gaz, centrales de cog\u00e9n\u00e9ration et g\u00e9n\u00e9rateurs diesel.","og_url":"https:\/\/stromerzeuger-ankauf.de\/fr\/achat\/","og_site_name":"stromerzeugerankauf","article_modified_time":"2023-10-17T12:22:24+00:00","og_image":[{"width":1600,"height":1200,"url":"https:\/\/stromerzeuger-ankauf.de\/wp-content\/uploads\/2023\/07\/Deutz-MTU-3-Dieselgeneratoren5.jpg","type":"image\/jpeg"}],"twitter_card":"summary_large_image","twitter_misc":{"Dur\u00e9e de lecture estim\u00e9e":"1 minute"},"schema":{"@context":"https:\/\/schema.org","@graph":[{"@type":"WebPage","@id":"https:\/\/stromerzeuger-ankauf.de\/fr\/achat\/","url":"https:\/\/stromerzeuger-ankauf.de\/fr\/achat\/","name":"Achat\/d\u00e9mant\u00e8lement de groupes \u00e9lectrog\u00e8nes - stromerzeugerankauf","isPartOf":{"@id":"https:\/\/stromerzeuger-ankauf.de\/fr\/#website"},"primaryImageOfPage":{"@id":"https:\/\/stromerzeuger-ankauf.de\/fr\/achat\/#primaryimage"},"image":{"@id":"https:\/\/stromerzeuger-ankauf.de\/fr\/achat\/#primaryimage"},"thumbnailUrl":"https:\/\/stromerzeuger-ankauf.de\/wp-content\/uploads\/2023\/07\/Deutz-MTU-3-Dieselgeneratoren5.jpg","datePublished":"2022-10-19T15:36:23+00:00","dateModified":"2023-10-17T12:22:24+00:00","description":"Achat et d\u00e9mant\u00e8lement de g\u00e9n\u00e9rateurs d'\u00e9lectricit\u00e9 usag\u00e9s et exc\u00e9dentaires tels que turbines \u00e0 vapeur, turbines \u00e0 gaz, centrales de cog\u00e9n\u00e9ration et g\u00e9n\u00e9rateurs diesel.","breadcrumb":{"@id":"https:\/\/stromerzeuger-ankauf.de\/fr\/achat\/#breadcrumb"},"inLanguage":"fr-FR","potentialAction":[{"@type":"ReadAction","target":["https:\/\/stromerzeuger-ankauf.de\/fr\/achat\/"]}]},{"@type":"ImageObject","inLanguage":"fr-FR","@id":"https:\/\/stromerzeuger-ankauf.de\/fr\/achat\/#primaryimage","url":"https:\/\/stromerzeuger-ankauf.de\/wp-content\/uploads\/2023\/07\/Deutz-MTU-3-Dieselgeneratoren5.jpg","contentUrl":"https:\/\/stromerzeuger-ankauf.de\/wp-content\/uploads\/2023\/07\/Deutz-MTU-3-Dieselgeneratoren5.jpg","width":1600,"height":1200},{"@type":"BreadcrumbList","@id":"https:\/\/stromerzeuger-ankauf.de\/fr\/achat\/#breadcrumb","itemListElement":[{"@type":"ListItem","position":1,"name":"Startseite","item":"https:\/\/stromerzeuger-ankauf.de\/fr\/"},{"@type":"ListItem","position":2,"name":"Achat\/d\u00e9mant\u00e8lement de groupes \u00e9lectrog\u00e8nes"}]},{"@type":"WebSite","@id":"https:\/\/stromerzeuger-ankauf.de\/fr\/#website","url":"https:\/\/stromerzeuger-ankauf.de\/fr\/","name":"stromerzeugerankauf","description":"Die zweite Chance f\u00fcr Ihr Kraftwerk","publisher":{"@id":"https:\/\/stromerzeuger-ankauf.de\/fr\/#organization"},"potentialAction":[{"@type":"SearchAction","target":{"@type":"EntryPoint","urlTemplate":"https:\/\/stromerzeuger-ankauf.de\/fr\/?s={search_term_string}"},"query-input":{"@type":"PropertyValueSpecification","valueRequired":true,"valueName":"search_term_string"}}],"inLanguage":"fr-FR"},{"@type":"Organization","@id":"https:\/\/stromerzeuger-ankauf.de\/fr\/#organization","name":"Kandlin Stromerzeuger\u2013Ankauf GmbH","url":"https:\/\/stromerzeuger-ankauf.de\/fr\/","logo":{"@type":"ImageObject","inLanguage":"fr-FR","@id":"https:\/\/stromerzeuger-ankauf.de\/fr\/#\/schema\/logo\/image\/","url":"https:\/\/stromerzeuger-ankauf.de\/wp-content\/uploads\/2023\/07\/KADLIN-FINISH.jpg","contentUrl":"https:\/\/stromerzeuger-ankauf.de\/wp-content\/uploads\/2023\/07\/KADLIN-FINISH.jpg","width":1418,"height":1064,"caption":"Kandlin Stromerzeuger\u2013Ankauf GmbH"},"image":{"@id":"https:\/\/stromerzeuger-ankauf.de\/fr\/#\/schema\/logo\/image\/"}}]}},"_links":{"self":[{"href":"https:\/\/stromerzeuger-ankauf.de\/fr\/wp-json\/wp\/v2\/pages\/2371","targetHints":{"allow":["GET"]}}],"collection":[{"href":"https:\/\/stromerzeuger-ankauf.de\/fr\/wp-json\/wp\/v2\/pages"}],"about":[{"href":"https:\/\/stromerzeuger-ankauf.de\/fr\/wp-json\/wp\/v2\/types\/page"}],"author":[{"embeddable":true,"href":"https:\/\/stromerzeuger-ankauf.de\/fr\/wp-json\/wp\/v2\/users\/1"}],"replies":[{"embeddable":true,"href":"https:\/\/stromerzeuger-ankauf.de\/fr\/wp-json\/wp\/v2\/comments?post=2371"}],"version-history":[{"count":0,"href":"https:\/\/stromerzeuger-ankauf.de\/fr\/wp-json\/wp\/v2\/pages\/2371\/revisions"}],"wp:featuredmedia":[{"embeddable":true,"href":"https:\/\/stromerzeuger-ankauf.de\/fr\/wp-json\/wp\/v2\/media\/2373"}],"wp:attachment":[{"href":"https:\/\/stromerzeuger-ankauf.de\/fr\/wp-json\/wp\/v2\/media?parent=2371"}],"curies":[{"name":"wp","href":"https:\/\/api.w.org\/{rel}","templated":true}]}}