{"id":2374,"date":"2023-10-04T13:26:11","date_gmt":"2023-10-04T12:26:11","guid":{"rendered":"https:\/\/stromerzeuger-ankauf.de\/kraftwerke-ankauf\/"},"modified":"2024-08-09T12:56:34","modified_gmt":"2024-08-09T11:56:34","slug":"achat-de-centrales-electriques","status":"publish","type":"page","link":"https:\/\/stromerzeuger-ankauf.de\/fr\/achat-de-centrales-electriques\/","title":{"rendered":"Achat de centrales \u00e9lectriques"},"content":{"rendered":"\n<h3 class=\"wp-block-heading\">Nous achetons des centrales \u00e9lectriques d&rsquo;occasion. <\/h3>\n\n<p>En plus de l&rsquo;achat, nous proposons \u00e9galement le d\u00e9mant\u00e8lement des centrales \u00e9lectriques usag\u00e9es.<\/p>\n\n<p>Qu&rsquo;il s&rsquo;agisse d&rsquo;un syst\u00e8me de cinq ou de 100 MW:<\/p>\n\n<p>Nous garantissons toujours un d\u00e9montage s\u00fbr et rentable de votre syst\u00e8me.<\/p>\n\n<p>Les syst\u00e8mes \u00e9quip\u00e9s de turbines \u00e0 vapeur de fabricants renomm\u00e9s tels que <a href=\"https:\/\/www.howden.com\/en-gb\/products\/steam-turbines\" target=\"_blank\" rel=\"noreferrer noopener\">Howden<\/a>, <a href=\"https:\/\/www.ansaldoenergia.com\/offering\/equipment\/turbomachinery\/steam-turbines\" target=\"_blank\" rel=\"noreferrer noopener\">Ansaldo-Energia<\/a>, <a href=\"https:\/\/www.siemens-energy.com\/global\/en\/offerings\/power-generation\/steam-turbines.html\" target=\"_blank\" rel=\"noreferrer noopener\">Siemens<\/a>, etc. construits dans les ann\u00e9es 1970 et d&rsquo;une puissance allant jusqu&rsquo;\u00e0 100 m\u00e9gawatts sont particuli\u00e8rement recherch\u00e9s.<\/p>\n\n<p><strong>Si vous souhaitez vendre\/recycler\/d\u00e9monter une centrale \u00e9lectrique, envoyez-nous votre demande avec quelques photos \u00e0: info@stromerzeuger-ankauf.de <\/strong><\/p>\n\n<h5 class=\"wp-block-heading\"><strong>Plus d&rsquo;informations sur notre <a href=\"https:\/\/stromerzeuger-ankauf.de\/fr\/contact\/\">page contact<\/a>.<\/strong><\/h5>\n\n<h3 class=\"wp-block-heading\" id=\"h-referenzen\">Informations d&rsquo;identification:<\/h3>\n\n<p>Voici quelques exemples de groupes \u00e9lectrog\u00e8nes achet\u00e9s et d\u00e9mont\u00e9s avec des photos originales du chargement. Vous pouvez \u00ab faire d\u00e9filer \u00bb les photos pour avoir une meilleure id\u00e9e de notre travail et de nos possibilit\u00e9s.<\/p>\n\n<div class=\"wp-block-columns is-layout-flex wp-container-core-columns-is-layout-28f84493 wp-block-columns-is-layout-flex\">\n<div class=\"wp-block-column is-vertically-aligned-center is-layout-flow wp-block-column-is-layout-flow\" style=\"flex-basis:33.33%\"><\/div>\n\n\n\n<div class=\"wp-block-column is-layout-flow wp-block-column-is-layout-flow\" style=\"flex-basis:66.66%\">\n<p>L&rsquo;un de nos plus grands projets \u00e9tait l&rsquo;achat d&rsquo;un BVI \/ ThyssenKrupp de 24 MW. D&rsquo;autres projets d&rsquo;achat suivront dans la plage de puissance sup\u00e9rieure \u00e0 500 KW.<\/p>\n<\/div>\n<\/div>\n\n<div class=\"wp-block-columns is-layout-flex wp-container-core-columns-is-layout-28f84493 wp-block-columns-is-layout-flex\">\n<div class=\"wp-block-column is-vertically-aligned-center is-layout-flow wp-block-column-is-layout-flow\" style=\"flex-basis:33.33%\">\n<p><strong>BVI \/ ThyssenKrupp MARC6-C03 DT<\/strong><\/p>\n<\/div>\n\n\n\n<div class=\"wp-block-column is-layout-flow wp-block-column-is-layout-flow\" style=\"flex-basis:66.66%\">\n<div class=\"alignnormal\"><div id=\"metaslider-id-1460\" style=\"width: 100%; margin: 0 auto;\" class=\"ml-slider-3-109-0 metaslider metaslider-nivo metaslider-1460 ml-slider ms-theme-default\" role=\"region\" aria-label=\"Slideshow BVI ThyssenKrupp MARC6-C03 DT\" data-height=\"300\" data-width=\"700\">\n    <div id=\"metaslider_container_1460\">\n        <div class='slider-wrapper theme-default'><div class='ribbon'><\/div><div id='metaslider_1460' class='nivoSlider'><img loading=\"lazy\" decoding=\"async\" src=\"https:\/\/stromerzeuger-ankauf.de\/wp-content\/uploads\/2023\/07\/BVI_ThyssenKrupp-MARC6-C03-Dampfturbine-24-MW14.jpg\" height=\"300\" width=\"700\" title=\"BVI_ThyssenKrupp-MARC6-C03-Dampfturbine-24-MW14\" alt=\"BVI ThyssenKrupp MARC6-C03 Dampfturbine 24 MW\" class=\"slider-1460 slide-1461 msDefaultImage\" \/><img loading=\"lazy\" decoding=\"async\" src=\"https:\/\/stromerzeuger-ankauf.de\/wp-content\/uploads\/2023\/07\/BVI_ThyssenKrupp-MARC6-C03-Dampfturbine-24-MW16.jpg\" height=\"300\" width=\"700\" title=\"BVI_ThyssenKrupp-MARC6-C03-Dampfturbine-24-MW16\" alt=\"BVI ThyssenKrupp MARC6-C03 Dampfturbine 24 MW\" class=\"slider-1460 slide-1462 msDefaultImage\" \/><img loading=\"lazy\" decoding=\"async\" src=\"https:\/\/stromerzeuger-ankauf.de\/wp-content\/uploads\/2023\/07\/BVI_ThyssenKrupp-MARC6-C03-Dampfturbine-24-MW4.jpg\" height=\"300\" width=\"700\" title=\"BVI_ThyssenKrupp-MARC6-C03-Dampfturbine-24-MW4\" alt=\"BVI ThyssenKrupp MARC6-C03 Dampfturbine 24 MW\" class=\"slider-1460 slide-1463 msDefaultImage\" \/><img loading=\"lazy\" decoding=\"async\" src=\"https:\/\/stromerzeuger-ankauf.de\/wp-content\/uploads\/2023\/07\/BVI_ThyssenKrupp-MARC6-C03-Dampfturbine-24-MW8.jpg\" height=\"300\" width=\"700\" title=\"BVI_ThyssenKrupp-MARC6-C03-Dampfturbine-24-MW8\" alt=\"BVI ThyssenKrupp MARC6-C03 Dampfturbine 24 MW\" class=\"slider-1460 slide-1464 msDefaultImage\" \/><img loading=\"lazy\" decoding=\"async\" src=\"https:\/\/stromerzeuger-ankauf.de\/wp-content\/uploads\/2023\/07\/BVI_ThyssenKrupp-MARC6-C03-Dampfturbine-24-MW9.jpg\" height=\"300\" width=\"700\" title=\"BVI_ThyssenKrupp-MARC6-C03-Dampfturbine-24-MW9\" alt=\"BVI ThyssenKrupp MARC6-C03 Dampfturbine 24 MW\" class=\"slider-1460 slide-1465 msDefaultImage\" \/><img loading=\"lazy\" decoding=\"async\" src=\"https:\/\/stromerzeuger-ankauf.de\/wp-content\/uploads\/2023\/07\/BVI_ThyssenKrupp-MARC6-C03-Dampfturbine-24-MW12.jpg\" height=\"300\" width=\"700\" title=\"BVI_ThyssenKrupp-MARC6-C03-Dampfturbine-24-MW12\" alt=\"BVI ThyssenKrupp MARC6-C03 Dampfturbine 24 MW\" class=\"slider-1460 slide-1466 msDefaultImage\" \/><\/div><\/div>\n        \n    <\/div>\n<\/div><\/div>\n<\/div>\n<\/div>\n\n<p>Retour \u00e0 <a href=\"https:\/\/stromerzeuger-ankauf.de\/fr\/achat\/\">l&rsquo;achat<\/a><\/p>\n","protected":false},"excerpt":{"rendered":"<p>Nous achetons des centrales \u00e9lectriques d&rsquo;occasion. En plus de l&rsquo;achat, nous proposons \u00e9galement le d\u00e9mant\u00e8lement des centrales \u00e9lectriques usag\u00e9es. Qu&rsquo;il s&rsquo;agisse d&rsquo;un syst\u00e8me de cinq ou de 100 MW: Nous garantissons toujours un d\u00e9montage s\u00fbr et rentable de votre syst\u00e8me. Les syst\u00e8mes \u00e9quip\u00e9s de turbines \u00e0 vapeur de fabricants renomm\u00e9s tels que Howden, Ansaldo-Energia, Siemens, [&hellip;]<\/p>\n","protected":false},"author":1,"featured_media":2376,"parent":0,"menu_order":2,"comment_status":"closed","ping_status":"closed","template":"","meta":{"footnotes":""},"class_list":["post-2374","page","type-page","status-publish","has-post-thumbnail","hentry"],"yoast_head":"<!-- This site is optimized with the Yoast SEO Premium plugin v27.2 (Yoast SEO v27.5) - https:\/\/yoast.com\/product\/yoast-seo-premium-wordpress\/ -->\n<title>Achat de centrales \u00e9lectriques de l&#039;achat d&#039;une centrale \u00e9lectrique - stromerzeugerankauf<\/title>\n<meta name=\"description\" content=\"Nous achetons des centrales \u00e9lectriques usag\u00e9es et exc\u00e9dentaires. En plus de l&#039;achat, nous proposons \u00e9galement le d\u00e9montage.\" \/>\n<meta name=\"robots\" content=\"index, follow, max-snippet:-1, max-image-preview:large, max-video-preview:-1\" \/>\n<link rel=\"canonical\" href=\"https:\/\/stromerzeuger-ankauf.de\/fr\/achat-de-centrales-electriques\/\" \/>\n<meta property=\"og:locale\" content=\"fr_FR\" \/>\n<meta property=\"og:type\" content=\"article\" \/>\n<meta property=\"og:title\" content=\"Achat de centrales \u00e9lectriques\" \/>\n<meta property=\"og:description\" content=\"Nous achetons des centrales \u00e9lectriques usag\u00e9es et exc\u00e9dentaires. En plus de l&#039;achat, nous proposons \u00e9galement le d\u00e9montage.\" \/>\n<meta property=\"og:url\" content=\"https:\/\/stromerzeuger-ankauf.de\/fr\/achat-de-centrales-electriques\/\" \/>\n<meta property=\"og:site_name\" content=\"stromerzeugerankauf\" \/>\n<meta property=\"article:modified_time\" content=\"2024-08-09T11:56:34+00:00\" \/>\n<meta property=\"og:image\" content=\"https:\/\/stromerzeuger-ankauf.de\/wp-content\/uploads\/2023\/07\/Dresser-Rand_GAF-5C_Kondensations-Dampfturbine.jpg\" \/>\n\t<meta property=\"og:image:width\" content=\"1440\" \/>\n\t<meta property=\"og:image:height\" content=\"1080\" \/>\n\t<meta property=\"og:image:type\" content=\"image\/jpeg\" \/>\n<meta name=\"twitter:card\" content=\"summary_large_image\" \/>\n<meta name=\"twitter:label1\" content=\"Dur\u00e9e de lecture estim\u00e9e\" \/>\n\t<meta name=\"twitter:data1\" content=\"1 minute\" \/>\n<script type=\"application\/ld+json\" class=\"yoast-schema-graph\">{\"@context\":\"https:\\\/\\\/schema.org\",\"@graph\":[{\"@type\":\"WebPage\",\"@id\":\"https:\\\/\\\/stromerzeuger-ankauf.de\\\/fr\\\/achat-de-centrales-electriques\\\/\",\"url\":\"https:\\\/\\\/stromerzeuger-ankauf.de\\\/fr\\\/achat-de-centrales-electriques\\\/\",\"name\":\"Achat de centrales \u00e9lectriques de l'achat d'une centrale \u00e9lectrique - stromerzeugerankauf\",\"isPartOf\":{\"@id\":\"https:\\\/\\\/stromerzeuger-ankauf.de\\\/fr\\\/#website\"},\"primaryImageOfPage\":{\"@id\":\"https:\\\/\\\/stromerzeuger-ankauf.de\\\/fr\\\/achat-de-centrales-electriques\\\/#primaryimage\"},\"image\":{\"@id\":\"https:\\\/\\\/stromerzeuger-ankauf.de\\\/fr\\\/achat-de-centrales-electriques\\\/#primaryimage\"},\"thumbnailUrl\":\"https:\\\/\\\/stromerzeuger-ankauf.de\\\/wp-content\\\/uploads\\\/2023\\\/07\\\/Dresser-Rand_GAF-5C_Kondensations-Dampfturbine.jpg\",\"datePublished\":\"2023-10-04T12:26:11+00:00\",\"dateModified\":\"2024-08-09T11:56:34+00:00\",\"description\":\"Nous achetons des centrales \u00e9lectriques usag\u00e9es et exc\u00e9dentaires. En plus de l'achat, nous proposons \u00e9galement le d\u00e9montage.\",\"breadcrumb\":{\"@id\":\"https:\\\/\\\/stromerzeuger-ankauf.de\\\/fr\\\/achat-de-centrales-electriques\\\/#breadcrumb\"},\"inLanguage\":\"fr-FR\",\"potentialAction\":[{\"@type\":\"ReadAction\",\"target\":[\"https:\\\/\\\/stromerzeuger-ankauf.de\\\/fr\\\/achat-de-centrales-electriques\\\/\"]}]},{\"@type\":\"ImageObject\",\"inLanguage\":\"fr-FR\",\"@id\":\"https:\\\/\\\/stromerzeuger-ankauf.de\\\/fr\\\/achat-de-centrales-electriques\\\/#primaryimage\",\"url\":\"https:\\\/\\\/stromerzeuger-ankauf.de\\\/wp-content\\\/uploads\\\/2023\\\/07\\\/Dresser-Rand_GAF-5C_Kondensations-Dampfturbine.jpg\",\"contentUrl\":\"https:\\\/\\\/stromerzeuger-ankauf.de\\\/wp-content\\\/uploads\\\/2023\\\/07\\\/Dresser-Rand_GAF-5C_Kondensations-Dampfturbine.jpg\",\"width\":1440,\"height\":1080},{\"@type\":\"BreadcrumbList\",\"@id\":\"https:\\\/\\\/stromerzeuger-ankauf.de\\\/fr\\\/achat-de-centrales-electriques\\\/#breadcrumb\",\"itemListElement\":[{\"@type\":\"ListItem\",\"position\":1,\"name\":\"Startseite\",\"item\":\"https:\\\/\\\/stromerzeuger-ankauf.de\\\/fr\\\/\"},{\"@type\":\"ListItem\",\"position\":2,\"name\":\"Achat de centrales \u00e9lectriques\"}]},{\"@type\":\"WebSite\",\"@id\":\"https:\\\/\\\/stromerzeuger-ankauf.de\\\/fr\\\/#website\",\"url\":\"https:\\\/\\\/stromerzeuger-ankauf.de\\\/fr\\\/\",\"name\":\"stromerzeugerankauf\",\"description\":\"Die zweite Chance f\u00fcr Ihr Kraftwerk\",\"publisher\":{\"@id\":\"https:\\\/\\\/stromerzeuger-ankauf.de\\\/fr\\\/#organization\"},\"potentialAction\":[{\"@type\":\"SearchAction\",\"target\":{\"@type\":\"EntryPoint\",\"urlTemplate\":\"https:\\\/\\\/stromerzeuger-ankauf.de\\\/fr\\\/?s={search_term_string}\"},\"query-input\":{\"@type\":\"PropertyValueSpecification\",\"valueRequired\":true,\"valueName\":\"search_term_string\"}}],\"inLanguage\":\"fr-FR\"},{\"@type\":\"Organization\",\"@id\":\"https:\\\/\\\/stromerzeuger-ankauf.de\\\/fr\\\/#organization\",\"name\":\"Kandlin Stromerzeuger\u2013Ankauf GmbH\",\"url\":\"https:\\\/\\\/stromerzeuger-ankauf.de\\\/fr\\\/\",\"logo\":{\"@type\":\"ImageObject\",\"inLanguage\":\"fr-FR\",\"@id\":\"https:\\\/\\\/stromerzeuger-ankauf.de\\\/fr\\\/#\\\/schema\\\/logo\\\/image\\\/\",\"url\":\"https:\\\/\\\/stromerzeuger-ankauf.de\\\/wp-content\\\/uploads\\\/2023\\\/07\\\/KADLIN-FINISH.jpg\",\"contentUrl\":\"https:\\\/\\\/stromerzeuger-ankauf.de\\\/wp-content\\\/uploads\\\/2023\\\/07\\\/KADLIN-FINISH.jpg\",\"width\":1418,\"height\":1064,\"caption\":\"Kandlin Stromerzeuger\u2013Ankauf GmbH\"},\"image\":{\"@id\":\"https:\\\/\\\/stromerzeuger-ankauf.de\\\/fr\\\/#\\\/schema\\\/logo\\\/image\\\/\"}}]}<\/script>\n<!-- \/ Yoast SEO Premium plugin. -->","yoast_head_json":{"title":"Achat de centrales \u00e9lectriques de l'achat d'une centrale \u00e9lectrique - stromerzeugerankauf","description":"Nous achetons des centrales \u00e9lectriques usag\u00e9es et exc\u00e9dentaires. En plus de l'achat, nous proposons \u00e9galement le d\u00e9montage.","robots":{"index":"index","follow":"follow","max-snippet":"max-snippet:-1","max-image-preview":"max-image-preview:large","max-video-preview":"max-video-preview:-1"},"canonical":"https:\/\/stromerzeuger-ankauf.de\/fr\/achat-de-centrales-electriques\/","og_locale":"fr_FR","og_type":"article","og_title":"Achat de centrales \u00e9lectriques","og_description":"Nous achetons des centrales \u00e9lectriques usag\u00e9es et exc\u00e9dentaires. En plus de l'achat, nous proposons \u00e9galement le d\u00e9montage.","og_url":"https:\/\/stromerzeuger-ankauf.de\/fr\/achat-de-centrales-electriques\/","og_site_name":"stromerzeugerankauf","article_modified_time":"2024-08-09T11:56:34+00:00","og_image":[{"width":1440,"height":1080,"url":"https:\/\/stromerzeuger-ankauf.de\/wp-content\/uploads\/2023\/07\/Dresser-Rand_GAF-5C_Kondensations-Dampfturbine.jpg","type":"image\/jpeg"}],"twitter_card":"summary_large_image","twitter_misc":{"Dur\u00e9e de lecture estim\u00e9e":"1 minute"},"schema":{"@context":"https:\/\/schema.org","@graph":[{"@type":"WebPage","@id":"https:\/\/stromerzeuger-ankauf.de\/fr\/achat-de-centrales-electriques\/","url":"https:\/\/stromerzeuger-ankauf.de\/fr\/achat-de-centrales-electriques\/","name":"Achat de centrales \u00e9lectriques de l'achat d'une centrale \u00e9lectrique - stromerzeugerankauf","isPartOf":{"@id":"https:\/\/stromerzeuger-ankauf.de\/fr\/#website"},"primaryImageOfPage":{"@id":"https:\/\/stromerzeuger-ankauf.de\/fr\/achat-de-centrales-electriques\/#primaryimage"},"image":{"@id":"https:\/\/stromerzeuger-ankauf.de\/fr\/achat-de-centrales-electriques\/#primaryimage"},"thumbnailUrl":"https:\/\/stromerzeuger-ankauf.de\/wp-content\/uploads\/2023\/07\/Dresser-Rand_GAF-5C_Kondensations-Dampfturbine.jpg","datePublished":"2023-10-04T12:26:11+00:00","dateModified":"2024-08-09T11:56:34+00:00","description":"Nous achetons des centrales \u00e9lectriques usag\u00e9es et exc\u00e9dentaires. En plus de l'achat, nous proposons \u00e9galement le d\u00e9montage.","breadcrumb":{"@id":"https:\/\/stromerzeuger-ankauf.de\/fr\/achat-de-centrales-electriques\/#breadcrumb"},"inLanguage":"fr-FR","potentialAction":[{"@type":"ReadAction","target":["https:\/\/stromerzeuger-ankauf.de\/fr\/achat-de-centrales-electriques\/"]}]},{"@type":"ImageObject","inLanguage":"fr-FR","@id":"https:\/\/stromerzeuger-ankauf.de\/fr\/achat-de-centrales-electriques\/#primaryimage","url":"https:\/\/stromerzeuger-ankauf.de\/wp-content\/uploads\/2023\/07\/Dresser-Rand_GAF-5C_Kondensations-Dampfturbine.jpg","contentUrl":"https:\/\/stromerzeuger-ankauf.de\/wp-content\/uploads\/2023\/07\/Dresser-Rand_GAF-5C_Kondensations-Dampfturbine.jpg","width":1440,"height":1080},{"@type":"BreadcrumbList","@id":"https:\/\/stromerzeuger-ankauf.de\/fr\/achat-de-centrales-electriques\/#breadcrumb","itemListElement":[{"@type":"ListItem","position":1,"name":"Startseite","item":"https:\/\/stromerzeuger-ankauf.de\/fr\/"},{"@type":"ListItem","position":2,"name":"Achat de centrales \u00e9lectriques"}]},{"@type":"WebSite","@id":"https:\/\/stromerzeuger-ankauf.de\/fr\/#website","url":"https:\/\/stromerzeuger-ankauf.de\/fr\/","name":"stromerzeugerankauf","description":"Die zweite Chance f\u00fcr Ihr Kraftwerk","publisher":{"@id":"https:\/\/stromerzeuger-ankauf.de\/fr\/#organization"},"potentialAction":[{"@type":"SearchAction","target":{"@type":"EntryPoint","urlTemplate":"https:\/\/stromerzeuger-ankauf.de\/fr\/?s={search_term_string}"},"query-input":{"@type":"PropertyValueSpecification","valueRequired":true,"valueName":"search_term_string"}}],"inLanguage":"fr-FR"},{"@type":"Organization","@id":"https:\/\/stromerzeuger-ankauf.de\/fr\/#organization","name":"Kandlin Stromerzeuger\u2013Ankauf GmbH","url":"https:\/\/stromerzeuger-ankauf.de\/fr\/","logo":{"@type":"ImageObject","inLanguage":"fr-FR","@id":"https:\/\/stromerzeuger-ankauf.de\/fr\/#\/schema\/logo\/image\/","url":"https:\/\/stromerzeuger-ankauf.de\/wp-content\/uploads\/2023\/07\/KADLIN-FINISH.jpg","contentUrl":"https:\/\/stromerzeuger-ankauf.de\/wp-content\/uploads\/2023\/07\/KADLIN-FINISH.jpg","width":1418,"height":1064,"caption":"Kandlin Stromerzeuger\u2013Ankauf GmbH"},"image":{"@id":"https:\/\/stromerzeuger-ankauf.de\/fr\/#\/schema\/logo\/image\/"}}]}},"_links":{"self":[{"href":"https:\/\/stromerzeuger-ankauf.de\/fr\/wp-json\/wp\/v2\/pages\/2374","targetHints":{"allow":["GET"]}}],"collection":[{"href":"https:\/\/stromerzeuger-ankauf.de\/fr\/wp-json\/wp\/v2\/pages"}],"about":[{"href":"https:\/\/stromerzeuger-ankauf.de\/fr\/wp-json\/wp\/v2\/types\/page"}],"author":[{"embeddable":true,"href":"https:\/\/stromerzeuger-ankauf.de\/fr\/wp-json\/wp\/v2\/users\/1"}],"replies":[{"embeddable":true,"href":"https:\/\/stromerzeuger-ankauf.de\/fr\/wp-json\/wp\/v2\/comments?post=2374"}],"version-history":[{"count":0,"href":"https:\/\/stromerzeuger-ankauf.de\/fr\/wp-json\/wp\/v2\/pages\/2374\/revisions"}],"wp:featuredmedia":[{"embeddable":true,"href":"https:\/\/stromerzeuger-ankauf.de\/fr\/wp-json\/wp\/v2\/media\/2376"}],"wp:attachment":[{"href":"https:\/\/stromerzeuger-ankauf.de\/fr\/wp-json\/wp\/v2\/media?parent=2374"}],"curies":[{"name":"wp","href":"https:\/\/api.w.org\/{rel}","templated":true}]}}