{"id":2395,"date":"2018-08-15T15:07:52","date_gmt":"2018-08-15T14:07:52","guid":{"rendered":"https:\/\/stromerzeuger-ankauf.de\/ueber-uns\/"},"modified":"2026-03-03T10:55:00","modified_gmt":"2026-03-03T09:55:00","slug":"a-propos-de-nous","status":"publish","type":"page","link":"https:\/\/stromerzeuger-ankauf.de\/fr\/a-propos-de-nous\/","title":{"rendered":"\u00c0 propos de nous"},"content":{"rendered":"\n<h4 class=\"wp-block-heading\" id=\"h-geschichte-ausrustung\">Histoire \/ Equipement<\/h4>\n\n<p><strong>Octobre 2016:<\/strong><\/p>\n\n<p>Les sites de Solingen et Pulheim seront regroup\u00e9s dans notre entrep\u00f4t principal \u00e0 Bergisch-Gladbach.<\/p>\n\n<p><strong>\u00c9t\u00e9 2014:<\/strong><\/p>\n\n<p>Transformation de Kandlin Stromerzeuger\u2013Ankauf eK en GmbH<\/p>\n\n<p><strong>Ann\u00e9e 2005:<\/strong><\/p>\n\n<p>D\u00e9but du n\u00e9goce de groupes \u00e9lectrog\u00e8nes d&rsquo;occasion<\/p>\n\n<p><strong>\u00c9t\u00e9 2002:<\/strong><\/p>\n\n<p>Cr\u00e9ation d&rsquo;une entreprise avec vente de groupes \u00e9lectrog\u00e8nes neufs<\/p>\n\n<p>La plupart des turbines \u00e0 vapeur (et autres unit\u00e9s) sont temporairement stock\u00e9es sur notre site de Bergisch-Gladbach jusqu&rsquo;\u00e0 leur revente. Nous disposons ici d&rsquo;une surface de stockage de 2500 m\u00b2 et de 1000 emplacements palettes. Ici, les unit\u00e9s de cog\u00e9n\u00e9ration pesant jusqu&rsquo;\u00e0 12 tonnes peuvent \u00eatre empil\u00e9es les unes sur les autres pour gagner de la place.<\/p>\n\n<p>Une flotte de chariots \u00e9l\u00e9vateurs d&rsquo;une capacit\u00e9 de charge allant jusqu&rsquo;\u00e0 20 tonnes et une grue jusqu&rsquo;\u00e0 60 tonnes garantissent que les groupes \u00e9lectrog\u00e8nes peuvent \u00eatre stock\u00e9s et retir\u00e9s rapidement.<\/p>\n\n<h4 class=\"wp-block-heading\" id=\"h-presse\">Presse<\/h4>\n\n<p>Les articles de presse qui nous concernent donnent un aper\u00e7u de notre travail, dans lequel vous pouvez en savoir beaucoup sur notre secteur et certains de nos plus grands travaux de d\u00e9mant\u00e8lement.<\/p>\n\n<div class=\"wp-block-columns is-layout-flex wp-container-core-columns-is-layout-28f84493 wp-block-columns-is-layout-flex\">\n<div class=\"wp-block-column is-layout-flow wp-block-column-is-layout-flow\" style=\"flex-basis:33.33%\">\n<p><strong>Un article du magazine Gaswinner 01\/2015 sur nous, \u00ab concessionnaires de centrales \u00e9lectriques \u00bb<\/strong><\/p>\n<\/div>\n\n\n\n<div class=\"wp-block-column is-layout-flow wp-block-column-is-layout-flow\" style=\"flex-basis:66.66%\">\n<div data-wp-interactive=\"core\/file\" class=\"wp-block-file\"><object data-wp-bind--hidden=\"!state.hasPdfPreview\" hidden class=\"wp-block-file__embed\" data=\"https:\/\/stromerzeuger-ankauf.de\/wp-content\/uploads\/2023\/07\/gaswinner_01_2015_energiewender.pdf\" type=\"application\/pdf\" style=\"width:100%;height:600px\" aria-label=\"Contenu embarqu\u00e9 gaswinner_01_2015_energiewender.\"><\/object><a id=\"wp-block-file--media-2b4afaaa-df95-4096-afdb-5b2be0c34794\" href=\"https:\/\/stromerzeuger-ankauf.de\/wp-content\/uploads\/2023\/07\/gaswinner_01_2015_energiewender.pdf\">gaswinner_01_2015_energiewender<\/a><\/div>\n<\/div>\n<\/div>\n\n<div class=\"wp-block-columns is-layout-flex wp-container-core-columns-is-layout-28f84493 wp-block-columns-is-layout-flex\">\n<div class=\"wp-block-column is-layout-flow wp-block-column-is-layout-flow\" style=\"flex-basis:33.33%\">\n<p><strong>Un article de journal sur notre travail<\/strong><\/p>\n<\/div>\n\n\n\n<div class=\"wp-block-column is-layout-flow wp-block-column-is-layout-flow\" style=\"flex-basis:66.66%\">\n<div data-wp-interactive=\"core\/file\" class=\"wp-block-file\"><object data-wp-bind--hidden=\"!state.hasPdfPreview\" hidden class=\"wp-block-file__embed\" data=\"https:\/\/stromerzeuger-ankauf.de\/wp-content\/uploads\/2023\/07\/Ilmenauer_Allgemeine_Solar_Gasturbine_2013.pdf\" type=\"application\/pdf\" style=\"width:100%;height:600px\" aria-label=\"Contenu embarqu\u00e9 Ilmenauer_Allgemeine_Solar_Gasturbine_2013.\"><\/object><a id=\"wp-block-file--media-db19b348-8e8e-4118-9b5f-90d138ce3c10\" href=\"https:\/\/stromerzeuger-ankauf.de\/wp-content\/uploads\/2023\/07\/Ilmenauer_Allgemeine_Solar_Gasturbine_2013.pdf\">Ilmenauer_Allgemeine_Solar_Gasturbine_2013<\/a><\/div>\n<\/div>\n<\/div>\n\n<div class=\"wp-block-columns is-layout-flex wp-container-core-columns-is-layout-28f84493 wp-block-columns-is-layout-flex\">\n<div class=\"wp-block-column is-layout-flow wp-block-column-is-layout-flow\" style=\"flex-basis:33.33%\">\n<p><strong>Un autre article de journal<\/strong><\/p>\n<\/div>\n\n\n\n<div class=\"wp-block-column is-layout-flow wp-block-column-is-layout-flow\" style=\"flex-basis:66.66%\">\n<div data-wp-interactive=\"core\/file\" class=\"wp-block-file\"><object data-wp-bind--hidden=\"!state.hasPdfPreview\" hidden class=\"wp-block-file__embed\" data=\"https:\/\/stromerzeuger-ankauf.de\/wp-content\/uploads\/2023\/07\/Freies_Wort_2013_Gasturbine.pdf\" type=\"application\/pdf\" style=\"width:100%;height:600px\" aria-label=\"Contenu embarqu\u00e9 Freies_Wort_2013_Gasturbine.\"><\/object><a id=\"wp-block-file--media-2b4afaaa-df95-4096-afdb-5b2be0c34794\" href=\"https:\/\/stromerzeuger-ankauf.de\/wp-content\/uploads\/2023\/07\/Freies_Wort_2013_Gasturbine.pdf\">Freies_Wort_2013_Gasturbine<\/a><\/div>\n<\/div>\n<\/div>\n\n<div class=\"wp-block-columns is-layout-flex wp-container-core-columns-is-layout-28f84493 wp-block-columns-is-layout-flex\">\n<div class=\"wp-block-column is-layout-flow wp-block-column-is-layout-flow\" style=\"flex-basis:33.33%\">\n<p><strong>Un autre article de journal<\/strong><\/p>\n<\/div>\n\n\n\n<div class=\"wp-block-column is-layout-flow wp-block-column-is-layout-flow\" style=\"flex-basis:66.66%\">\n<figure class=\"wp-block-gallery has-nested-images columns-default is-cropped wp-block-gallery-2 is-layout-flex wp-block-gallery-is-layout-flex\">\n<figure class=\"wp-block-image size-large\"><a href=\"https:\/\/stromerzeuger-ankauf.de\/wp-content\/uploads\/2023\/07\/Globalisierung_2008.jpg\" target=\"_blank\" rel=\"noopener\" data-lbwps-width=\"3900\" data-lbwps-height=\"5700\" data-lbwps-srcsmall=\"https:\/\/stromerzeuger-ankauf.de\/wp-content\/uploads\/2023\/07\/Globalisierung_2008-205x300.jpg\"><img loading=\"lazy\" decoding=\"async\" width=\"701\" height=\"1024\" data-id=\"843\" src=\"https:\/\/stromerzeuger-ankauf.de\/wp-content\/uploads\/2023\/07\/Globalisierung_2008-701x1024.jpg\" alt=\"Presse d&#xE9;mant&#xE8;lement achat centrale &#xE9;lectrique\" class=\"wp-image-843\" srcset=\"https:\/\/stromerzeuger-ankauf.de\/wp-content\/uploads\/2023\/07\/Globalisierung_2008-701x1024.jpg 701w, https:\/\/stromerzeuger-ankauf.de\/wp-content\/uploads\/2023\/07\/Globalisierung_2008-205x300.jpg 205w, https:\/\/stromerzeuger-ankauf.de\/wp-content\/uploads\/2023\/07\/Globalisierung_2008-768x1122.jpg 768w, https:\/\/stromerzeuger-ankauf.de\/wp-content\/uploads\/2023\/07\/Globalisierung_2008-1051x1536.jpg 1051w, https:\/\/stromerzeuger-ankauf.de\/wp-content\/uploads\/2023\/07\/Globalisierung_2008-1401x2048.jpg 1401w, https:\/\/stromerzeuger-ankauf.de\/wp-content\/uploads\/2023\/07\/Globalisierung_2008-scaled.jpg 1752w\" sizes=\"auto, (max-width: 701px) 100vw, 701px\" \/><\/a><\/figure>\n<\/figure>\n<\/div>\n<\/div>\n","protected":false},"excerpt":{"rendered":"<p>Histoire \/ Equipement Octobre 2016: Les sites de Solingen et Pulheim seront regroup\u00e9s dans notre entrep\u00f4t principal \u00e0 Bergisch-Gladbach. \u00c9t\u00e9 2014: Transformation de Kandlin Stromerzeuger\u2013Ankauf eK en GmbH Ann\u00e9e 2005: D\u00e9but du n\u00e9goce de groupes \u00e9lectrog\u00e8nes d&rsquo;occasion \u00c9t\u00e9 2002: Cr\u00e9ation d&rsquo;une entreprise avec vente de groupes \u00e9lectrog\u00e8nes neufs La plupart des turbines \u00e0 vapeur (et [&hellip;]<\/p>\n","protected":false},"author":1,"featured_media":2398,"parent":0,"menu_order":52,"comment_status":"closed","ping_status":"closed","template":"","meta":{"footnotes":""},"class_list":["post-2395","page","type-page","status-publish","has-post-thumbnail","hentry"],"yoast_head":"<!-- This site is optimized with the Yoast SEO Premium plugin v27.2 (Yoast SEO v27.3) - https:\/\/yoast.com\/product\/yoast-seo-premium-wordpress\/ -->\n<title>\u00c0 propos de nous - stromerzeugerankauf<\/title>\n<meta name=\"description\" content=\"Apprenez-en davantage sur nous et notre travail. L&#039;histoire de l&#039;entreprise, nos \u00e9quipements et les articles de presse vous en donnent ici un aper\u00e7u.\" \/>\n<meta name=\"robots\" content=\"index, follow, max-snippet:-1, max-image-preview:large, max-video-preview:-1\" \/>\n<link rel=\"canonical\" href=\"https:\/\/stromerzeuger-ankauf.de\/fr\/a-propos-de-nous\/\" \/>\n<meta property=\"og:locale\" content=\"fr_FR\" \/>\n<meta property=\"og:type\" content=\"article\" \/>\n<meta property=\"og:title\" content=\"\u00c0 propos de nous\" \/>\n<meta property=\"og:description\" content=\"Apprenez-en davantage sur nous et notre travail. L&#039;histoire de l&#039;entreprise, nos \u00e9quipements et les articles de presse vous en donnent ici un aper\u00e7u.\" \/>\n<meta property=\"og:url\" content=\"https:\/\/stromerzeuger-ankauf.de\/fr\/a-propos-de-nous\/\" \/>\n<meta property=\"og:site_name\" content=\"stromerzeugerankauf\" \/>\n<meta property=\"article:modified_time\" content=\"2026-03-03T09:55:00+00:00\" \/>\n<meta property=\"og:image\" content=\"https:\/\/stromerzeuger-ankauf.de\/wp-content\/uploads\/2023\/07\/MTU-AE-20V4000-L632.jpg\" \/>\n\t<meta property=\"og:image:width\" content=\"1440\" \/>\n\t<meta property=\"og:image:height\" content=\"1080\" \/>\n\t<meta property=\"og:image:type\" content=\"image\/jpeg\" \/>\n<meta name=\"twitter:card\" content=\"summary_large_image\" \/>\n<meta name=\"twitter:label1\" content=\"Dur\u00e9e de lecture estim\u00e9e\" \/>\n\t<meta name=\"twitter:data1\" content=\"1 minute\" \/>\n<script type=\"application\/ld+json\" class=\"yoast-schema-graph\">{\"@context\":\"https:\\\/\\\/schema.org\",\"@graph\":[{\"@type\":\"WebPage\",\"@id\":\"https:\\\/\\\/stromerzeuger-ankauf.de\\\/fr\\\/a-propos-de-nous\\\/\",\"url\":\"https:\\\/\\\/stromerzeuger-ankauf.de\\\/fr\\\/a-propos-de-nous\\\/\",\"name\":\"\u00c0 propos de nous - stromerzeugerankauf\",\"isPartOf\":{\"@id\":\"https:\\\/\\\/stromerzeuger-ankauf.de\\\/fr\\\/#website\"},\"primaryImageOfPage\":{\"@id\":\"https:\\\/\\\/stromerzeuger-ankauf.de\\\/fr\\\/a-propos-de-nous\\\/#primaryimage\"},\"image\":{\"@id\":\"https:\\\/\\\/stromerzeuger-ankauf.de\\\/fr\\\/a-propos-de-nous\\\/#primaryimage\"},\"thumbnailUrl\":\"https:\\\/\\\/stromerzeuger-ankauf.de\\\/wp-content\\\/uploads\\\/2023\\\/07\\\/MTU-AE-20V4000-L632.jpg\",\"datePublished\":\"2018-08-15T14:07:52+00:00\",\"dateModified\":\"2026-03-03T09:55:00+00:00\",\"description\":\"Apprenez-en davantage sur nous et notre travail. L'histoire de l'entreprise, nos \u00e9quipements et les articles de presse vous en donnent ici un aper\u00e7u.\",\"breadcrumb\":{\"@id\":\"https:\\\/\\\/stromerzeuger-ankauf.de\\\/fr\\\/a-propos-de-nous\\\/#breadcrumb\"},\"inLanguage\":\"fr-FR\",\"potentialAction\":[{\"@type\":\"ReadAction\",\"target\":[\"https:\\\/\\\/stromerzeuger-ankauf.de\\\/fr\\\/a-propos-de-nous\\\/\"]}]},{\"@type\":\"ImageObject\",\"inLanguage\":\"fr-FR\",\"@id\":\"https:\\\/\\\/stromerzeuger-ankauf.de\\\/fr\\\/a-propos-de-nous\\\/#primaryimage\",\"url\":\"https:\\\/\\\/stromerzeuger-ankauf.de\\\/wp-content\\\/uploads\\\/2023\\\/07\\\/MTU-AE-20V4000-L632.jpg\",\"contentUrl\":\"https:\\\/\\\/stromerzeuger-ankauf.de\\\/wp-content\\\/uploads\\\/2023\\\/07\\\/MTU-AE-20V4000-L632.jpg\",\"width\":1440,\"height\":1080},{\"@type\":\"BreadcrumbList\",\"@id\":\"https:\\\/\\\/stromerzeuger-ankauf.de\\\/fr\\\/a-propos-de-nous\\\/#breadcrumb\",\"itemListElement\":[{\"@type\":\"ListItem\",\"position\":1,\"name\":\"Startseite\",\"item\":\"https:\\\/\\\/stromerzeuger-ankauf.de\\\/fr\\\/\"},{\"@type\":\"ListItem\",\"position\":2,\"name\":\"\u00c0 propos de nous\"}]},{\"@type\":\"WebSite\",\"@id\":\"https:\\\/\\\/stromerzeuger-ankauf.de\\\/fr\\\/#website\",\"url\":\"https:\\\/\\\/stromerzeuger-ankauf.de\\\/fr\\\/\",\"name\":\"stromerzeugerankauf\",\"description\":\"Die zweite Chance f\u00fcr Ihr Kraftwerk\",\"publisher\":{\"@id\":\"https:\\\/\\\/stromerzeuger-ankauf.de\\\/fr\\\/#organization\"},\"potentialAction\":[{\"@type\":\"SearchAction\",\"target\":{\"@type\":\"EntryPoint\",\"urlTemplate\":\"https:\\\/\\\/stromerzeuger-ankauf.de\\\/fr\\\/?s={search_term_string}\"},\"query-input\":{\"@type\":\"PropertyValueSpecification\",\"valueRequired\":true,\"valueName\":\"search_term_string\"}}],\"inLanguage\":\"fr-FR\"},{\"@type\":\"Organization\",\"@id\":\"https:\\\/\\\/stromerzeuger-ankauf.de\\\/fr\\\/#organization\",\"name\":\"Kandlin Stromerzeuger\u2013Ankauf GmbH\",\"url\":\"https:\\\/\\\/stromerzeuger-ankauf.de\\\/fr\\\/\",\"logo\":{\"@type\":\"ImageObject\",\"inLanguage\":\"fr-FR\",\"@id\":\"https:\\\/\\\/stromerzeuger-ankauf.de\\\/fr\\\/#\\\/schema\\\/logo\\\/image\\\/\",\"url\":\"https:\\\/\\\/stromerzeuger-ankauf.de\\\/wp-content\\\/uploads\\\/2023\\\/07\\\/KADLIN-FINISH.jpg\",\"contentUrl\":\"https:\\\/\\\/stromerzeuger-ankauf.de\\\/wp-content\\\/uploads\\\/2023\\\/07\\\/KADLIN-FINISH.jpg\",\"width\":1418,\"height\":1064,\"caption\":\"Kandlin Stromerzeuger\u2013Ankauf GmbH\"},\"image\":{\"@id\":\"https:\\\/\\\/stromerzeuger-ankauf.de\\\/fr\\\/#\\\/schema\\\/logo\\\/image\\\/\"}}]}<\/script>\n<!-- \/ Yoast SEO Premium plugin. -->","yoast_head_json":{"title":"\u00c0 propos de nous - stromerzeugerankauf","description":"Apprenez-en davantage sur nous et notre travail. L'histoire de l'entreprise, nos \u00e9quipements et les articles de presse vous en donnent ici un aper\u00e7u.","robots":{"index":"index","follow":"follow","max-snippet":"max-snippet:-1","max-image-preview":"max-image-preview:large","max-video-preview":"max-video-preview:-1"},"canonical":"https:\/\/stromerzeuger-ankauf.de\/fr\/a-propos-de-nous\/","og_locale":"fr_FR","og_type":"article","og_title":"\u00c0 propos de nous","og_description":"Apprenez-en davantage sur nous et notre travail. L'histoire de l'entreprise, nos \u00e9quipements et les articles de presse vous en donnent ici un aper\u00e7u.","og_url":"https:\/\/stromerzeuger-ankauf.de\/fr\/a-propos-de-nous\/","og_site_name":"stromerzeugerankauf","article_modified_time":"2026-03-03T09:55:00+00:00","og_image":[{"width":1440,"height":1080,"url":"https:\/\/stromerzeuger-ankauf.de\/wp-content\/uploads\/2023\/07\/MTU-AE-20V4000-L632.jpg","type":"image\/jpeg"}],"twitter_card":"summary_large_image","twitter_misc":{"Dur\u00e9e de lecture estim\u00e9e":"1 minute"},"schema":{"@context":"https:\/\/schema.org","@graph":[{"@type":"WebPage","@id":"https:\/\/stromerzeuger-ankauf.de\/fr\/a-propos-de-nous\/","url":"https:\/\/stromerzeuger-ankauf.de\/fr\/a-propos-de-nous\/","name":"\u00c0 propos de nous - stromerzeugerankauf","isPartOf":{"@id":"https:\/\/stromerzeuger-ankauf.de\/fr\/#website"},"primaryImageOfPage":{"@id":"https:\/\/stromerzeuger-ankauf.de\/fr\/a-propos-de-nous\/#primaryimage"},"image":{"@id":"https:\/\/stromerzeuger-ankauf.de\/fr\/a-propos-de-nous\/#primaryimage"},"thumbnailUrl":"https:\/\/stromerzeuger-ankauf.de\/wp-content\/uploads\/2023\/07\/MTU-AE-20V4000-L632.jpg","datePublished":"2018-08-15T14:07:52+00:00","dateModified":"2026-03-03T09:55:00+00:00","description":"Apprenez-en davantage sur nous et notre travail. L'histoire de l'entreprise, nos \u00e9quipements et les articles de presse vous en donnent ici un aper\u00e7u.","breadcrumb":{"@id":"https:\/\/stromerzeuger-ankauf.de\/fr\/a-propos-de-nous\/#breadcrumb"},"inLanguage":"fr-FR","potentialAction":[{"@type":"ReadAction","target":["https:\/\/stromerzeuger-ankauf.de\/fr\/a-propos-de-nous\/"]}]},{"@type":"ImageObject","inLanguage":"fr-FR","@id":"https:\/\/stromerzeuger-ankauf.de\/fr\/a-propos-de-nous\/#primaryimage","url":"https:\/\/stromerzeuger-ankauf.de\/wp-content\/uploads\/2023\/07\/MTU-AE-20V4000-L632.jpg","contentUrl":"https:\/\/stromerzeuger-ankauf.de\/wp-content\/uploads\/2023\/07\/MTU-AE-20V4000-L632.jpg","width":1440,"height":1080},{"@type":"BreadcrumbList","@id":"https:\/\/stromerzeuger-ankauf.de\/fr\/a-propos-de-nous\/#breadcrumb","itemListElement":[{"@type":"ListItem","position":1,"name":"Startseite","item":"https:\/\/stromerzeuger-ankauf.de\/fr\/"},{"@type":"ListItem","position":2,"name":"\u00c0 propos de nous"}]},{"@type":"WebSite","@id":"https:\/\/stromerzeuger-ankauf.de\/fr\/#website","url":"https:\/\/stromerzeuger-ankauf.de\/fr\/","name":"stromerzeugerankauf","description":"Die zweite Chance f\u00fcr Ihr Kraftwerk","publisher":{"@id":"https:\/\/stromerzeuger-ankauf.de\/fr\/#organization"},"potentialAction":[{"@type":"SearchAction","target":{"@type":"EntryPoint","urlTemplate":"https:\/\/stromerzeuger-ankauf.de\/fr\/?s={search_term_string}"},"query-input":{"@type":"PropertyValueSpecification","valueRequired":true,"valueName":"search_term_string"}}],"inLanguage":"fr-FR"},{"@type":"Organization","@id":"https:\/\/stromerzeuger-ankauf.de\/fr\/#organization","name":"Kandlin Stromerzeuger\u2013Ankauf GmbH","url":"https:\/\/stromerzeuger-ankauf.de\/fr\/","logo":{"@type":"ImageObject","inLanguage":"fr-FR","@id":"https:\/\/stromerzeuger-ankauf.de\/fr\/#\/schema\/logo\/image\/","url":"https:\/\/stromerzeuger-ankauf.de\/wp-content\/uploads\/2023\/07\/KADLIN-FINISH.jpg","contentUrl":"https:\/\/stromerzeuger-ankauf.de\/wp-content\/uploads\/2023\/07\/KADLIN-FINISH.jpg","width":1418,"height":1064,"caption":"Kandlin Stromerzeuger\u2013Ankauf GmbH"},"image":{"@id":"https:\/\/stromerzeuger-ankauf.de\/fr\/#\/schema\/logo\/image\/"}}]}},"_links":{"self":[{"href":"https:\/\/stromerzeuger-ankauf.de\/fr\/wp-json\/wp\/v2\/pages\/2395","targetHints":{"allow":["GET"]}}],"collection":[{"href":"https:\/\/stromerzeuger-ankauf.de\/fr\/wp-json\/wp\/v2\/pages"}],"about":[{"href":"https:\/\/stromerzeuger-ankauf.de\/fr\/wp-json\/wp\/v2\/types\/page"}],"author":[{"embeddable":true,"href":"https:\/\/stromerzeuger-ankauf.de\/fr\/wp-json\/wp\/v2\/users\/1"}],"replies":[{"embeddable":true,"href":"https:\/\/stromerzeuger-ankauf.de\/fr\/wp-json\/wp\/v2\/comments?post=2395"}],"version-history":[{"count":1,"href":"https:\/\/stromerzeuger-ankauf.de\/fr\/wp-json\/wp\/v2\/pages\/2395\/revisions"}],"predecessor-version":[{"id":3244,"href":"https:\/\/stromerzeuger-ankauf.de\/fr\/wp-json\/wp\/v2\/pages\/2395\/revisions\/3244"}],"wp:featuredmedia":[{"embeddable":true,"href":"https:\/\/stromerzeuger-ankauf.de\/fr\/wp-json\/wp\/v2\/media\/2398"}],"wp:attachment":[{"href":"https:\/\/stromerzeuger-ankauf.de\/fr\/wp-json\/wp\/v2\/media?parent=2395"}],"curies":[{"name":"wp","href":"https:\/\/api.w.org\/{rel}","templated":true}]}}