{"id":2399,"date":"2018-08-15T14:31:49","date_gmt":"2018-08-15T13:31:49","guid":{"rendered":"https:\/\/stromerzeuger-ankauf.de\/kontakt\/"},"modified":"2026-03-31T09:52:40","modified_gmt":"2026-03-31T08:52:40","slug":"contact","status":"publish","type":"page","link":"https:\/\/stromerzeuger-ankauf.de\/fr\/contact\/","title":{"rendered":"Contact"},"content":{"rendered":"\n<h3 class=\"wp-block-heading\" id=\"h-nehmen-sie-mit-uns-kontakt-auf-damit-wir-ihnen-ein-angebot-machen-konnen\">Merci de nous contacter afin que nous puissions vous faire une offre.<\/h3>\n\n<p>Les informations suivantes sont requises au moins pour \u00e9valuer votre groupe \u00e9lectrog\u00e8ne :<\/p>\n\n<ul class=\"wp-block-list\">\n<li>Condition<\/li>\n\n\n\n<li>Ann\u00e9e de fabrication \/ heures de fonctionnement<\/li>\n\n\n\n<li>Quelques photos sont toujours utiles<\/li>\n\n\n\n<li>Situation d&rsquo;installation au sol, en sous-sol, en hauteur?<\/li>\n\n\n\n<li>Combien de temps reste-t-il avant le retrait d\u00e9finitif?<\/li>\n\n\n\n<li>Vous souhaitez une offre avec ou sans d\u00e9montage?<\/li>\n<\/ul>\n\n<p><strong>Kandlin Stromerzeuger Ankauf GmbH &#8211; Entrep\u00f4t Est<br\/><\/strong>An der alten Leimfabrik 2<br\/>01616 Strehla (Saxe)<br\/>Courriel : b.koenig@stromerzeuger-ankauf.de<\/p>\n\n<p>T\u00e9l\u00e9phone portable : 0170 8280318<\/p>\n\n<h3 class=\"wp-block-heading\" id=\"h-ihr-weg-zu-uns\">Votre chemin vers nous<\/h3>\n\n<div class=\"wp-block-group has-global-padding is-layout-constrained wp-block-group-is-layout-constrained\">\n<iframe src=\"https:\/\/www.google.com\/maps\/embed?pb=!1m17!1m12!1m3!1d2511.2038138683915!2d7.146275029083246!3d50.99390574171826!2m3!1f0!2f0!3f0!3m2!1i1024!2i768!4f13.1!3m2!1m1!2zNTDCsDU5JzM4LjEiTiA3wrAwOCc1NC45IkU!5e0!3m2!1sde!2sza!4v1686039641325!5m2!1sde!2sza\" width=\"1200\" height=\"600\" style=\"border:1;\" allowfullscreen=\"\" loading=\"lazy\" referrerpolicy=\"no-referrer-when-downgrade\"><\/iframe>\n<\/div>\n","protected":false},"excerpt":{"rendered":"<p>Merci de nous contacter afin que nous puissions vous faire une offre. Les informations suivantes sont requises au moins pour \u00e9valuer votre groupe \u00e9lectrog\u00e8ne : Kandlin Stromerzeuger Ankauf GmbH &#8211; Entrep\u00f4t EstAn der alten Leimfabrik 201616 Strehla (Saxe)Courriel : b.koenig@stromerzeuger-ankauf.de T\u00e9l\u00e9phone portable : 0170 8280318 Votre chemin vers nous<\/p>\n","protected":false},"author":1,"featured_media":2373,"parent":0,"menu_order":65,"comment_status":"closed","ping_status":"closed","template":"","meta":{"footnotes":""},"class_list":["post-2399","page","type-page","status-publish","has-post-thumbnail","hentry"],"yoast_head":"<!-- This site is optimized with the Yoast SEO Premium plugin v27.2 (Yoast SEO v27.5) - https:\/\/yoast.com\/product\/yoast-seo-premium-wordpress\/ -->\n<title>Contact - stromerzeugerankauf<\/title>\n<meta name=\"description\" content=\"Merci de nous contacter afin que nous puissions vous faire une offre. Ici vous pouvez d\u00e9couvrir de quelles donn\u00e9es nous avons besoin.\" \/>\n<meta name=\"robots\" content=\"index, follow, max-snippet:-1, max-image-preview:large, max-video-preview:-1\" \/>\n<link rel=\"canonical\" href=\"https:\/\/stromerzeuger-ankauf.de\/fr\/contact\/\" \/>\n<meta property=\"og:locale\" content=\"fr_FR\" \/>\n<meta property=\"og:type\" content=\"article\" \/>\n<meta property=\"og:title\" content=\"Contact\" \/>\n<meta property=\"og:description\" content=\"Merci de nous contacter afin que nous puissions vous faire une offre. Ici vous pouvez d\u00e9couvrir de quelles donn\u00e9es nous avons besoin.\" \/>\n<meta property=\"og:url\" content=\"https:\/\/stromerzeuger-ankauf.de\/fr\/contact\/\" \/>\n<meta property=\"og:site_name\" content=\"stromerzeugerankauf\" \/>\n<meta property=\"article:modified_time\" content=\"2026-03-31T08:52:40+00:00\" \/>\n<meta property=\"og:image\" content=\"https:\/\/stromerzeuger-ankauf.de\/wp-content\/uploads\/2023\/07\/Deutz-MTU-3-Dieselgeneratoren5.jpg\" \/>\n\t<meta property=\"og:image:width\" content=\"1600\" \/>\n\t<meta property=\"og:image:height\" content=\"1200\" \/>\n\t<meta property=\"og:image:type\" content=\"image\/jpeg\" \/>\n<meta name=\"twitter:card\" content=\"summary_large_image\" \/>\n<meta name=\"twitter:label1\" content=\"Dur\u00e9e de lecture estim\u00e9e\" \/>\n\t<meta name=\"twitter:data1\" content=\"1 minute\" \/>\n<script type=\"application\/ld+json\" class=\"yoast-schema-graph\">{\"@context\":\"https:\\\/\\\/schema.org\",\"@graph\":[{\"@type\":\"WebPage\",\"@id\":\"https:\\\/\\\/stromerzeuger-ankauf.de\\\/fr\\\/contact\\\/\",\"url\":\"https:\\\/\\\/stromerzeuger-ankauf.de\\\/fr\\\/contact\\\/\",\"name\":\"Contact - stromerzeugerankauf\",\"isPartOf\":{\"@id\":\"https:\\\/\\\/stromerzeuger-ankauf.de\\\/fr\\\/#website\"},\"primaryImageOfPage\":{\"@id\":\"https:\\\/\\\/stromerzeuger-ankauf.de\\\/fr\\\/contact\\\/#primaryimage\"},\"image\":{\"@id\":\"https:\\\/\\\/stromerzeuger-ankauf.de\\\/fr\\\/contact\\\/#primaryimage\"},\"thumbnailUrl\":\"https:\\\/\\\/stromerzeuger-ankauf.de\\\/wp-content\\\/uploads\\\/2023\\\/07\\\/Deutz-MTU-3-Dieselgeneratoren5.jpg\",\"datePublished\":\"2018-08-15T13:31:49+00:00\",\"dateModified\":\"2026-03-31T08:52:40+00:00\",\"description\":\"Merci de nous contacter afin que nous puissions vous faire une offre. Ici vous pouvez d\u00e9couvrir de quelles donn\u00e9es nous avons besoin.\",\"breadcrumb\":{\"@id\":\"https:\\\/\\\/stromerzeuger-ankauf.de\\\/fr\\\/contact\\\/#breadcrumb\"},\"inLanguage\":\"fr-FR\",\"potentialAction\":[{\"@type\":\"ReadAction\",\"target\":[\"https:\\\/\\\/stromerzeuger-ankauf.de\\\/fr\\\/contact\\\/\"]}]},{\"@type\":\"ImageObject\",\"inLanguage\":\"fr-FR\",\"@id\":\"https:\\\/\\\/stromerzeuger-ankauf.de\\\/fr\\\/contact\\\/#primaryimage\",\"url\":\"https:\\\/\\\/stromerzeuger-ankauf.de\\\/wp-content\\\/uploads\\\/2023\\\/07\\\/Deutz-MTU-3-Dieselgeneratoren5.jpg\",\"contentUrl\":\"https:\\\/\\\/stromerzeuger-ankauf.de\\\/wp-content\\\/uploads\\\/2023\\\/07\\\/Deutz-MTU-3-Dieselgeneratoren5.jpg\",\"width\":1600,\"height\":1200},{\"@type\":\"BreadcrumbList\",\"@id\":\"https:\\\/\\\/stromerzeuger-ankauf.de\\\/fr\\\/contact\\\/#breadcrumb\",\"itemListElement\":[{\"@type\":\"ListItem\",\"position\":1,\"name\":\"Startseite\",\"item\":\"https:\\\/\\\/stromerzeuger-ankauf.de\\\/fr\\\/\"},{\"@type\":\"ListItem\",\"position\":2,\"name\":\"Contact\"}]},{\"@type\":\"WebSite\",\"@id\":\"https:\\\/\\\/stromerzeuger-ankauf.de\\\/fr\\\/#website\",\"url\":\"https:\\\/\\\/stromerzeuger-ankauf.de\\\/fr\\\/\",\"name\":\"stromerzeugerankauf\",\"description\":\"Die zweite Chance f\u00fcr Ihr Kraftwerk\",\"publisher\":{\"@id\":\"https:\\\/\\\/stromerzeuger-ankauf.de\\\/fr\\\/#organization\"},\"potentialAction\":[{\"@type\":\"SearchAction\",\"target\":{\"@type\":\"EntryPoint\",\"urlTemplate\":\"https:\\\/\\\/stromerzeuger-ankauf.de\\\/fr\\\/?s={search_term_string}\"},\"query-input\":{\"@type\":\"PropertyValueSpecification\",\"valueRequired\":true,\"valueName\":\"search_term_string\"}}],\"inLanguage\":\"fr-FR\"},{\"@type\":\"Organization\",\"@id\":\"https:\\\/\\\/stromerzeuger-ankauf.de\\\/fr\\\/#organization\",\"name\":\"Kandlin Stromerzeuger\u2013Ankauf GmbH\",\"url\":\"https:\\\/\\\/stromerzeuger-ankauf.de\\\/fr\\\/\",\"logo\":{\"@type\":\"ImageObject\",\"inLanguage\":\"fr-FR\",\"@id\":\"https:\\\/\\\/stromerzeuger-ankauf.de\\\/fr\\\/#\\\/schema\\\/logo\\\/image\\\/\",\"url\":\"https:\\\/\\\/stromerzeuger-ankauf.de\\\/wp-content\\\/uploads\\\/2023\\\/07\\\/KADLIN-FINISH.jpg\",\"contentUrl\":\"https:\\\/\\\/stromerzeuger-ankauf.de\\\/wp-content\\\/uploads\\\/2023\\\/07\\\/KADLIN-FINISH.jpg\",\"width\":1418,\"height\":1064,\"caption\":\"Kandlin Stromerzeuger\u2013Ankauf GmbH\"},\"image\":{\"@id\":\"https:\\\/\\\/stromerzeuger-ankauf.de\\\/fr\\\/#\\\/schema\\\/logo\\\/image\\\/\"}}]}<\/script>\n<!-- \/ Yoast SEO Premium plugin. -->","yoast_head_json":{"title":"Contact - stromerzeugerankauf","description":"Merci de nous contacter afin que nous puissions vous faire une offre. Ici vous pouvez d\u00e9couvrir de quelles donn\u00e9es nous avons besoin.","robots":{"index":"index","follow":"follow","max-snippet":"max-snippet:-1","max-image-preview":"max-image-preview:large","max-video-preview":"max-video-preview:-1"},"canonical":"https:\/\/stromerzeuger-ankauf.de\/fr\/contact\/","og_locale":"fr_FR","og_type":"article","og_title":"Contact","og_description":"Merci de nous contacter afin que nous puissions vous faire une offre. Ici vous pouvez d\u00e9couvrir de quelles donn\u00e9es nous avons besoin.","og_url":"https:\/\/stromerzeuger-ankauf.de\/fr\/contact\/","og_site_name":"stromerzeugerankauf","article_modified_time":"2026-03-31T08:52:40+00:00","og_image":[{"width":1600,"height":1200,"url":"https:\/\/stromerzeuger-ankauf.de\/wp-content\/uploads\/2023\/07\/Deutz-MTU-3-Dieselgeneratoren5.jpg","type":"image\/jpeg"}],"twitter_card":"summary_large_image","twitter_misc":{"Dur\u00e9e de lecture estim\u00e9e":"1 minute"},"schema":{"@context":"https:\/\/schema.org","@graph":[{"@type":"WebPage","@id":"https:\/\/stromerzeuger-ankauf.de\/fr\/contact\/","url":"https:\/\/stromerzeuger-ankauf.de\/fr\/contact\/","name":"Contact - stromerzeugerankauf","isPartOf":{"@id":"https:\/\/stromerzeuger-ankauf.de\/fr\/#website"},"primaryImageOfPage":{"@id":"https:\/\/stromerzeuger-ankauf.de\/fr\/contact\/#primaryimage"},"image":{"@id":"https:\/\/stromerzeuger-ankauf.de\/fr\/contact\/#primaryimage"},"thumbnailUrl":"https:\/\/stromerzeuger-ankauf.de\/wp-content\/uploads\/2023\/07\/Deutz-MTU-3-Dieselgeneratoren5.jpg","datePublished":"2018-08-15T13:31:49+00:00","dateModified":"2026-03-31T08:52:40+00:00","description":"Merci de nous contacter afin que nous puissions vous faire une offre. Ici vous pouvez d\u00e9couvrir de quelles donn\u00e9es nous avons besoin.","breadcrumb":{"@id":"https:\/\/stromerzeuger-ankauf.de\/fr\/contact\/#breadcrumb"},"inLanguage":"fr-FR","potentialAction":[{"@type":"ReadAction","target":["https:\/\/stromerzeuger-ankauf.de\/fr\/contact\/"]}]},{"@type":"ImageObject","inLanguage":"fr-FR","@id":"https:\/\/stromerzeuger-ankauf.de\/fr\/contact\/#primaryimage","url":"https:\/\/stromerzeuger-ankauf.de\/wp-content\/uploads\/2023\/07\/Deutz-MTU-3-Dieselgeneratoren5.jpg","contentUrl":"https:\/\/stromerzeuger-ankauf.de\/wp-content\/uploads\/2023\/07\/Deutz-MTU-3-Dieselgeneratoren5.jpg","width":1600,"height":1200},{"@type":"BreadcrumbList","@id":"https:\/\/stromerzeuger-ankauf.de\/fr\/contact\/#breadcrumb","itemListElement":[{"@type":"ListItem","position":1,"name":"Startseite","item":"https:\/\/stromerzeuger-ankauf.de\/fr\/"},{"@type":"ListItem","position":2,"name":"Contact"}]},{"@type":"WebSite","@id":"https:\/\/stromerzeuger-ankauf.de\/fr\/#website","url":"https:\/\/stromerzeuger-ankauf.de\/fr\/","name":"stromerzeugerankauf","description":"Die zweite Chance f\u00fcr Ihr Kraftwerk","publisher":{"@id":"https:\/\/stromerzeuger-ankauf.de\/fr\/#organization"},"potentialAction":[{"@type":"SearchAction","target":{"@type":"EntryPoint","urlTemplate":"https:\/\/stromerzeuger-ankauf.de\/fr\/?s={search_term_string}"},"query-input":{"@type":"PropertyValueSpecification","valueRequired":true,"valueName":"search_term_string"}}],"inLanguage":"fr-FR"},{"@type":"Organization","@id":"https:\/\/stromerzeuger-ankauf.de\/fr\/#organization","name":"Kandlin Stromerzeuger\u2013Ankauf GmbH","url":"https:\/\/stromerzeuger-ankauf.de\/fr\/","logo":{"@type":"ImageObject","inLanguage":"fr-FR","@id":"https:\/\/stromerzeuger-ankauf.de\/fr\/#\/schema\/logo\/image\/","url":"https:\/\/stromerzeuger-ankauf.de\/wp-content\/uploads\/2023\/07\/KADLIN-FINISH.jpg","contentUrl":"https:\/\/stromerzeuger-ankauf.de\/wp-content\/uploads\/2023\/07\/KADLIN-FINISH.jpg","width":1418,"height":1064,"caption":"Kandlin Stromerzeuger\u2013Ankauf GmbH"},"image":{"@id":"https:\/\/stromerzeuger-ankauf.de\/fr\/#\/schema\/logo\/image\/"}}]}},"_links":{"self":[{"href":"https:\/\/stromerzeuger-ankauf.de\/fr\/wp-json\/wp\/v2\/pages\/2399","targetHints":{"allow":["GET"]}}],"collection":[{"href":"https:\/\/stromerzeuger-ankauf.de\/fr\/wp-json\/wp\/v2\/pages"}],"about":[{"href":"https:\/\/stromerzeuger-ankauf.de\/fr\/wp-json\/wp\/v2\/types\/page"}],"author":[{"embeddable":true,"href":"https:\/\/stromerzeuger-ankauf.de\/fr\/wp-json\/wp\/v2\/users\/1"}],"replies":[{"embeddable":true,"href":"https:\/\/stromerzeuger-ankauf.de\/fr\/wp-json\/wp\/v2\/comments?post=2399"}],"version-history":[{"count":3,"href":"https:\/\/stromerzeuger-ankauf.de\/fr\/wp-json\/wp\/v2\/pages\/2399\/revisions"}],"predecessor-version":[{"id":3274,"href":"https:\/\/stromerzeuger-ankauf.de\/fr\/wp-json\/wp\/v2\/pages\/2399\/revisions\/3274"}],"wp:featuredmedia":[{"embeddable":true,"href":"https:\/\/stromerzeuger-ankauf.de\/fr\/wp-json\/wp\/v2\/media\/2373"}],"wp:attachment":[{"href":"https:\/\/stromerzeuger-ankauf.de\/fr\/wp-json\/wp\/v2\/media?parent=2399"}],"curies":[{"name":"wp","href":"https:\/\/api.w.org\/{rel}","templated":true}]}}