{"id":2406,"date":"2018-08-17T06:50:53","date_gmt":"2018-08-17T05:50:53","guid":{"rendered":"https:\/\/stromerzeuger-ankauf.de\/impressum\/"},"modified":"2023-10-17T12:23:53","modified_gmt":"2023-10-17T11:23:53","slug":"imprimer","status":"publish","type":"page","link":"https:\/\/stromerzeuger-ankauf.de\/fr\/imprimer\/","title":{"rendered":"Imprimer"},"content":{"rendered":"\n<h4 class=\"wp-block-heading\">Conform\u00e9ment au \u00a7 5 TMG<\/h4>\n\n<p>Kandlin Stromzeuger-Ankauf GmbH<br\/>Kurtener Stra\u00dfe 13<br\/>51465 Bergisch Gladbach<\/p>\n\n<p><strong>Repr\u00e9sent\u00e9 par:<\/strong><br\/>Directeur g\u00e9n\u00e9ral Andr\u00e9 Kandlin<\/p>\n\n<p><strong>Contact:<\/strong><br\/>T\u00e9l\u00e9phone: 02202-2492258<br\/>E-mail: info@stromerzeuger-ankauf.de<\/p>\n\n<p><strong>Inscription au registre:<\/strong><br\/>Inscription au registre du commerce.<br\/>Num\u00e9ro d&rsquo;enregistrement : 82311<\/p>\n\n<p><strong>Num\u00e9ro d&rsquo;identification fiscale :<\/strong><br\/>Num\u00e9ro d&rsquo;identification de taxe sur les ventes conform\u00e9ment \u00e0 l&rsquo;article 27a de la loi sur la taxe sur les ventes : DE296362005<\/p>\n\n<p><strong>Autorit\u00e9 de contr\u00f4le :<\/strong><br\/>Tribunal d&rsquo;enregistrement : tribunal de district de Cologne<\/p>\n\n<h4 class=\"wp-block-heading\">Clause de non-responsabilit\u00e9:<\/h4>\n\n<p><strong>Responsabilit\u00e9 du contenu<\/strong><br\/><br\/>Le contenu de nos pages a \u00e9t\u00e9 cr\u00e9\u00e9 avec le plus grand soin. Nous ne pouvons toutefois pas garantir que le contenu soit correct, complet ou \u00e0 jour. En tant que prestataire de services, nous sommes conformes \u00e0 l&rsquo;article 7, paragraphe 1. TMG est responsable de son propre contenu sur ces pages conform\u00e9ment aux lois g\u00e9n\u00e9rales. Toutefois, conform\u00e9ment aux articles 8 \u00e0 10 TMG, en tant que prestataire de services, nous ne sommes pas oblig\u00e9s de surveiller les informations de tiers transmises ou stock\u00e9es ni d&rsquo;enqu\u00eater sur les circonstances indiquant une activit\u00e9 ill\u00e9gale. Les obligations de supprimer ou de bloquer l&rsquo;utilisation des informations conform\u00e9ment au droit g\u00e9n\u00e9ral restent inchang\u00e9es. Toutefois, la responsabilit\u00e9 \u00e0 cet \u00e9gard n&rsquo;est possible qu&rsquo;\u00e0 partir du moment o\u00f9 l&rsquo;on a connaissance d&rsquo;une violation concr\u00e8te de la loi. Si nous avons connaissance de violations l\u00e9gales correspondantes, nous supprimerons imm\u00e9diatement ce contenu.<br\/><br\/><strong>Responsabilit\u00e9 pour les liens<\/strong><br\/><br\/>Notre offre contient des liens vers des sites Internet de tiers externes sur le contenu desquels nous n&rsquo;avons aucune influence. Nous ne pouvons donc assumer aucune responsabilit\u00e9 pour ce contenu externe. Le fournisseur ou l&rsquo;exploitant respectif des pages est toujours responsable du contenu des pages li\u00e9es. Les pages li\u00e9es ont \u00e9t\u00e9 v\u00e9rifi\u00e9es au moment de la cr\u00e9ation du lien pour d\u00e9tecter d&rsquo;\u00e9ventuelles violations de la loi. Aucun contenu ill\u00e9gal n&rsquo;\u00e9tait apparent au moment de la cr\u00e9ation du lien. Un contr\u00f4le permanent du contenu des pages li\u00e9es n&rsquo;est toutefois pas raisonnable sans preuves concr\u00e8tes d&rsquo;une violation de la loi. Si nous avons connaissance de violations de la loi, nous supprimerons imm\u00e9diatement ces liens.<\/p>\n\n<h4 class=\"wp-block-heading\">Droits d&rsquo;auteur<\/h4>\n\n<p>Le contenu et les \u0153uvres de ces pages cr\u00e9\u00e9es par les exploitants du site sont soumis \u00e0 la loi allemande sur le droit d&rsquo;auteur. La reproduction, le traitement, la distribution et toute forme d&rsquo;exploitation en dehors des limites du droit d&rsquo;auteur n\u00e9cessitent l&rsquo;accord \u00e9crit de l&rsquo;auteur ou du cr\u00e9ateur respectif. Les t\u00e9l\u00e9chargements et les copies de cette page ne sont autoris\u00e9s que pour un usage priv\u00e9 et non commercial. Si le contenu de ce site n&rsquo;a pas \u00e9t\u00e9 cr\u00e9\u00e9 par l&rsquo;op\u00e9rateur, les droits d&rsquo;auteur des tiers sont respect\u00e9s. En particulier, les contenus de tiers sont marqu\u00e9s comme tels. Si vous constatez n\u00e9anmoins une violation du droit d&rsquo;auteur, nous vous demandons de nous en informer. Si nous avons connaissance de violations de la loi, nous supprimerons imm\u00e9diatement ce contenu.<\/p>\n","protected":false},"excerpt":{"rendered":"<p>Conform\u00e9ment au \u00a7 5 TMG Kandlin Stromzeuger-Ankauf GmbHKurtener Stra\u00dfe 1351465 Bergisch Gladbach Repr\u00e9sent\u00e9 par:Directeur g\u00e9n\u00e9ral Andr\u00e9 Kandlin Contact:T\u00e9l\u00e9phone: 02202-2492258E-mail: info@stromerzeuger-ankauf.de Inscription au registre:Inscription au registre du commerce.Num\u00e9ro d&rsquo;enregistrement : 82311 Num\u00e9ro d&rsquo;identification fiscale :Num\u00e9ro d&rsquo;identification de taxe sur les ventes conform\u00e9ment \u00e0 l&rsquo;article 27a de la loi sur la taxe sur les ventes : DE296362005 [&hellip;]<\/p>\n","protected":false},"author":1,"featured_media":2408,"parent":0,"menu_order":70,"comment_status":"closed","ping_status":"closed","template":"","meta":{"footnotes":""},"class_list":["post-2406","page","type-page","status-publish","has-post-thumbnail","hentry"],"yoast_head":"<!-- This site is optimized with the Yoast SEO Premium plugin v27.2 (Yoast SEO v27.5) - https:\/\/yoast.com\/product\/yoast-seo-premium-wordpress\/ -->\n<title>Imprimer - stromerzeugerankauf<\/title>\n<meta name=\"description\" content=\"Informations conform\u00e9ment au \u00a7 5 TMG, contact, taxes sur le chiffre d&#039;affaires, r\u00e9solution des litiges, responsabilit\u00e9, droits d&#039;auteur et d\u00e9claration de protection des donn\u00e9es.\" \/>\n<meta name=\"robots\" content=\"index, follow, max-snippet:-1, max-image-preview:large, max-video-preview:-1\" \/>\n<link rel=\"canonical\" href=\"https:\/\/stromerzeuger-ankauf.de\/fr\/imprimer\/\" \/>\n<meta property=\"og:locale\" content=\"fr_FR\" \/>\n<meta property=\"og:type\" content=\"article\" \/>\n<meta property=\"og:title\" content=\"Imprimer\" \/>\n<meta property=\"og:description\" content=\"Informations conform\u00e9ment au \u00a7 5 TMG, contact, taxes sur le chiffre d&#039;affaires, r\u00e9solution des litiges, responsabilit\u00e9, droits d&#039;auteur et d\u00e9claration de protection des donn\u00e9es.\" \/>\n<meta property=\"og:url\" content=\"https:\/\/stromerzeuger-ankauf.de\/fr\/imprimer\/\" \/>\n<meta property=\"og:site_name\" content=\"stromerzeugerankauf\" \/>\n<meta property=\"article:modified_time\" content=\"2023-10-17T11:23:53+00:00\" \/>\n<meta property=\"og:image\" content=\"https:\/\/stromerzeuger-ankauf.de\/wp-content\/uploads\/2023\/07\/Solar-Gasturbine-Saturn-1034.jpg\" \/>\n\t<meta property=\"og:image:width\" content=\"1440\" \/>\n\t<meta property=\"og:image:height\" content=\"1080\" \/>\n\t<meta property=\"og:image:type\" content=\"image\/jpeg\" \/>\n<meta name=\"twitter:card\" content=\"summary_large_image\" \/>\n<meta name=\"twitter:label1\" content=\"Dur\u00e9e de lecture estim\u00e9e\" \/>\n\t<meta name=\"twitter:data1\" content=\"3 minutes\" \/>\n<script type=\"application\/ld+json\" class=\"yoast-schema-graph\">{\"@context\":\"https:\\\/\\\/schema.org\",\"@graph\":[{\"@type\":[\"WebPage\",\"AboutPage\"],\"@id\":\"https:\\\/\\\/stromerzeuger-ankauf.de\\\/fr\\\/imprimer\\\/\",\"url\":\"https:\\\/\\\/stromerzeuger-ankauf.de\\\/fr\\\/imprimer\\\/\",\"name\":\"Imprimer - stromerzeugerankauf\",\"isPartOf\":{\"@id\":\"https:\\\/\\\/stromerzeuger-ankauf.de\\\/fr\\\/#website\"},\"primaryImageOfPage\":{\"@id\":\"https:\\\/\\\/stromerzeuger-ankauf.de\\\/fr\\\/imprimer\\\/#primaryimage\"},\"image\":{\"@id\":\"https:\\\/\\\/stromerzeuger-ankauf.de\\\/fr\\\/imprimer\\\/#primaryimage\"},\"thumbnailUrl\":\"https:\\\/\\\/stromerzeuger-ankauf.de\\\/wp-content\\\/uploads\\\/2023\\\/07\\\/Solar-Gasturbine-Saturn-1034.jpg\",\"datePublished\":\"2018-08-17T05:50:53+00:00\",\"dateModified\":\"2023-10-17T11:23:53+00:00\",\"description\":\"Informations conform\u00e9ment au \u00a7 5 TMG, contact, taxes sur le chiffre d'affaires, r\u00e9solution des litiges, responsabilit\u00e9, droits d'auteur et d\u00e9claration de protection des donn\u00e9es.\",\"breadcrumb\":{\"@id\":\"https:\\\/\\\/stromerzeuger-ankauf.de\\\/fr\\\/imprimer\\\/#breadcrumb\"},\"inLanguage\":\"fr-FR\",\"potentialAction\":[{\"@type\":\"ReadAction\",\"target\":[\"https:\\\/\\\/stromerzeuger-ankauf.de\\\/fr\\\/imprimer\\\/\"]}]},{\"@type\":\"ImageObject\",\"inLanguage\":\"fr-FR\",\"@id\":\"https:\\\/\\\/stromerzeuger-ankauf.de\\\/fr\\\/imprimer\\\/#primaryimage\",\"url\":\"https:\\\/\\\/stromerzeuger-ankauf.de\\\/wp-content\\\/uploads\\\/2023\\\/07\\\/Solar-Gasturbine-Saturn-1034.jpg\",\"contentUrl\":\"https:\\\/\\\/stromerzeuger-ankauf.de\\\/wp-content\\\/uploads\\\/2023\\\/07\\\/Solar-Gasturbine-Saturn-1034.jpg\",\"width\":1440,\"height\":1080},{\"@type\":\"BreadcrumbList\",\"@id\":\"https:\\\/\\\/stromerzeuger-ankauf.de\\\/fr\\\/imprimer\\\/#breadcrumb\",\"itemListElement\":[{\"@type\":\"ListItem\",\"position\":1,\"name\":\"Startseite\",\"item\":\"https:\\\/\\\/stromerzeuger-ankauf.de\\\/fr\\\/\"},{\"@type\":\"ListItem\",\"position\":2,\"name\":\"Imprimer\"}]},{\"@type\":\"WebSite\",\"@id\":\"https:\\\/\\\/stromerzeuger-ankauf.de\\\/fr\\\/#website\",\"url\":\"https:\\\/\\\/stromerzeuger-ankauf.de\\\/fr\\\/\",\"name\":\"stromerzeugerankauf\",\"description\":\"Die zweite Chance f\u00fcr Ihr Kraftwerk\",\"publisher\":{\"@id\":\"https:\\\/\\\/stromerzeuger-ankauf.de\\\/fr\\\/#organization\"},\"potentialAction\":[{\"@type\":\"SearchAction\",\"target\":{\"@type\":\"EntryPoint\",\"urlTemplate\":\"https:\\\/\\\/stromerzeuger-ankauf.de\\\/fr\\\/?s={search_term_string}\"},\"query-input\":{\"@type\":\"PropertyValueSpecification\",\"valueRequired\":true,\"valueName\":\"search_term_string\"}}],\"inLanguage\":\"fr-FR\"},{\"@type\":\"Organization\",\"@id\":\"https:\\\/\\\/stromerzeuger-ankauf.de\\\/fr\\\/#organization\",\"name\":\"Kandlin Stromerzeuger\u2013Ankauf GmbH\",\"url\":\"https:\\\/\\\/stromerzeuger-ankauf.de\\\/fr\\\/\",\"logo\":{\"@type\":\"ImageObject\",\"inLanguage\":\"fr-FR\",\"@id\":\"https:\\\/\\\/stromerzeuger-ankauf.de\\\/fr\\\/#\\\/schema\\\/logo\\\/image\\\/\",\"url\":\"https:\\\/\\\/stromerzeuger-ankauf.de\\\/wp-content\\\/uploads\\\/2023\\\/07\\\/KADLIN-FINISH.jpg\",\"contentUrl\":\"https:\\\/\\\/stromerzeuger-ankauf.de\\\/wp-content\\\/uploads\\\/2023\\\/07\\\/KADLIN-FINISH.jpg\",\"width\":1418,\"height\":1064,\"caption\":\"Kandlin Stromerzeuger\u2013Ankauf GmbH\"},\"image\":{\"@id\":\"https:\\\/\\\/stromerzeuger-ankauf.de\\\/fr\\\/#\\\/schema\\\/logo\\\/image\\\/\"}}]}<\/script>\n<!-- \/ Yoast SEO Premium plugin. -->","yoast_head_json":{"title":"Imprimer - stromerzeugerankauf","description":"Informations conform\u00e9ment au \u00a7 5 TMG, contact, taxes sur le chiffre d'affaires, r\u00e9solution des litiges, responsabilit\u00e9, droits d'auteur et d\u00e9claration de protection des donn\u00e9es.","robots":{"index":"index","follow":"follow","max-snippet":"max-snippet:-1","max-image-preview":"max-image-preview:large","max-video-preview":"max-video-preview:-1"},"canonical":"https:\/\/stromerzeuger-ankauf.de\/fr\/imprimer\/","og_locale":"fr_FR","og_type":"article","og_title":"Imprimer","og_description":"Informations conform\u00e9ment au \u00a7 5 TMG, contact, taxes sur le chiffre d'affaires, r\u00e9solution des litiges, responsabilit\u00e9, droits d'auteur et d\u00e9claration de protection des donn\u00e9es.","og_url":"https:\/\/stromerzeuger-ankauf.de\/fr\/imprimer\/","og_site_name":"stromerzeugerankauf","article_modified_time":"2023-10-17T11:23:53+00:00","og_image":[{"width":1440,"height":1080,"url":"https:\/\/stromerzeuger-ankauf.de\/wp-content\/uploads\/2023\/07\/Solar-Gasturbine-Saturn-1034.jpg","type":"image\/jpeg"}],"twitter_card":"summary_large_image","twitter_misc":{"Dur\u00e9e de lecture estim\u00e9e":"3 minutes"},"schema":{"@context":"https:\/\/schema.org","@graph":[{"@type":["WebPage","AboutPage"],"@id":"https:\/\/stromerzeuger-ankauf.de\/fr\/imprimer\/","url":"https:\/\/stromerzeuger-ankauf.de\/fr\/imprimer\/","name":"Imprimer - stromerzeugerankauf","isPartOf":{"@id":"https:\/\/stromerzeuger-ankauf.de\/fr\/#website"},"primaryImageOfPage":{"@id":"https:\/\/stromerzeuger-ankauf.de\/fr\/imprimer\/#primaryimage"},"image":{"@id":"https:\/\/stromerzeuger-ankauf.de\/fr\/imprimer\/#primaryimage"},"thumbnailUrl":"https:\/\/stromerzeuger-ankauf.de\/wp-content\/uploads\/2023\/07\/Solar-Gasturbine-Saturn-1034.jpg","datePublished":"2018-08-17T05:50:53+00:00","dateModified":"2023-10-17T11:23:53+00:00","description":"Informations conform\u00e9ment au \u00a7 5 TMG, contact, taxes sur le chiffre d'affaires, r\u00e9solution des litiges, responsabilit\u00e9, droits d'auteur et d\u00e9claration de protection des donn\u00e9es.","breadcrumb":{"@id":"https:\/\/stromerzeuger-ankauf.de\/fr\/imprimer\/#breadcrumb"},"inLanguage":"fr-FR","potentialAction":[{"@type":"ReadAction","target":["https:\/\/stromerzeuger-ankauf.de\/fr\/imprimer\/"]}]},{"@type":"ImageObject","inLanguage":"fr-FR","@id":"https:\/\/stromerzeuger-ankauf.de\/fr\/imprimer\/#primaryimage","url":"https:\/\/stromerzeuger-ankauf.de\/wp-content\/uploads\/2023\/07\/Solar-Gasturbine-Saturn-1034.jpg","contentUrl":"https:\/\/stromerzeuger-ankauf.de\/wp-content\/uploads\/2023\/07\/Solar-Gasturbine-Saturn-1034.jpg","width":1440,"height":1080},{"@type":"BreadcrumbList","@id":"https:\/\/stromerzeuger-ankauf.de\/fr\/imprimer\/#breadcrumb","itemListElement":[{"@type":"ListItem","position":1,"name":"Startseite","item":"https:\/\/stromerzeuger-ankauf.de\/fr\/"},{"@type":"ListItem","position":2,"name":"Imprimer"}]},{"@type":"WebSite","@id":"https:\/\/stromerzeuger-ankauf.de\/fr\/#website","url":"https:\/\/stromerzeuger-ankauf.de\/fr\/","name":"stromerzeugerankauf","description":"Die zweite Chance f\u00fcr Ihr Kraftwerk","publisher":{"@id":"https:\/\/stromerzeuger-ankauf.de\/fr\/#organization"},"potentialAction":[{"@type":"SearchAction","target":{"@type":"EntryPoint","urlTemplate":"https:\/\/stromerzeuger-ankauf.de\/fr\/?s={search_term_string}"},"query-input":{"@type":"PropertyValueSpecification","valueRequired":true,"valueName":"search_term_string"}}],"inLanguage":"fr-FR"},{"@type":"Organization","@id":"https:\/\/stromerzeuger-ankauf.de\/fr\/#organization","name":"Kandlin Stromerzeuger\u2013Ankauf GmbH","url":"https:\/\/stromerzeuger-ankauf.de\/fr\/","logo":{"@type":"ImageObject","inLanguage":"fr-FR","@id":"https:\/\/stromerzeuger-ankauf.de\/fr\/#\/schema\/logo\/image\/","url":"https:\/\/stromerzeuger-ankauf.de\/wp-content\/uploads\/2023\/07\/KADLIN-FINISH.jpg","contentUrl":"https:\/\/stromerzeuger-ankauf.de\/wp-content\/uploads\/2023\/07\/KADLIN-FINISH.jpg","width":1418,"height":1064,"caption":"Kandlin Stromerzeuger\u2013Ankauf GmbH"},"image":{"@id":"https:\/\/stromerzeuger-ankauf.de\/fr\/#\/schema\/logo\/image\/"}}]}},"_links":{"self":[{"href":"https:\/\/stromerzeuger-ankauf.de\/fr\/wp-json\/wp\/v2\/pages\/2406","targetHints":{"allow":["GET"]}}],"collection":[{"href":"https:\/\/stromerzeuger-ankauf.de\/fr\/wp-json\/wp\/v2\/pages"}],"about":[{"href":"https:\/\/stromerzeuger-ankauf.de\/fr\/wp-json\/wp\/v2\/types\/page"}],"author":[{"embeddable":true,"href":"https:\/\/stromerzeuger-ankauf.de\/fr\/wp-json\/wp\/v2\/users\/1"}],"replies":[{"embeddable":true,"href":"https:\/\/stromerzeuger-ankauf.de\/fr\/wp-json\/wp\/v2\/comments?post=2406"}],"version-history":[{"count":0,"href":"https:\/\/stromerzeuger-ankauf.de\/fr\/wp-json\/wp\/v2\/pages\/2406\/revisions"}],"wp:featuredmedia":[{"embeddable":true,"href":"https:\/\/stromerzeuger-ankauf.de\/fr\/wp-json\/wp\/v2\/media\/2408"}],"wp:attachment":[{"href":"https:\/\/stromerzeuger-ankauf.de\/fr\/wp-json\/wp\/v2\/media?parent=2406"}],"curies":[{"name":"wp","href":"https:\/\/api.w.org\/{rel}","templated":true}]}}