{"id":2120,"date":"2018-09-07T07:29:21","date_gmt":"2018-09-07T06:29:21","guid":{"rendered":"https:\/\/stromerzeuger-ankauf.de\/stromerzeuger-ankauf\/"},"modified":"2023-10-17T13:44:32","modified_gmt":"2023-10-17T12:44:32","slug":"generatori-elettrici-acquisto","status":"publish","type":"page","link":"https:\/\/stromerzeuger-ankauf.de\/it\/","title":{"rendered":"Acquisto di generatori elettrici"},"content":{"rendered":"\n<h4 class=\"wp-block-heading\" id=\"h-fur-unsere-weltweite-kundschaft-suchen-wir-standig-nach-gebrauchten-dampfturbinen-gasturbinen-bhkws-notstromaggregaten-und-kraftwerken-zum-ankauf\">Siamo costantemente alla ricerca di turbine a vapore, turbine a gas, impianti di cogenerazione, generatori di emergenza e centrali elettriche usate da acquistare per i nostri clienti globali.<\/h4>\n\n<p>Noi della Kandlin Stromerzeuger &#8211; Ankauf GmbH offriamo in modo affidabile lo smantellamento e l&#8217;acquisto di centrali termoelettriche combinate e di altri generatori di corrente. Grazie alle ampie capacit\u00e0 di stoccaggio a Colonia e Bergisch-Gladbach e ad oltre 20 anni di esperienza con progetti difficili\/urgenti, siamo il partner giusto per voi. Quindi, se desideri vendere generatori di corrente, non esitare a contattarci.<\/p>\n\n<h4 class=\"wp-block-heading\" id=\"h-was-wir-momentan-bevorzugt-kaufen\">Cosa preferiamo attualmente acquistare:<\/h4>\n\n<ul class=\"wp-block-list\">\n<li><a href=\"https:\/\/stromerzeuger-ankauf.de\/it\/turbine-a-vapore-acquisto\/\">Turbine a vapore<\/a> usate di tutte le capacit\u00e0 dagli anni &#8217;70 in poi.<br\/><\/li>\n\n\n\n<li>generatori di corrente usati, <a href=\"https:\/\/stromerzeuger-ankauf.de\/it\/centrali-di-cogenerazione-acquisto\/\">centrali di cogenerazione<\/a> , <a href=\"https:\/\/stromerzeuger-ankauf.de\/it\/turbina-a-gas-acquisto\/\">turbine a gas<\/a> e <a href=\"https:\/\/stromerzeuger-ankauf.de\/it\/ankauf-dieselgeneratoren\/\">generatori di emergenza<\/a> con una potenza totale di 300 KWel. *<br\/><\/li>\n\n\n\n<li>Caldaie a vapore fino a 20 anni, con una potenza di almeno 15 MW.<\/li>\n<\/ul>\n\n<p>Maggiori informazioni sulla nostra <a href=\"https:\/\/stromerzeuger-ankauf.de\/it\/acquisto\/\">pagina Acquista\/Smonta<\/a> .<\/p>\n\n<p>Si consiglia di segnalare il prima possibile lo spegnimento del generatore di corrente. Ci\u00f2 offre l&#8217;opportunit\u00e0 di continuare a vendere dalla sede risparmiando sui costi e di poter pianificare meglio.<\/p>\n\n<p>Regola generale: quanto pi\u00f9 a lungo il produttore di energia elettrica pu\u00f2 rimanere sul posto dopo la firma del contratto, tanto pi\u00f9 possiamo pagare!  <\/p>\n\n<p>Tuttavia, la maggior parte delle nostre acquisizioni sono sempre \u201cuscite rapide\u201d, come internamente chiamiamo sistemi time-critical.  <\/p>\n\n<p>Quindi se tutti i tentativi di mediazione sono falliti e gli escavatori da demolizione stanno gi\u00e0 suonando il clacson, allora chiamateci. Siamo ben preparati per la tua emergenza. Pagare domani e smontare dopodomani \u00e8 la nostra forza.<\/p>\n\n<hr class=\"wp-block-separator has-alpha-channel-opacity\"\/>\n\n<p>* In particolare impianti di cogenerazione e generatori di corrente dei leader di mercato <a href=\"https:\/\/www.jenbacher.com\/de\" target=\"_blank\" rel=\"noreferrer noopener\">Jenbacher<\/a> o <a href=\"https:\/\/www.mwm.net\/\" target=\"_blank\" rel=\"noreferrer noopener\">MWM<\/a><\/p>\n\n<figure class=\"wp-block-gallery has-nested-images columns-default is-cropped wp-block-gallery-2 is-layout-flex wp-block-gallery-is-layout-flex\">\n<figure class=\"wp-block-image size-large\"><img loading=\"lazy\" decoding=\"async\" width=\"1440\" height=\"1080\" data-id=\"1614\" src=\"https:\/\/stromerzeuger-ankauf.de\/wp-content\/uploads\/2023\/07\/Waertsilae-16V25SG-BHKW14.jpg\" alt=\"Acquisto di gruppi elettrogeni cogenerativi a gas\" class=\"wp-image-1614\"\/><figcaption class=\"wp-element-caption\">Acquisto di gruppi elettrogeni cogenerativi a gas<\/figcaption><\/figure>\n<\/figure>\n","protected":false},"excerpt":{"rendered":"<p>Siamo costantemente alla ricerca di turbine a vapore, turbine a gas, impianti di cogenerazione, generatori di emergenza e centrali elettriche usate da acquistare per i nostri clienti globali. Noi della Kandlin Stromerzeuger &#8211; Ankauf GmbH offriamo in modo affidabile lo smantellamento e l&#8217;acquisto di centrali termoelettriche combinate e di altri generatori di corrente. Grazie alle [&hellip;]<\/p>\n","protected":false},"author":1,"featured_media":2123,"parent":0,"menu_order":0,"comment_status":"closed","ping_status":"closed","template":"","meta":{"footnotes":""},"class_list":["post-2120","page","type-page","status-publish","has-post-thumbnail","hentry"],"yoast_head":"<!-- This site is optimized with the Yoast SEO Premium plugin v27.2 (Yoast SEO v27.5) - https:\/\/yoast.com\/product\/yoast-seo-premium-wordpress\/ -->\n<title>Acquisto di generatori elettrici - stromerzeugerankauf<\/title>\n<meta name=\"description\" content=\"Acquisto di gruppi elettrogeni per i nostri clienti. Ricerchiamo turbine a vapore e a gas, impianti di cogenerazione, generatori di emergenza e centrali elettriche.\" \/>\n<meta name=\"robots\" content=\"index, follow, max-snippet:-1, max-image-preview:large, max-video-preview:-1\" \/>\n<link rel=\"canonical\" href=\"https:\/\/stromerzeuger-ankauf.de\/it\/\" \/>\n<meta property=\"og:locale\" content=\"it_IT\" \/>\n<meta property=\"og:type\" content=\"article\" \/>\n<meta property=\"og:title\" content=\"Acquisto di generatori elettrici\" \/>\n<meta property=\"og:description\" content=\"Acquisto di gruppi elettrogeni per i nostri clienti. Ricerchiamo turbine a vapore e a gas, impianti di cogenerazione, generatori di emergenza e centrali elettriche.\" \/>\n<meta property=\"og:url\" content=\"https:\/\/stromerzeuger-ankauf.de\/it\/\" \/>\n<meta property=\"og:site_name\" content=\"stromerzeugerankauf\" \/>\n<meta property=\"article:modified_time\" content=\"2023-10-17T12:44:32+00:00\" \/>\n<meta property=\"og:image\" content=\"https:\/\/stromerzeuger-ankauf.de\/wp-content\/uploads\/2023\/07\/Caterpillar-G3520-Gas-BHKW2.jpg\" \/>\n\t<meta property=\"og:image:width\" content=\"1440\" \/>\n\t<meta property=\"og:image:height\" content=\"1080\" \/>\n\t<meta property=\"og:image:type\" content=\"image\/jpeg\" \/>\n<meta name=\"twitter:card\" content=\"summary_large_image\" \/>\n<meta name=\"twitter:label1\" content=\"Tempo di lettura stimato\" \/>\n\t<meta name=\"twitter:data1\" content=\"1 minuto\" \/>\n<script type=\"application\/ld+json\" class=\"yoast-schema-graph\">{\"@context\":\"https:\\\/\\\/schema.org\",\"@graph\":[{\"@type\":\"WebPage\",\"@id\":\"https:\\\/\\\/stromerzeuger-ankauf.de\\\/it\\\/\",\"url\":\"https:\\\/\\\/stromerzeuger-ankauf.de\\\/it\\\/\",\"name\":\"Acquisto di generatori elettrici - stromerzeugerankauf\",\"isPartOf\":{\"@id\":\"https:\\\/\\\/stromerzeuger-ankauf.de\\\/it\\\/#website\"},\"primaryImageOfPage\":{\"@id\":\"https:\\\/\\\/stromerzeuger-ankauf.de\\\/it\\\/#primaryimage\"},\"image\":{\"@id\":\"https:\\\/\\\/stromerzeuger-ankauf.de\\\/it\\\/#primaryimage\"},\"thumbnailUrl\":\"https:\\\/\\\/stromerzeuger-ankauf.de\\\/wp-content\\\/uploads\\\/2023\\\/07\\\/Caterpillar-G3520-Gas-BHKW2.jpg\",\"datePublished\":\"2018-09-07T06:29:21+00:00\",\"dateModified\":\"2023-10-17T12:44:32+00:00\",\"description\":\"Acquisto di gruppi elettrogeni per i nostri clienti. Ricerchiamo turbine a vapore e a gas, impianti di cogenerazione, generatori di emergenza e centrali elettriche.\",\"breadcrumb\":{\"@id\":\"https:\\\/\\\/stromerzeuger-ankauf.de\\\/it\\\/#breadcrumb\"},\"inLanguage\":\"it-IT\",\"potentialAction\":[{\"@type\":\"ReadAction\",\"target\":[\"https:\\\/\\\/stromerzeuger-ankauf.de\\\/it\\\/\"]}]},{\"@type\":\"ImageObject\",\"inLanguage\":\"it-IT\",\"@id\":\"https:\\\/\\\/stromerzeuger-ankauf.de\\\/it\\\/#primaryimage\",\"url\":\"https:\\\/\\\/stromerzeuger-ankauf.de\\\/wp-content\\\/uploads\\\/2023\\\/07\\\/Caterpillar-G3520-Gas-BHKW2.jpg\",\"contentUrl\":\"https:\\\/\\\/stromerzeuger-ankauf.de\\\/wp-content\\\/uploads\\\/2023\\\/07\\\/Caterpillar-G3520-Gas-BHKW2.jpg\",\"width\":1440,\"height\":1080},{\"@type\":\"BreadcrumbList\",\"@id\":\"https:\\\/\\\/stromerzeuger-ankauf.de\\\/it\\\/#breadcrumb\",\"itemListElement\":[{\"@type\":\"ListItem\",\"position\":1,\"name\":\"Startseite\",\"item\":\"https:\\\/\\\/stromerzeuger-ankauf.de\\\/it\\\/\"},{\"@type\":\"ListItem\",\"position\":2,\"name\":\"Acquisto di generatori elettrici\"}]},{\"@type\":\"WebSite\",\"@id\":\"https:\\\/\\\/stromerzeuger-ankauf.de\\\/it\\\/#website\",\"url\":\"https:\\\/\\\/stromerzeuger-ankauf.de\\\/it\\\/\",\"name\":\"stromerzeugerankauf\",\"description\":\"Die zweite Chance f\u00fcr Ihr Kraftwerk\",\"publisher\":{\"@id\":\"https:\\\/\\\/stromerzeuger-ankauf.de\\\/it\\\/#organization\"},\"potentialAction\":[{\"@type\":\"SearchAction\",\"target\":{\"@type\":\"EntryPoint\",\"urlTemplate\":\"https:\\\/\\\/stromerzeuger-ankauf.de\\\/it\\\/?s={search_term_string}\"},\"query-input\":{\"@type\":\"PropertyValueSpecification\",\"valueRequired\":true,\"valueName\":\"search_term_string\"}}],\"inLanguage\":\"it-IT\"},{\"@type\":\"Organization\",\"@id\":\"https:\\\/\\\/stromerzeuger-ankauf.de\\\/it\\\/#organization\",\"name\":\"Kandlin Stromerzeuger\u2013Ankauf GmbH\",\"url\":\"https:\\\/\\\/stromerzeuger-ankauf.de\\\/it\\\/\",\"logo\":{\"@type\":\"ImageObject\",\"inLanguage\":\"it-IT\",\"@id\":\"https:\\\/\\\/stromerzeuger-ankauf.de\\\/it\\\/#\\\/schema\\\/logo\\\/image\\\/\",\"url\":\"https:\\\/\\\/stromerzeuger-ankauf.de\\\/wp-content\\\/uploads\\\/2023\\\/07\\\/KADLIN-FINISH.jpg\",\"contentUrl\":\"https:\\\/\\\/stromerzeuger-ankauf.de\\\/wp-content\\\/uploads\\\/2023\\\/07\\\/KADLIN-FINISH.jpg\",\"width\":1418,\"height\":1064,\"caption\":\"Kandlin Stromerzeuger\u2013Ankauf GmbH\"},\"image\":{\"@id\":\"https:\\\/\\\/stromerzeuger-ankauf.de\\\/it\\\/#\\\/schema\\\/logo\\\/image\\\/\"}}]}<\/script>\n<!-- \/ Yoast SEO Premium plugin. -->","yoast_head_json":{"title":"Acquisto di generatori elettrici - stromerzeugerankauf","description":"Acquisto di gruppi elettrogeni per i nostri clienti. Ricerchiamo turbine a vapore e a gas, impianti di cogenerazione, generatori di emergenza e centrali elettriche.","robots":{"index":"index","follow":"follow","max-snippet":"max-snippet:-1","max-image-preview":"max-image-preview:large","max-video-preview":"max-video-preview:-1"},"canonical":"https:\/\/stromerzeuger-ankauf.de\/it\/","og_locale":"it_IT","og_type":"article","og_title":"Acquisto di generatori elettrici","og_description":"Acquisto di gruppi elettrogeni per i nostri clienti. Ricerchiamo turbine a vapore e a gas, impianti di cogenerazione, generatori di emergenza e centrali elettriche.","og_url":"https:\/\/stromerzeuger-ankauf.de\/it\/","og_site_name":"stromerzeugerankauf","article_modified_time":"2023-10-17T12:44:32+00:00","og_image":[{"width":1440,"height":1080,"url":"https:\/\/stromerzeuger-ankauf.de\/wp-content\/uploads\/2023\/07\/Caterpillar-G3520-Gas-BHKW2.jpg","type":"image\/jpeg"}],"twitter_card":"summary_large_image","twitter_misc":{"Tempo di lettura stimato":"1 minuto"},"schema":{"@context":"https:\/\/schema.org","@graph":[{"@type":"WebPage","@id":"https:\/\/stromerzeuger-ankauf.de\/it\/","url":"https:\/\/stromerzeuger-ankauf.de\/it\/","name":"Acquisto di generatori elettrici - stromerzeugerankauf","isPartOf":{"@id":"https:\/\/stromerzeuger-ankauf.de\/it\/#website"},"primaryImageOfPage":{"@id":"https:\/\/stromerzeuger-ankauf.de\/it\/#primaryimage"},"image":{"@id":"https:\/\/stromerzeuger-ankauf.de\/it\/#primaryimage"},"thumbnailUrl":"https:\/\/stromerzeuger-ankauf.de\/wp-content\/uploads\/2023\/07\/Caterpillar-G3520-Gas-BHKW2.jpg","datePublished":"2018-09-07T06:29:21+00:00","dateModified":"2023-10-17T12:44:32+00:00","description":"Acquisto di gruppi elettrogeni per i nostri clienti. Ricerchiamo turbine a vapore e a gas, impianti di cogenerazione, generatori di emergenza e centrali elettriche.","breadcrumb":{"@id":"https:\/\/stromerzeuger-ankauf.de\/it\/#breadcrumb"},"inLanguage":"it-IT","potentialAction":[{"@type":"ReadAction","target":["https:\/\/stromerzeuger-ankauf.de\/it\/"]}]},{"@type":"ImageObject","inLanguage":"it-IT","@id":"https:\/\/stromerzeuger-ankauf.de\/it\/#primaryimage","url":"https:\/\/stromerzeuger-ankauf.de\/wp-content\/uploads\/2023\/07\/Caterpillar-G3520-Gas-BHKW2.jpg","contentUrl":"https:\/\/stromerzeuger-ankauf.de\/wp-content\/uploads\/2023\/07\/Caterpillar-G3520-Gas-BHKW2.jpg","width":1440,"height":1080},{"@type":"BreadcrumbList","@id":"https:\/\/stromerzeuger-ankauf.de\/it\/#breadcrumb","itemListElement":[{"@type":"ListItem","position":1,"name":"Startseite","item":"https:\/\/stromerzeuger-ankauf.de\/it\/"},{"@type":"ListItem","position":2,"name":"Acquisto di generatori elettrici"}]},{"@type":"WebSite","@id":"https:\/\/stromerzeuger-ankauf.de\/it\/#website","url":"https:\/\/stromerzeuger-ankauf.de\/it\/","name":"stromerzeugerankauf","description":"Die zweite Chance f\u00fcr Ihr Kraftwerk","publisher":{"@id":"https:\/\/stromerzeuger-ankauf.de\/it\/#organization"},"potentialAction":[{"@type":"SearchAction","target":{"@type":"EntryPoint","urlTemplate":"https:\/\/stromerzeuger-ankauf.de\/it\/?s={search_term_string}"},"query-input":{"@type":"PropertyValueSpecification","valueRequired":true,"valueName":"search_term_string"}}],"inLanguage":"it-IT"},{"@type":"Organization","@id":"https:\/\/stromerzeuger-ankauf.de\/it\/#organization","name":"Kandlin Stromerzeuger\u2013Ankauf GmbH","url":"https:\/\/stromerzeuger-ankauf.de\/it\/","logo":{"@type":"ImageObject","inLanguage":"it-IT","@id":"https:\/\/stromerzeuger-ankauf.de\/it\/#\/schema\/logo\/image\/","url":"https:\/\/stromerzeuger-ankauf.de\/wp-content\/uploads\/2023\/07\/KADLIN-FINISH.jpg","contentUrl":"https:\/\/stromerzeuger-ankauf.de\/wp-content\/uploads\/2023\/07\/KADLIN-FINISH.jpg","width":1418,"height":1064,"caption":"Kandlin Stromerzeuger\u2013Ankauf GmbH"},"image":{"@id":"https:\/\/stromerzeuger-ankauf.de\/it\/#\/schema\/logo\/image\/"}}]}},"_links":{"self":[{"href":"https:\/\/stromerzeuger-ankauf.de\/it\/wp-json\/wp\/v2\/pages\/2120","targetHints":{"allow":["GET"]}}],"collection":[{"href":"https:\/\/stromerzeuger-ankauf.de\/it\/wp-json\/wp\/v2\/pages"}],"about":[{"href":"https:\/\/stromerzeuger-ankauf.de\/it\/wp-json\/wp\/v2\/types\/page"}],"author":[{"embeddable":true,"href":"https:\/\/stromerzeuger-ankauf.de\/it\/wp-json\/wp\/v2\/users\/1"}],"replies":[{"embeddable":true,"href":"https:\/\/stromerzeuger-ankauf.de\/it\/wp-json\/wp\/v2\/comments?post=2120"}],"version-history":[{"count":0,"href":"https:\/\/stromerzeuger-ankauf.de\/it\/wp-json\/wp\/v2\/pages\/2120\/revisions"}],"wp:featuredmedia":[{"embeddable":true,"href":"https:\/\/stromerzeuger-ankauf.de\/it\/wp-json\/wp\/v2\/media\/2123"}],"wp:attachment":[{"href":"https:\/\/stromerzeuger-ankauf.de\/it\/wp-json\/wp\/v2\/media?parent=2120"}],"curies":[{"name":"wp","href":"https:\/\/api.w.org\/{rel}","templated":true}]}}