{"id":2153,"date":"2018-08-17T06:50:53","date_gmt":"2018-08-17T05:50:53","guid":{"rendered":"https:\/\/stromerzeuger-ankauf.de\/impressum\/"},"modified":"2023-10-17T12:23:54","modified_gmt":"2023-10-17T11:23:54","slug":"impronta","status":"publish","type":"page","link":"https:\/\/stromerzeuger-ankauf.de\/it\/impronta\/","title":{"rendered":"Impronta"},"content":{"rendered":"\n<h4 class=\"wp-block-heading\">Secondo \u00a7 5 TMG<\/h4>\n\n<p>Kandlin Stromzeuger-Ankauf GmbH<br\/>Kurtener Stra\u00dfe 13<br\/>51465 Bergisch-Gladbach<\/p>\n\n<p><strong>Rappresentata da:<\/strong><br\/>L&#8217;amministratore delegato Andr\u00e9 Kandlin<\/p>\n\n<p><strong>Contatto:<\/strong><br\/>Telefono: 02202-2492258<br\/>E-mail: info@stromerzeuger-ankauf.de<\/p>\n\n<p><strong>Iscrizione al registro:<\/strong><br\/>Iscrizione nel registro delle imprese.<br\/>Numero di registrazione: 82311<\/p>\n\n<p><strong>Codice fiscale:<\/strong><br\/>Numero di identificazione IVA ai sensi dell&#8217;articolo 27a della legge sull&#8217;imposta sulle vendite: DE296362005<\/p>\n\n<p><strong>Autorit\u00e0 di vigilanza:<\/strong><br\/>Tribunale di registrazione: tribunale distrettuale di Colonia<\/p>\n\n<h4 class=\"wp-block-heading\">Disclaimer:<\/h4>\n\n<p><strong>Responsabilit\u00e0 per i contenuti<\/strong><br\/><br\/>I contenuti delle nostre pagine sono stati creati con grande cura. Tuttavia, non possiamo garantire che il contenuto sia corretto, completo o aggiornato. Come fornitore di servizi rispettiamo il \u00a7 7 par. 1 TMG \u00e8 responsabile del proprio contenuto su queste pagine in conformit\u00e0 con le leggi generali. Tuttavia, ai sensi degli artt. da 8 a 10 TMG, in qualit\u00e0 di fornitore di servizi non siamo obbligati a monitorare le informazioni di terzi trasmesse o memorizzate o a indagare su circostanze che indicano attivit\u00e0 illegali. Restano impregiudicati gli obblighi di rimozione o di blocco dell&#8217;utilizzo delle informazioni previsti dalle leggi generali. Tuttavia, una responsabilit\u00e0 in questo senso \u00e8 possibile solo a partire dal momento in cui si viene a conoscenza di una concreta violazione della legge. Se venissimo a conoscenza di eventuali violazioni legali corrispondenti, rimuoveremo immediatamente questo contenuto.<br\/><br\/><strong>Responsabilit\u00e0 per i collegamenti<\/strong><br\/><br\/>La nostra offerta contiene collegamenti a siti web esterni di terzi sui cui contenuti non abbiamo alcuna influenza. Pertanto non possiamo assumerci alcuna responsabilit\u00e0 per questi contenuti esterni. Per il contenuto delle pagine collegate \u00e8 sempre responsabile il rispettivo fornitore o gestore delle pagine. Al momento del collegamento le pagine collegate sono state controllate per eventuali violazioni legali. Il contenuto illegale non era evidente al momento del collegamento. Tuttavia, un controllo permanente del contenuto delle pagine collegate non \u00e8 ragionevole senza prove concrete di una violazione della legge. Se venissimo a conoscenza di eventuali violazioni legali, rimuoveremo immediatamente tali collegamenti.<\/p>\n\n<h4 class=\"wp-block-heading\">diritto d&#8217;autore<\/h4>\n\n<p>I contenuti e le opere create dai gestori del sito su queste pagine sono soggetti al diritto d&#8217;autore tedesco. La riproduzione, l&#8217;elaborazione, la distribuzione e qualsiasi tipo di sfruttamento al di fuori dei limiti della legge sul diritto d&#8217;autore richiedono il consenso scritto del rispettivo autore o creatore. Download e copie di questa pagina sono consentiti solo per uso privato e non commerciale. Se il contenuto di questo sito non \u00e8 stato creato dal gestore, vengono rispettati i diritti d&#8217;autore di terzi. In particolare i contenuti di terzi sono contrassegnati come tali. Se tuttavia doveste venire a conoscenza di una violazione del diritto d&#8217;autore, vi preghiamo di informarci di conseguenza. Se venissimo a conoscenza di eventuali violazioni legali, rimuoveremo immediatamente tali contenuti.<\/p>\n","protected":false},"excerpt":{"rendered":"<p>Secondo \u00a7 5 TMG Kandlin Stromzeuger-Ankauf GmbHKurtener Stra\u00dfe 1351465 Bergisch-Gladbach Rappresentata da:L&#8217;amministratore delegato Andr\u00e9 Kandlin Contatto:Telefono: 02202-2492258E-mail: info@stromerzeuger-ankauf.de Iscrizione al registro:Iscrizione nel registro delle imprese.Numero di registrazione: 82311 Codice fiscale:Numero di identificazione IVA ai sensi dell&#8217;articolo 27a della legge sull&#8217;imposta sulle vendite: DE296362005 Autorit\u00e0 di vigilanza:Tribunale di registrazione: tribunale distrettuale di Colonia Disclaimer: Responsabilit\u00e0 per [&hellip;]<\/p>\n","protected":false},"author":1,"featured_media":2155,"parent":0,"menu_order":69,"comment_status":"closed","ping_status":"closed","template":"","meta":{"footnotes":""},"class_list":["post-2153","page","type-page","status-publish","has-post-thumbnail","hentry"],"yoast_head":"<!-- This site is optimized with the Yoast SEO Premium plugin v27.2 (Yoast SEO v27.5) - https:\/\/yoast.com\/product\/yoast-seo-premium-wordpress\/ -->\n<title>Impronta - stromerzeugerankauf<\/title>\n<meta name=\"description\" content=\"Informazioni ai sensi del \u00a7 5 TMG, contatto, IVA, risoluzione delle controversie, responsabilit\u00e0, dichiarazione sui diritti d&#039;autore e sulla protezione dei dati.\" \/>\n<meta name=\"robots\" content=\"index, follow, max-snippet:-1, max-image-preview:large, max-video-preview:-1\" \/>\n<link rel=\"canonical\" href=\"https:\/\/stromerzeuger-ankauf.de\/it\/impronta\/\" \/>\n<meta property=\"og:locale\" content=\"it_IT\" \/>\n<meta property=\"og:type\" content=\"article\" \/>\n<meta property=\"og:title\" content=\"Impronta\" \/>\n<meta property=\"og:description\" content=\"Informazioni ai sensi del \u00a7 5 TMG, contatto, IVA, risoluzione delle controversie, responsabilit\u00e0, dichiarazione sui diritti d&#039;autore e sulla protezione dei dati.\" \/>\n<meta property=\"og:url\" content=\"https:\/\/stromerzeuger-ankauf.de\/it\/impronta\/\" \/>\n<meta property=\"og:site_name\" content=\"stromerzeugerankauf\" \/>\n<meta property=\"article:modified_time\" content=\"2023-10-17T11:23:54+00:00\" \/>\n<meta property=\"og:image\" content=\"https:\/\/stromerzeuger-ankauf.de\/wp-content\/uploads\/2023\/07\/Solar-Gasturbine-Saturn-1034.jpg\" \/>\n\t<meta property=\"og:image:width\" content=\"1440\" \/>\n\t<meta property=\"og:image:height\" content=\"1080\" \/>\n\t<meta property=\"og:image:type\" content=\"image\/jpeg\" \/>\n<meta name=\"twitter:card\" content=\"summary_large_image\" \/>\n<meta name=\"twitter:label1\" content=\"Tempo di lettura stimato\" \/>\n\t<meta name=\"twitter:data1\" content=\"2 minuti\" \/>\n<script type=\"application\/ld+json\" class=\"yoast-schema-graph\">{\"@context\":\"https:\\\/\\\/schema.org\",\"@graph\":[{\"@type\":[\"WebPage\",\"AboutPage\"],\"@id\":\"https:\\\/\\\/stromerzeuger-ankauf.de\\\/it\\\/impronta\\\/\",\"url\":\"https:\\\/\\\/stromerzeuger-ankauf.de\\\/it\\\/impronta\\\/\",\"name\":\"Impronta - stromerzeugerankauf\",\"isPartOf\":{\"@id\":\"https:\\\/\\\/stromerzeuger-ankauf.de\\\/it\\\/#website\"},\"primaryImageOfPage\":{\"@id\":\"https:\\\/\\\/stromerzeuger-ankauf.de\\\/it\\\/impronta\\\/#primaryimage\"},\"image\":{\"@id\":\"https:\\\/\\\/stromerzeuger-ankauf.de\\\/it\\\/impronta\\\/#primaryimage\"},\"thumbnailUrl\":\"https:\\\/\\\/stromerzeuger-ankauf.de\\\/wp-content\\\/uploads\\\/2023\\\/07\\\/Solar-Gasturbine-Saturn-1034.jpg\",\"datePublished\":\"2018-08-17T05:50:53+00:00\",\"dateModified\":\"2023-10-17T11:23:54+00:00\",\"description\":\"Informazioni ai sensi del \u00a7 5 TMG, contatto, IVA, risoluzione delle controversie, responsabilit\u00e0, dichiarazione sui diritti d'autore e sulla protezione dei dati.\",\"breadcrumb\":{\"@id\":\"https:\\\/\\\/stromerzeuger-ankauf.de\\\/it\\\/impronta\\\/#breadcrumb\"},\"inLanguage\":\"it-IT\",\"potentialAction\":[{\"@type\":\"ReadAction\",\"target\":[\"https:\\\/\\\/stromerzeuger-ankauf.de\\\/it\\\/impronta\\\/\"]}]},{\"@type\":\"ImageObject\",\"inLanguage\":\"it-IT\",\"@id\":\"https:\\\/\\\/stromerzeuger-ankauf.de\\\/it\\\/impronta\\\/#primaryimage\",\"url\":\"https:\\\/\\\/stromerzeuger-ankauf.de\\\/wp-content\\\/uploads\\\/2023\\\/07\\\/Solar-Gasturbine-Saturn-1034.jpg\",\"contentUrl\":\"https:\\\/\\\/stromerzeuger-ankauf.de\\\/wp-content\\\/uploads\\\/2023\\\/07\\\/Solar-Gasturbine-Saturn-1034.jpg\",\"width\":1440,\"height\":1080},{\"@type\":\"BreadcrumbList\",\"@id\":\"https:\\\/\\\/stromerzeuger-ankauf.de\\\/it\\\/impronta\\\/#breadcrumb\",\"itemListElement\":[{\"@type\":\"ListItem\",\"position\":1,\"name\":\"Startseite\",\"item\":\"https:\\\/\\\/stromerzeuger-ankauf.de\\\/it\\\/\"},{\"@type\":\"ListItem\",\"position\":2,\"name\":\"Impronta\"}]},{\"@type\":\"WebSite\",\"@id\":\"https:\\\/\\\/stromerzeuger-ankauf.de\\\/it\\\/#website\",\"url\":\"https:\\\/\\\/stromerzeuger-ankauf.de\\\/it\\\/\",\"name\":\"stromerzeugerankauf\",\"description\":\"Die zweite Chance f\u00fcr Ihr Kraftwerk\",\"publisher\":{\"@id\":\"https:\\\/\\\/stromerzeuger-ankauf.de\\\/it\\\/#organization\"},\"potentialAction\":[{\"@type\":\"SearchAction\",\"target\":{\"@type\":\"EntryPoint\",\"urlTemplate\":\"https:\\\/\\\/stromerzeuger-ankauf.de\\\/it\\\/?s={search_term_string}\"},\"query-input\":{\"@type\":\"PropertyValueSpecification\",\"valueRequired\":true,\"valueName\":\"search_term_string\"}}],\"inLanguage\":\"it-IT\"},{\"@type\":\"Organization\",\"@id\":\"https:\\\/\\\/stromerzeuger-ankauf.de\\\/it\\\/#organization\",\"name\":\"Kandlin Stromerzeuger\u2013Ankauf GmbH\",\"url\":\"https:\\\/\\\/stromerzeuger-ankauf.de\\\/it\\\/\",\"logo\":{\"@type\":\"ImageObject\",\"inLanguage\":\"it-IT\",\"@id\":\"https:\\\/\\\/stromerzeuger-ankauf.de\\\/it\\\/#\\\/schema\\\/logo\\\/image\\\/\",\"url\":\"https:\\\/\\\/stromerzeuger-ankauf.de\\\/wp-content\\\/uploads\\\/2023\\\/07\\\/KADLIN-FINISH.jpg\",\"contentUrl\":\"https:\\\/\\\/stromerzeuger-ankauf.de\\\/wp-content\\\/uploads\\\/2023\\\/07\\\/KADLIN-FINISH.jpg\",\"width\":1418,\"height\":1064,\"caption\":\"Kandlin Stromerzeuger\u2013Ankauf GmbH\"},\"image\":{\"@id\":\"https:\\\/\\\/stromerzeuger-ankauf.de\\\/it\\\/#\\\/schema\\\/logo\\\/image\\\/\"}}]}<\/script>\n<!-- \/ Yoast SEO Premium plugin. -->","yoast_head_json":{"title":"Impronta - stromerzeugerankauf","description":"Informazioni ai sensi del \u00a7 5 TMG, contatto, IVA, risoluzione delle controversie, responsabilit\u00e0, dichiarazione sui diritti d'autore e sulla protezione dei dati.","robots":{"index":"index","follow":"follow","max-snippet":"max-snippet:-1","max-image-preview":"max-image-preview:large","max-video-preview":"max-video-preview:-1"},"canonical":"https:\/\/stromerzeuger-ankauf.de\/it\/impronta\/","og_locale":"it_IT","og_type":"article","og_title":"Impronta","og_description":"Informazioni ai sensi del \u00a7 5 TMG, contatto, IVA, risoluzione delle controversie, responsabilit\u00e0, dichiarazione sui diritti d'autore e sulla protezione dei dati.","og_url":"https:\/\/stromerzeuger-ankauf.de\/it\/impronta\/","og_site_name":"stromerzeugerankauf","article_modified_time":"2023-10-17T11:23:54+00:00","og_image":[{"width":1440,"height":1080,"url":"https:\/\/stromerzeuger-ankauf.de\/wp-content\/uploads\/2023\/07\/Solar-Gasturbine-Saturn-1034.jpg","type":"image\/jpeg"}],"twitter_card":"summary_large_image","twitter_misc":{"Tempo di lettura stimato":"2 minuti"},"schema":{"@context":"https:\/\/schema.org","@graph":[{"@type":["WebPage","AboutPage"],"@id":"https:\/\/stromerzeuger-ankauf.de\/it\/impronta\/","url":"https:\/\/stromerzeuger-ankauf.de\/it\/impronta\/","name":"Impronta - stromerzeugerankauf","isPartOf":{"@id":"https:\/\/stromerzeuger-ankauf.de\/it\/#website"},"primaryImageOfPage":{"@id":"https:\/\/stromerzeuger-ankauf.de\/it\/impronta\/#primaryimage"},"image":{"@id":"https:\/\/stromerzeuger-ankauf.de\/it\/impronta\/#primaryimage"},"thumbnailUrl":"https:\/\/stromerzeuger-ankauf.de\/wp-content\/uploads\/2023\/07\/Solar-Gasturbine-Saturn-1034.jpg","datePublished":"2018-08-17T05:50:53+00:00","dateModified":"2023-10-17T11:23:54+00:00","description":"Informazioni ai sensi del \u00a7 5 TMG, contatto, IVA, risoluzione delle controversie, responsabilit\u00e0, dichiarazione sui diritti d'autore e sulla protezione dei dati.","breadcrumb":{"@id":"https:\/\/stromerzeuger-ankauf.de\/it\/impronta\/#breadcrumb"},"inLanguage":"it-IT","potentialAction":[{"@type":"ReadAction","target":["https:\/\/stromerzeuger-ankauf.de\/it\/impronta\/"]}]},{"@type":"ImageObject","inLanguage":"it-IT","@id":"https:\/\/stromerzeuger-ankauf.de\/it\/impronta\/#primaryimage","url":"https:\/\/stromerzeuger-ankauf.de\/wp-content\/uploads\/2023\/07\/Solar-Gasturbine-Saturn-1034.jpg","contentUrl":"https:\/\/stromerzeuger-ankauf.de\/wp-content\/uploads\/2023\/07\/Solar-Gasturbine-Saturn-1034.jpg","width":1440,"height":1080},{"@type":"BreadcrumbList","@id":"https:\/\/stromerzeuger-ankauf.de\/it\/impronta\/#breadcrumb","itemListElement":[{"@type":"ListItem","position":1,"name":"Startseite","item":"https:\/\/stromerzeuger-ankauf.de\/it\/"},{"@type":"ListItem","position":2,"name":"Impronta"}]},{"@type":"WebSite","@id":"https:\/\/stromerzeuger-ankauf.de\/it\/#website","url":"https:\/\/stromerzeuger-ankauf.de\/it\/","name":"stromerzeugerankauf","description":"Die zweite Chance f\u00fcr Ihr Kraftwerk","publisher":{"@id":"https:\/\/stromerzeuger-ankauf.de\/it\/#organization"},"potentialAction":[{"@type":"SearchAction","target":{"@type":"EntryPoint","urlTemplate":"https:\/\/stromerzeuger-ankauf.de\/it\/?s={search_term_string}"},"query-input":{"@type":"PropertyValueSpecification","valueRequired":true,"valueName":"search_term_string"}}],"inLanguage":"it-IT"},{"@type":"Organization","@id":"https:\/\/stromerzeuger-ankauf.de\/it\/#organization","name":"Kandlin Stromerzeuger\u2013Ankauf GmbH","url":"https:\/\/stromerzeuger-ankauf.de\/it\/","logo":{"@type":"ImageObject","inLanguage":"it-IT","@id":"https:\/\/stromerzeuger-ankauf.de\/it\/#\/schema\/logo\/image\/","url":"https:\/\/stromerzeuger-ankauf.de\/wp-content\/uploads\/2023\/07\/KADLIN-FINISH.jpg","contentUrl":"https:\/\/stromerzeuger-ankauf.de\/wp-content\/uploads\/2023\/07\/KADLIN-FINISH.jpg","width":1418,"height":1064,"caption":"Kandlin Stromerzeuger\u2013Ankauf GmbH"},"image":{"@id":"https:\/\/stromerzeuger-ankauf.de\/it\/#\/schema\/logo\/image\/"}}]}},"_links":{"self":[{"href":"https:\/\/stromerzeuger-ankauf.de\/it\/wp-json\/wp\/v2\/pages\/2153","targetHints":{"allow":["GET"]}}],"collection":[{"href":"https:\/\/stromerzeuger-ankauf.de\/it\/wp-json\/wp\/v2\/pages"}],"about":[{"href":"https:\/\/stromerzeuger-ankauf.de\/it\/wp-json\/wp\/v2\/types\/page"}],"author":[{"embeddable":true,"href":"https:\/\/stromerzeuger-ankauf.de\/it\/wp-json\/wp\/v2\/users\/1"}],"replies":[{"embeddable":true,"href":"https:\/\/stromerzeuger-ankauf.de\/it\/wp-json\/wp\/v2\/comments?post=2153"}],"version-history":[{"count":0,"href":"https:\/\/stromerzeuger-ankauf.de\/it\/wp-json\/wp\/v2\/pages\/2153\/revisions"}],"wp:featuredmedia":[{"embeddable":true,"href":"https:\/\/stromerzeuger-ankauf.de\/it\/wp-json\/wp\/v2\/media\/2155"}],"wp:attachment":[{"href":"https:\/\/stromerzeuger-ankauf.de\/it\/wp-json\/wp\/v2\/media?parent=2153"}],"curies":[{"name":"wp","href":"https:\/\/api.w.org\/{rel}","templated":true}]}}